{"id":56158,"date":"2025-10-06T10:55:30","date_gmt":"2025-10-06T08:55:30","guid":{"rendered":"https:\/\/sundar.be\/product\/suda-care-everyday-creme-pour-les-cuticules-30ml\/"},"modified":"2025-11-30T17:01:53","modified_gmt":"2025-11-30T16:01:53","slug":"suda-care-everyday-creme-pour-les-cuticules-30ml","status":"publish","type":"product","link":"https:\/\/sundar.be\/fr\/produit\/suda-care-everyday-creme-pour-les-cuticules-30ml\/","title":{"rendered":"S\u00fcda Care Everyday Cr\u00e8me pour les Cuticules 30ml"},"content":{"rendered":"<p>La <span style=\"color: #557e96;\"><strong data-start=\"212\" data-end=\"249\">S\u00fcda Care Everyday Cr\u00e8me pour les Cuticules<\/strong><\/span> est un soin nourrissant et r\u00e9parateur intensif sp\u00e9cialement con\u00e7u pour assouplir, hydrater et prot\u00e9ger les cuticules ainsi que la peau autour des ongles. Sa formule riche, \u00e0 base d\u2019ur\u00e9e, d\u2019extrait de camomille, d\u2019extrait de calendula et d\u2019allanto\u00efne, hydrate en profondeur, adoucit les cuticules s\u00e8ches ou fissur\u00e9es et favorise la r\u00e9g\u00e9n\u00e9ration naturelle de la peau. L\u2019huile de soja et la vitamine E nourrissent et renforcent la zone de l\u2019ongle, tandis que l\u2019acide salicylique aide \u00e0 \u00e9liminer les petites rugosit\u00e9s pour un contour d\u2019ongle lisse et soign\u00e9. La texture l\u00e9g\u00e8re p\u00e9n\u00e8tre rapidement et laisse un film protecteur non gras.   <\/p>\n","protected":false},"excerpt":{"rendered":"<p data-start=\"908\" data-end=\"1184\">La Cr\u00e8me pour les Cuticules S\u00fcda Care Everyday r\u00e9pare, hydrate et adoucit les cuticules s\u00e8ches et sensibles. L\u2019association de l\u2019ur\u00e9e, de la camomille et du calendula apaise et favorise la r\u00e9g\u00e9n\u00e9ration de la peau. Id\u00e9ale pour une utilisation quotidienne afin de garder des contours d\u2019ongles doux, souples et sains.  <\/p>\n","protected":false},"featured_media":56157,"comment_status":"open","ping_status":"closed","template":"","meta":{"_acf_changed":false},"product_brand":[],"product_cat":[5079,4972,4761,5077,5075,6134,5058],"product_tag":[],"class_list":{"0":"post-56158","1":"product","2":"type-product","3":"status-publish","4":"has-post-thumbnail","6":"product_cat-creme-ongles","7":"product_cat-nos-marques","8":"product_cat-pose-ongles","9":"product_cat-manucure-soin-des-ongles","10":"product_cat-nos-marques-suda-care-fr","11":"product_cat-suda-care-everyday","12":"product_cat-webshop-fr","14":"first","15":"instock","16":"taxable","17":"shipping-taxable","18":"product-type-simple"},"acf":[],"_links":{"self":[{"href":"https:\/\/sundar.be\/fr\/wp-json\/wp\/v2\/product\/56158","targetHints":{"allow":["GET"]}}],"collection":[{"href":"https:\/\/sundar.be\/fr\/wp-json\/wp\/v2\/product"}],"about":[{"href":"https:\/\/sundar.be\/fr\/wp-json\/wp\/v2\/types\/product"}],"replies":[{"embeddable":true,"href":"https:\/\/sundar.be\/fr\/wp-json\/wp\/v2\/comments?post=56158"}],"wp:featuredmedia":[{"embeddable":true,"href":"https:\/\/sundar.be\/fr\/wp-json\/wp\/v2\/media\/56157"}],"wp:attachment":[{"href":"https:\/\/sundar.be\/fr\/wp-json\/wp\/v2\/media?parent=56158"}],"wp:term":[{"taxonomy":"product_brand","embeddable":true,"href":"https:\/\/sundar.be\/fr\/wp-json\/wp\/v2\/product_brand?post=56158"},{"taxonomy":"product_cat","embeddable":true,"href":"https:\/\/sundar.be\/fr\/wp-json\/wp\/v2\/product_cat?post=56158"},{"taxonomy":"product_tag","embeddable":true,"href":"https:\/\/sundar.be\/fr\/wp-json\/wp\/v2\/product_tag?post=56158"}],"curies":[{"name":"wp","href":"https:\/\/api.w.org\/{rel}","templated":true}]}}