{"id":56146,"date":"2025-10-06T10:24:33","date_gmt":"2025-10-06T08:24:33","guid":{"rendered":"https:\/\/sundar.be\/product\/suda-care-everyday-baume-pour-les-mains\/"},"modified":"2025-11-30T17:04:14","modified_gmt":"2025-11-30T16:04:14","slug":"suda-care-everyday-baume-pour-les-mains","status":"publish","type":"product","link":"https:\/\/sundar.be\/fr\/produit\/suda-care-everyday-baume-pour-les-mains\/","title":{"rendered":"S\u00fcda Care Everyday Baume pour les Mains"},"content":{"rendered":"<p>Le <span style=\"color: #557e96;\"><strong data-start=\"203\" data-end=\"236\">S\u00fcda Care Everyday Baume pour les Mains<\/strong><\/span> est un soin nourrissant et r\u00e9parateur intensif, sp\u00e9cialement con\u00e7u pour hydrater, adoucir et prot\u00e9ger les mains s\u00e8ches, rugueuses ou sollicit\u00e9es. Sa formule, enrichie en beurre de karit\u00e9, extrait de camomille, allanto\u00efne et vitamine E, apaise, r\u00e9g\u00e9n\u00e8re et hydrate durablement la peau. Sa texture l\u00e9g\u00e8re p\u00e9n\u00e8tre rapidement sans laisser de film gras, tout en formant une barri\u00e8re protectrice contre la d\u00e9shydratation et les agressions ext\u00e9rieures. Parfait pour un usage quotidien, notamment pour les mains souvent expos\u00e9es \u00e0 l\u2019eau, au froid ou aux d\u00e9sinfectants.   <\/p>\n","protected":false},"excerpt":{"rendered":"<p data-start=\"860\" data-end=\"1104\">Le Baume pour les Mains S\u00fcda Care Everyday hydrate, prot\u00e8ge et r\u00e9pare les mains s\u00e8ches et sensibles. L\u2019association du beurre de karit\u00e9, de la camomille et de l\u2019allanto\u00efne apaise et assouplit la peau. Il p\u00e9n\u00e8tre rapidement et offre une protection durable contre le dess\u00e8chement.  <\/p>\n","protected":false},"featured_media":56145,"comment_status":"open","ping_status":"closed","template":"","meta":{"_acf_changed":false},"product_brand":[],"product_cat":[4969,4972,4761,2772,5075,6134,5058],"product_tag":[],"class_list":{"0":"post-56146","1":"product","2":"type-product","3":"status-publish","4":"has-post-thumbnail","6":"product_cat-cremes-lotions-mains","7":"product_cat-nos-marques","8":"product_cat-pose-ongles","9":"product_cat-manucure-soin-mains","10":"product_cat-nos-marques-suda-care-fr","11":"product_cat-suda-care-everyday","12":"product_cat-webshop-fr","13":"pa_inhoud-200-ml-fr","14":"pa_inhoud-75-ml-fr","16":"first","17":"instock","18":"taxable","19":"shipping-taxable","20":"product-type-variable"},"acf":[],"_links":{"self":[{"href":"https:\/\/sundar.be\/fr\/wp-json\/wp\/v2\/product\/56146","targetHints":{"allow":["GET"]}}],"collection":[{"href":"https:\/\/sundar.be\/fr\/wp-json\/wp\/v2\/product"}],"about":[{"href":"https:\/\/sundar.be\/fr\/wp-json\/wp\/v2\/types\/product"}],"replies":[{"embeddable":true,"href":"https:\/\/sundar.be\/fr\/wp-json\/wp\/v2\/comments?post=56146"}],"wp:featuredmedia":[{"embeddable":true,"href":"https:\/\/sundar.be\/fr\/wp-json\/wp\/v2\/media\/56145"}],"wp:attachment":[{"href":"https:\/\/sundar.be\/fr\/wp-json\/wp\/v2\/media?parent=56146"}],"wp:term":[{"taxonomy":"product_brand","embeddable":true,"href":"https:\/\/sundar.be\/fr\/wp-json\/wp\/v2\/product_brand?post=56146"},{"taxonomy":"product_cat","embeddable":true,"href":"https:\/\/sundar.be\/fr\/wp-json\/wp\/v2\/product_cat?post=56146"},{"taxonomy":"product_tag","embeddable":true,"href":"https:\/\/sundar.be\/fr\/wp-json\/wp\/v2\/product_tag?post=56146"}],"curies":[{"name":"wp","href":"https:\/\/api.w.org\/{rel}","templated":true}]}}