{"id":56138,"date":"2025-10-06T10:18:15","date_gmt":"2025-10-06T08:18:15","guid":{"rendered":"https:\/\/sundar.be\/product\/suda-care-everyday-eisgel\/"},"modified":"2025-11-30T17:05:39","modified_gmt":"2025-11-30T16:05:39","slug":"suda-care-everyday-eisgel","status":"publish","type":"product","link":"https:\/\/sundar.be\/fr\/produit\/suda-care-everyday-eisgel\/","title":{"rendered":"S\u00fcda Care Everyday Eisgel"},"content":{"rendered":"<p>Le <span style=\"color: #557e96;\"><strong data-start=\"196\" data-end=\"225\">S\u00fcda Care Everyday Eisgel<\/strong><\/span> est un gel rafra\u00eechissant et tonifiant qui procure un soulagement imm\u00e9diat aux pieds et jambes fatigu\u00e9s, lourds ou surchauff\u00e9s. La combinaison de menthol, d\u2019extrait de camomille et de vitamine E procure un effet apaisant, hydratant et vivifiant, tandis que la glyc\u00e9rine maintient la peau souple et bien hydrat\u00e9e. La texture l\u00e9g\u00e8re et non grasse p\u00e9n\u00e8tre rapidement et laisse une agr\u00e9able sensation de fra\u00eecheur, sans effet collant. Id\u00e9al apr\u00e8s une longue journ\u00e9e debout, par temps chaud ou apr\u00e8s une activit\u00e9 sportive, pour d\u00e9tendre et revitaliser la peau.<\/p>\n","protected":false},"excerpt":{"rendered":"<p>Le S\u00fcda Care Everyday Eisgel rafra\u00eechit, apaise et d\u00e9tend les pieds et les jambes fatigu\u00e9s. Le menthol et l\u2019extrait de camomille procurent une sensation imm\u00e9diate de fra\u00eecheur tout en hydratant la peau. Parfait pour un usage quotidien en cas de fatigue, de chaleur ou de lourdeur.  <\/p>\n","protected":false},"featured_media":56137,"comment_status":"open","ping_status":"closed","template":"","meta":{"_acf_changed":false},"product_brand":[],"product_cat":[5053,5004,5257,4972,4755,4999,4996,5075,6134,5058],"product_tag":[],"class_list":{"0":"post-56138","1":"product","2":"type-product","3":"status-publish","4":"has-post-thumbnail","6":"product_cat-cremes-rafraichissantes","7":"product_cat-ideal-pour-les-sportifs","8":"product_cat-jambes-pieds-fatigues","9":"product_cat-nos-marques","10":"product_cat-pedicure","11":"product_cat-soins-specifique-pieds","12":"product_cat-soins-quotidiens-des-pieds","13":"product_cat-nos-marques-suda-care-fr","14":"product_cat-suda-care-everyday","15":"product_cat-webshop-fr","17":"first","18":"instock","19":"taxable","20":"shipping-taxable","21":"product-type-simple"},"acf":[],"_links":{"self":[{"href":"https:\/\/sundar.be\/fr\/wp-json\/wp\/v2\/product\/56138","targetHints":{"allow":["GET"]}}],"collection":[{"href":"https:\/\/sundar.be\/fr\/wp-json\/wp\/v2\/product"}],"about":[{"href":"https:\/\/sundar.be\/fr\/wp-json\/wp\/v2\/types\/product"}],"replies":[{"embeddable":true,"href":"https:\/\/sundar.be\/fr\/wp-json\/wp\/v2\/comments?post=56138"}],"wp:featuredmedia":[{"embeddable":true,"href":"https:\/\/sundar.be\/fr\/wp-json\/wp\/v2\/media\/56137"}],"wp:attachment":[{"href":"https:\/\/sundar.be\/fr\/wp-json\/wp\/v2\/media?parent=56138"}],"wp:term":[{"taxonomy":"product_brand","embeddable":true,"href":"https:\/\/sundar.be\/fr\/wp-json\/wp\/v2\/product_brand?post=56138"},{"taxonomy":"product_cat","embeddable":true,"href":"https:\/\/sundar.be\/fr\/wp-json\/wp\/v2\/product_cat?post=56138"},{"taxonomy":"product_tag","embeddable":true,"href":"https:\/\/sundar.be\/fr\/wp-json\/wp\/v2\/product_tag?post=56138"}],"curies":[{"name":"wp","href":"https:\/\/api.w.org\/{rel}","templated":true}]}}