{"id":56134,"date":"2025-10-06T10:10:46","date_gmt":"2025-10-06T08:10:46","guid":{"rendered":"https:\/\/sundar.be\/product\/suda-care-everyday-baume-a-la-propolis-75ml\/"},"modified":"2025-11-30T17:07:12","modified_gmt":"2025-11-30T16:07:12","slug":"suda-care-everyday-baume-a-la-propolis-75ml","status":"publish","type":"product","link":"https:\/\/sundar.be\/fr\/produit\/suda-care-everyday-baume-a-la-propolis-75ml\/","title":{"rendered":"S\u00fcda Care Everyday Baume \u00e0 la Propolis 75ml"},"content":{"rendered":"<p>Le <span style=\"color: #557e96;\"><strong data-start=\"214\" data-end=\"252\">S\u00fcda Care Everyday Baume \u00e0 la Propolis e<\/strong><\/span>st un baume riche et protecteur, sp\u00e9cialement formul\u00e9 pour apaiser, nourrir et r\u00e9g\u00e9n\u00e9rer la peau s\u00e8che, sensible ou irrit\u00e9e des pieds. Sa formule \u00e0 base d\u2019extrait de propolis, d\u2019huile d\u2019olive, de cire d\u2019abeille et de vitamine E offre une action nourrissante, antibact\u00e9rienne et r\u00e9paratrice. Le baume forme un film protecteur l\u00e9ger et respirant qui renforce la barri\u00e8re cutan\u00e9e et pr\u00e9vient la d\u00e9shydratation. Id\u00e9al pour les peaux rugueuses, fissur\u00e9es ou comme soin quotidien pour garder des pieds doux et sains.   <\/p>\n","protected":false},"excerpt":{"rendered":"<p>Le Baume \u00e0 la Propolis S\u00fcda Care Everyday nourrit et prot\u00e8ge les pieds secs et sensibles. L\u2019association de propolis, d\u2019huile d\u2019olive et de cire d\u2019abeille favorise la r\u00e9g\u00e9n\u00e9ration cutan\u00e9e et pr\u00e9vient le dess\u00e8chement. La peau reste douce, souple et prot\u00e9g\u00e9e contre les agressions ext\u00e9rieures.  <\/p>\n","protected":false},"featured_media":56133,"comment_status":"open","ping_status":"closed","template":"","meta":{"_acf_changed":false},"product_brand":[],"product_cat":[5000,4998,4972,4755,4999,4996,5075,6134,5058],"product_tag":[],"class_list":{"0":"post-56134","1":"product","2":"type-product","3":"status-publish","4":"has-post-thumbnail","6":"product_cat-callosites-crevasses","7":"product_cat-cremes-lotions-pieds","8":"product_cat-nos-marques","9":"product_cat-pedicure","10":"product_cat-soins-specifique-pieds","11":"product_cat-soins-quotidiens-des-pieds","12":"product_cat-nos-marques-suda-care-fr","13":"product_cat-suda-care-everyday","14":"product_cat-webshop-fr","16":"first","17":"instock","18":"taxable","19":"shipping-taxable","20":"product-type-simple"},"acf":[],"_links":{"self":[{"href":"https:\/\/sundar.be\/fr\/wp-json\/wp\/v2\/product\/56134","targetHints":{"allow":["GET"]}}],"collection":[{"href":"https:\/\/sundar.be\/fr\/wp-json\/wp\/v2\/product"}],"about":[{"href":"https:\/\/sundar.be\/fr\/wp-json\/wp\/v2\/types\/product"}],"replies":[{"embeddable":true,"href":"https:\/\/sundar.be\/fr\/wp-json\/wp\/v2\/comments?post=56134"}],"wp:featuredmedia":[{"embeddable":true,"href":"https:\/\/sundar.be\/fr\/wp-json\/wp\/v2\/media\/56133"}],"wp:attachment":[{"href":"https:\/\/sundar.be\/fr\/wp-json\/wp\/v2\/media?parent=56134"}],"wp:term":[{"taxonomy":"product_brand","embeddable":true,"href":"https:\/\/sundar.be\/fr\/wp-json\/wp\/v2\/product_brand?post=56134"},{"taxonomy":"product_cat","embeddable":true,"href":"https:\/\/sundar.be\/fr\/wp-json\/wp\/v2\/product_cat?post=56134"},{"taxonomy":"product_tag","embeddable":true,"href":"https:\/\/sundar.be\/fr\/wp-json\/wp\/v2\/product_tag?post=56134"}],"curies":[{"name":"wp","href":"https:\/\/api.w.org\/{rel}","templated":true}]}}