{"id":56124,"date":"2025-10-06T10:03:40","date_gmt":"2025-10-06T08:03:40","guid":{"rendered":"https:\/\/sundar.be\/product\/suda-care-everyday-gommage-pour-les-pieds\/"},"modified":"2025-11-30T17:09:24","modified_gmt":"2025-11-30T16:09:24","slug":"suda-care-everyday-gommage-pour-les-pieds","status":"publish","type":"product","link":"https:\/\/sundar.be\/fr\/produit\/suda-care-everyday-gommage-pour-les-pieds\/","title":{"rendered":"S\u00fcda Care Everyday Gommage pour les Pieds"},"content":{"rendered":"<p>Le <span style=\"color: #557e96;\"><strong data-start=\"206\" data-end=\"240\">S\u00fcda Care Everyday Gommage pour les Pieds <\/strong><\/span>est un exfoliant doux et nourrissant qui \u00e9limine en douceur les cellules mortes et les callosit\u00e9s l\u00e9g\u00e8res. Gr\u00e2ce \u00e0 une combinaison \u00e9quilibr\u00e9e d\u2019huile de colza, de beurre de karit\u00e9, de cellulose microcristalline et de panth\u00e9nol, il nettoie et affine la peau sans la dess\u00e9cher. Les particules exfoliantes naturelles \u00e9liminent efficacement les rugosit\u00e9s tandis que les agents hydratants et nourrissants laissent la peau douce, lisse et souple. Id\u00e9al comme \u00e9tape pr\u00e9paratoire avant l\u2019application d\u2019une cr\u00e8me ou d\u2019un baume, ce soin procure une sensation de fra\u00eecheur et de confort durable.   <\/p>\n","protected":false},"excerpt":{"rendered":"<p>Le Gommage pour les Pieds S\u00fcda Care Everyday \u00e9limine en douceur les cellules mortes et adoucit les pieds rugueux. L\u2019association d\u2019huiles nourrissantes, de beurre de karit\u00e9 et de particules exfoliantes naturelles rend la peau lisse et velout\u00e9e. Parfait pour pr\u00e9parer les pieds \u00e0 un soin ou comme traitement hebdomadaire revitalisant.  <\/p>\n","protected":false},"featured_media":56123,"comment_status":"open","ping_status":"closed","template":"","meta":{"_acf_changed":false},"product_brand":[],"product_cat":[5055,4972,4755,5057,5075,6134,5058],"product_tag":[],"class_list":{"0":"post-56124","1":"product","2":"type-product","3":"status-publish","4":"has-post-thumbnail","6":"product_cat-bains-pieds-gommage","7":"product_cat-nos-marques","8":"product_cat-pedicure","9":"product_cat-peelings-gommages","10":"product_cat-nos-marques-suda-care-fr","11":"product_cat-suda-care-everyday","12":"product_cat-webshop-fr","13":"pa_inhoud-150ml-fr","14":"pa_inhoud-500-ml-fr","15":"pa_inhoud-testeur","17":"first","18":"instock","19":"taxable","20":"shipping-taxable","21":"product-type-variable"},"acf":[],"_links":{"self":[{"href":"https:\/\/sundar.be\/fr\/wp-json\/wp\/v2\/product\/56124","targetHints":{"allow":["GET"]}}],"collection":[{"href":"https:\/\/sundar.be\/fr\/wp-json\/wp\/v2\/product"}],"about":[{"href":"https:\/\/sundar.be\/fr\/wp-json\/wp\/v2\/types\/product"}],"replies":[{"embeddable":true,"href":"https:\/\/sundar.be\/fr\/wp-json\/wp\/v2\/comments?post=56124"}],"wp:featuredmedia":[{"embeddable":true,"href":"https:\/\/sundar.be\/fr\/wp-json\/wp\/v2\/media\/56123"}],"wp:attachment":[{"href":"https:\/\/sundar.be\/fr\/wp-json\/wp\/v2\/media?parent=56124"}],"wp:term":[{"taxonomy":"product_brand","embeddable":true,"href":"https:\/\/sundar.be\/fr\/wp-json\/wp\/v2\/product_brand?post=56124"},{"taxonomy":"product_cat","embeddable":true,"href":"https:\/\/sundar.be\/fr\/wp-json\/wp\/v2\/product_cat?post=56124"},{"taxonomy":"product_tag","embeddable":true,"href":"https:\/\/sundar.be\/fr\/wp-json\/wp\/v2\/product_tag?post=56124"}],"curies":[{"name":"wp","href":"https:\/\/api.w.org\/{rel}","templated":true}]}}