{"id":56100,"date":"2025-10-06T09:29:01","date_gmt":"2025-10-06T07:29:01","guid":{"rendered":"https:\/\/sundar.be\/product\/suda-care-everyday-baume-pour-les-pieds-plus\/"},"modified":"2025-11-30T17:11:30","modified_gmt":"2025-11-30T16:11:30","slug":"suda-care-everyday-baume-pour-les-pieds-plus","status":"publish","type":"product","link":"https:\/\/sundar.be\/fr\/produit\/suda-care-everyday-baume-pour-les-pieds-plus\/","title":{"rendered":"S\u00fcda Care Everyday Baume pour les Pieds Plus"},"content":{"rendered":"<p>Le <span style=\"color: #557e96;\"><strong data-start=\"196\" data-end=\"225\">S\u00fcda Care Baume pour les Pieds Plus<\/strong><\/span> est un soin nourrissant et rafra\u00eechissant sp\u00e9cialement con\u00e7u pour hydrater et apaiser les pieds secs, fatigu\u00e9s ou sensibles. Sa formule riche en extrait de camomille, menthol et huiles \u00e9mollientes procure une sensation imm\u00e9diate de fra\u00eecheur, de confort et de bien-\u00eatre. Gr\u00e2ce \u00e0 des agents hydratants tels que la glyc\u00e9rine et les triglyc\u00e9rides capryliques\/capriques, la peau retrouve souplesse et douceur, tandis que la vaseline (petrolatum) aide \u00e0 retenir l\u2019hydratation et \u00e0 pr\u00e9venir le dess\u00e8chement. Le baume p\u00e9n\u00e8tre rapidement et laisse la peau douce, lisse et agr\u00e9ablement rafra\u00eechie.   <\/p>\n","protected":false},"excerpt":{"rendered":"<p>Le Baume pour les Pieds S\u00fcda Care Plus hydrate, rafra\u00eechit et apaise les pieds fatigu\u00e9s et secs. L\u2019association de menthol et d\u2019extrait de camomille procure une sensation de fra\u00eecheur tout en calmant la peau. Utilis\u00e9 quotidiennement, il laisse les pieds doux, souples et parfaitement soign\u00e9s.  <\/p>\n","protected":false},"featured_media":56099,"comment_status":"open","ping_status":"closed","template":"","meta":{"_acf_changed":false},"product_brand":[],"product_cat":[4998,5004,4972,4755,4996,5075,6134,5058],"product_tag":[],"class_list":{"0":"post-56100","1":"product","2":"type-product","3":"status-publish","4":"has-post-thumbnail","6":"product_cat-cremes-lotions-pieds","7":"product_cat-ideal-pour-les-sportifs","8":"product_cat-nos-marques","9":"product_cat-pedicure","10":"product_cat-soins-quotidiens-des-pieds","11":"product_cat-nos-marques-suda-care-fr","12":"product_cat-suda-care-everyday","13":"product_cat-webshop-fr","14":"pa_inhoud-150ml-fr","15":"pa_inhoud-500-ml-fr","16":"pa_inhoud-75-ml-fr","18":"first","19":"instock","20":"taxable","21":"shipping-taxable","22":"product-type-variable"},"acf":[],"_links":{"self":[{"href":"https:\/\/sundar.be\/fr\/wp-json\/wp\/v2\/product\/56100","targetHints":{"allow":["GET"]}}],"collection":[{"href":"https:\/\/sundar.be\/fr\/wp-json\/wp\/v2\/product"}],"about":[{"href":"https:\/\/sundar.be\/fr\/wp-json\/wp\/v2\/types\/product"}],"replies":[{"embeddable":true,"href":"https:\/\/sundar.be\/fr\/wp-json\/wp\/v2\/comments?post=56100"}],"wp:featuredmedia":[{"embeddable":true,"href":"https:\/\/sundar.be\/fr\/wp-json\/wp\/v2\/media\/56099"}],"wp:attachment":[{"href":"https:\/\/sundar.be\/fr\/wp-json\/wp\/v2\/media?parent=56100"}],"wp:term":[{"taxonomy":"product_brand","embeddable":true,"href":"https:\/\/sundar.be\/fr\/wp-json\/wp\/v2\/product_brand?post=56100"},{"taxonomy":"product_cat","embeddable":true,"href":"https:\/\/sundar.be\/fr\/wp-json\/wp\/v2\/product_cat?post=56100"},{"taxonomy":"product_tag","embeddable":true,"href":"https:\/\/sundar.be\/fr\/wp-json\/wp\/v2\/product_tag?post=56100"}],"curies":[{"name":"wp","href":"https:\/\/api.w.org\/{rel}","templated":true}]}}