{"id":56090,"date":"2025-10-06T09:12:26","date_gmt":"2025-10-06T07:12:26","guid":{"rendered":"https:\/\/sundar.be\/product\/suda-care-everyday-spray-deodorant-pour-les-pieds\/"},"modified":"2025-11-30T17:12:44","modified_gmt":"2025-11-30T16:12:44","slug":"suda-care-everyday-spray-deodorant-pour-les-pieds","status":"publish","type":"product","link":"https:\/\/sundar.be\/fr\/produit\/suda-care-everyday-spray-deodorant-pour-les-pieds\/","title":{"rendered":"S\u00fcda Care Everyday Spray D\u00e9odorant pour les Pieds"},"content":{"rendered":"<p>Le <span style=\"color: #557e96;\"><strong data-start=\"192\" data-end=\"219\">S\u00fcda Care Spray D\u00e9odorant pour les Pieds<\/strong><\/span> est un soin rafra\u00eechissant, apaisant et hygi\u00e9nique con\u00e7u pour pr\u00e9venir les mauvaises odeurs et garder les pieds frais tout au long de la journ\u00e9e. Sa formule \u00e0 base d\u2019extrait de camomille, de menthol et de bisabolol calme et rafra\u00eechit la peau, tandis que la glycine undecyl\u00e9noyl\u00e9e aide \u00e0 freiner la prolif\u00e9ration des bact\u00e9ries responsables des odeurs. Gr\u00e2ce au complexe nourrissant \u00e0 base de vitamine E et d\u2019huiles l\u00e9g\u00e8res, la peau reste douce et prot\u00e9g\u00e9e contre le dess\u00e8chement. Le spray s\u00e8che rapidement, sans laisser de r\u00e9sidus, et procure une sensation durable de propret\u00e9 et de confort \u2014 id\u00e9al pour un usage quotidien ou apr\u00e8s le sport.   <\/p>\n","protected":false},"excerpt":{"rendered":"<p>Le Spray D\u00e9odorant pour les Pieds S\u00fcda Care rafra\u00eechit, prot\u00e8ge et pr\u00e9vient les odeurs d\u00e9sagr\u00e9ables. L\u2019association de menthol, de camomille et de bisabolol apaise et tonifie la peau, tandis que les agents antibact\u00e9riens assurent une hygi\u00e8ne optimale. Parfait pour un usage quotidien afin de garder les pieds frais, secs et sains.  <\/p>\n","protected":false},"featured_media":56089,"comment_status":"open","ping_status":"closed","template":"","meta":{"_acf_changed":false},"product_brand":[],"product_cat":[4997,5004,4972,4755,4996,5075,6134,5058],"product_tag":[],"class_list":{"0":"post-56090","1":"product","2":"type-product","3":"status-publish","4":"has-post-thumbnail","6":"product_cat-anti-transpirants","7":"product_cat-ideal-pour-les-sportifs","8":"product_cat-nos-marques","9":"product_cat-pedicure","10":"product_cat-soins-quotidiens-des-pieds","11":"product_cat-nos-marques-suda-care-fr","12":"product_cat-suda-care-everyday","13":"product_cat-webshop-fr","15":"first","16":"instock","17":"taxable","18":"shipping-taxable","19":"product-type-simple"},"acf":[],"_links":{"self":[{"href":"https:\/\/sundar.be\/fr\/wp-json\/wp\/v2\/product\/56090","targetHints":{"allow":["GET"]}}],"collection":[{"href":"https:\/\/sundar.be\/fr\/wp-json\/wp\/v2\/product"}],"about":[{"href":"https:\/\/sundar.be\/fr\/wp-json\/wp\/v2\/types\/product"}],"replies":[{"embeddable":true,"href":"https:\/\/sundar.be\/fr\/wp-json\/wp\/v2\/comments?post=56090"}],"wp:featuredmedia":[{"embeddable":true,"href":"https:\/\/sundar.be\/fr\/wp-json\/wp\/v2\/media\/56089"}],"wp:attachment":[{"href":"https:\/\/sundar.be\/fr\/wp-json\/wp\/v2\/media?parent=56090"}],"wp:term":[{"taxonomy":"product_brand","embeddable":true,"href":"https:\/\/sundar.be\/fr\/wp-json\/wp\/v2\/product_brand?post=56090"},{"taxonomy":"product_cat","embeddable":true,"href":"https:\/\/sundar.be\/fr\/wp-json\/wp\/v2\/product_cat?post=56090"},{"taxonomy":"product_tag","embeddable":true,"href":"https:\/\/sundar.be\/fr\/wp-json\/wp\/v2\/product_tag?post=56090"}],"curies":[{"name":"wp","href":"https:\/\/api.w.org\/{rel}","templated":true}]}}