{"id":56086,"date":"2025-10-06T09:07:08","date_gmt":"2025-10-06T07:07:08","guid":{"rendered":"https:\/\/sundar.be\/product\/suda-care-everyday-bain-de-pieds-200ml\/"},"modified":"2025-10-06T09:09:25","modified_gmt":"2025-10-06T07:09:25","slug":"suda-care-everyday-bain-de-pieds-200ml","status":"publish","type":"product","link":"https:\/\/sundar.be\/fr\/produit\/suda-care-everyday-bain-de-pieds-200ml\/","title":{"rendered":"S\u00fcda Care Everyday Bain de Pieds 200ml"},"content":{"rendered":"<p data-start=\"195\" data-end=\"735\">Le <strong data-start=\"199\" data-end=\"229\">S\u00fcda Care Everyday Bain de Pieds <\/strong>est un concentr\u00e9 rafra\u00eechissant et nettoyant qui purifie, adoucit et pr\u00e9pare les pieds avant un soin ou une p\u00e9dicure. Sa formule \u00e0 base d\u2019extrait de camomille, d\u2019acide salicylique, d\u2019acide lactique et d\u2019undecyl\u00e9namide DEA offre un effet apaisant, adoucissant et protecteur. Elle aide \u00e0 assouplir les zones de peau \u00e9paissie, \u00e0 \u00e9liminer les impuret\u00e9s et \u00e0 apaiser la peau tout en procurant une agr\u00e9able sensation de fra\u00eecheur. Id\u00e9al comme premi\u00e8re \u00e9tape d\u2019un soin professionnel des pieds ou pour un moment de d\u00e9tente \u00e0 la maison.   <\/p>\n","protected":false},"excerpt":{"rendered":"<p>Le S\u00fcda Care Everyday Bain de Pieds nettoie, adoucit et rafra\u00eechit les pieds fatigu\u00e9s. L\u2019association de camomille, d\u2019acide salicylique et d\u2019acide lactique assouplit les callosit\u00e9s et aide \u00e0 maintenir une peau saine et fra\u00eeche. C\u2019est la pr\u00e9paration parfaite avant un soin des pieds ou une p\u00e9dicure.  <\/p>\n","protected":false},"featured_media":56085,"comment_status":"open","ping_status":"closed","template":"","meta":{"_acf_changed":false},"product_brand":[],"product_cat":[5055,4972,4755,5056,5075,6134,5058],"product_tag":[],"class_list":{"0":"post-56086","1":"product","2":"type-product","3":"status-publish","4":"has-post-thumbnail","6":"product_cat-bains-pieds-gommage","7":"product_cat-nos-marques","8":"product_cat-pedicure","9":"product_cat-produits-bain-pieds","10":"product_cat-nos-marques-suda-care-fr","11":"product_cat-suda-care-everyday","12":"product_cat-webshop-fr","14":"first","15":"instock","16":"taxable","17":"shipping-taxable","18":"product-type-simple"},"acf":[],"_links":{"self":[{"href":"https:\/\/sundar.be\/fr\/wp-json\/wp\/v2\/product\/56086","targetHints":{"allow":["GET"]}}],"collection":[{"href":"https:\/\/sundar.be\/fr\/wp-json\/wp\/v2\/product"}],"about":[{"href":"https:\/\/sundar.be\/fr\/wp-json\/wp\/v2\/types\/product"}],"replies":[{"embeddable":true,"href":"https:\/\/sundar.be\/fr\/wp-json\/wp\/v2\/comments?post=56086"}],"wp:featuredmedia":[{"embeddable":true,"href":"https:\/\/sundar.be\/fr\/wp-json\/wp\/v2\/media\/56085"}],"wp:attachment":[{"href":"https:\/\/sundar.be\/fr\/wp-json\/wp\/v2\/media?parent=56086"}],"wp:term":[{"taxonomy":"product_brand","embeddable":true,"href":"https:\/\/sundar.be\/fr\/wp-json\/wp\/v2\/product_brand?post=56086"},{"taxonomy":"product_cat","embeddable":true,"href":"https:\/\/sundar.be\/fr\/wp-json\/wp\/v2\/product_cat?post=56086"},{"taxonomy":"product_tag","embeddable":true,"href":"https:\/\/sundar.be\/fr\/wp-json\/wp\/v2\/product_tag?post=56086"}],"curies":[{"name":"wp","href":"https:\/\/api.w.org\/{rel}","templated":true}]}}