{"id":56076,"date":"2025-10-06T09:01:29","date_gmt":"2025-10-06T07:01:29","guid":{"rendered":"https:\/\/sundar.be\/product\/suda-care-everyday-canola-lipo-creme-pour-les-pieds\/"},"modified":"2025-11-30T17:14:02","modified_gmt":"2025-11-30T16:14:02","slug":"suda-care-everyday-canola-lipo-creme-pour-les-pieds","status":"publish","type":"product","link":"https:\/\/sundar.be\/fr\/produit\/suda-care-everyday-canola-lipo-creme-pour-les-pieds\/","title":{"rendered":"S\u00fcda Care Everyday Canola Lipo Cr\u00e8me pour les Pieds"},"content":{"rendered":"<p>La <span style=\"color: #557e96;\"><strong data-start=\"226\" data-end=\"270\">S\u00fcda Care Everyday Canola Lipo Cr\u00e8me pour les Pieds<\/strong><\/span> est une cr\u00e8me nourrissante et r\u00e9g\u00e9n\u00e9rante \u00e0 base de lipides, sp\u00e9cialement formul\u00e9e pour les peaux s\u00e8ches, sensibles et fatigu\u00e9es des pieds. Sa formule riche en huile de colza (canola), vitamine E, allanto\u00efne et glyc\u00e9rine hydrate intens\u00e9ment, apaise et prot\u00e8ge la peau contre le dess\u00e8chement. La peau retrouve douceur, souplesse et confort, tandis que la texture l\u00e9g\u00e8re de la cr\u00e8me p\u00e9n\u00e8tre rapidement sans laisser de film gras. Id\u00e9ale pour un usage quotidien afin de restaurer l\u2019\u00e9quilibre et la r\u00e9sistance naturelle de la peau.   <\/p>\n","protected":false},"excerpt":{"rendered":"<p>La Cr\u00e8me pour les Pieds S\u00fcda Care Everyday Canola Lipo nourrit et r\u00e9pare les pieds secs et sensibles gr\u00e2ce \u00e0 sa formule riche en lipides. L\u2019association d\u2019huile de colza, de vitamine E, d\u2019allanto\u00efne et de glyc\u00e9rine renforce la barri\u00e8re cutan\u00e9e et apporte une hydratation durable. Une utilisation r\u00e9guli\u00e8re laisse les pieds doux, souples et parfaitement prot\u00e9g\u00e9s.  <\/p>\n","protected":false},"featured_media":56075,"comment_status":"open","ping_status":"closed","template":"","meta":{"_acf_changed":false},"product_brand":[],"product_cat":[4998,4972,4755,4996,5075,6134,5058],"product_tag":[],"class_list":{"0":"post-56076","1":"product","2":"type-product","3":"status-publish","4":"has-post-thumbnail","6":"product_cat-cremes-lotions-pieds","7":"product_cat-nos-marques","8":"product_cat-pedicure","9":"product_cat-soins-quotidiens-des-pieds","10":"product_cat-nos-marques-suda-care-fr","11":"product_cat-suda-care-everyday","12":"product_cat-webshop-fr","13":"pa_inhoud-150ml-fr","14":"pa_inhoud-500-ml-fr","15":"pa_inhoud-75-ml-fr","17":"first","18":"instock","19":"taxable","20":"shipping-taxable","21":"product-type-variable"},"acf":[],"_links":{"self":[{"href":"https:\/\/sundar.be\/fr\/wp-json\/wp\/v2\/product\/56076","targetHints":{"allow":["GET"]}}],"collection":[{"href":"https:\/\/sundar.be\/fr\/wp-json\/wp\/v2\/product"}],"about":[{"href":"https:\/\/sundar.be\/fr\/wp-json\/wp\/v2\/types\/product"}],"replies":[{"embeddable":true,"href":"https:\/\/sundar.be\/fr\/wp-json\/wp\/v2\/comments?post=56076"}],"wp:featuredmedia":[{"embeddable":true,"href":"https:\/\/sundar.be\/fr\/wp-json\/wp\/v2\/media\/56075"}],"wp:attachment":[{"href":"https:\/\/sundar.be\/fr\/wp-json\/wp\/v2\/media?parent=56076"}],"wp:term":[{"taxonomy":"product_brand","embeddable":true,"href":"https:\/\/sundar.be\/fr\/wp-json\/wp\/v2\/product_brand?post=56076"},{"taxonomy":"product_cat","embeddable":true,"href":"https:\/\/sundar.be\/fr\/wp-json\/wp\/v2\/product_cat?post=56076"},{"taxonomy":"product_tag","embeddable":true,"href":"https:\/\/sundar.be\/fr\/wp-json\/wp\/v2\/product_tag?post=56076"}],"curies":[{"name":"wp","href":"https:\/\/api.w.org\/{rel}","templated":true}]}}