{"id":56062,"date":"2025-10-06T08:53:31","date_gmt":"2025-10-06T06:53:31","guid":{"rendered":"https:\/\/sundar.be\/product\/suda-care-everyday-emollient-pour-callosites\/"},"modified":"2025-11-30T17:15:14","modified_gmt":"2025-11-30T16:15:14","slug":"suda-care-everyday-emollient-pour-callosites","status":"publish","type":"product","link":"https:\/\/sundar.be\/fr\/produit\/suda-care-everyday-emollient-pour-callosites\/","title":{"rendered":"S\u00fcda Care Everyday \u00c9mollient pour Callosit\u00e9s"},"content":{"rendered":"<p>Le <span style=\"color: #557e96;\"><strong data-start=\"202\" data-end=\"234\">S\u00fcda Care Everyday \u00c9mollient pour Callosit\u00e9s<\/strong><\/span> est un soin professionnel sp\u00e9cialement con\u00e7u pour ramollir rapidement et efficacement les zones de peau \u00e9paissie et corn\u00e9e. Sa formule \u00e0 base d\u2019ur\u00e9e, d\u2019acide lactique et d\u2019acide salicylique agit en douceur pour dissoudre les cellules mortes, facilitant ainsi l\u2019\u00e9limination des callosit\u00e9s sans agresser la peau saine. Gr\u00e2ce \u00e0 l\u2019extrait de camomille, la peau est apais\u00e9e et prot\u00e9g\u00e9e pendant le traitement, pour un r\u00e9sultat confortable et soyeux. Id\u00e9al pour une utilisation en p\u00e9dicurie ou en pr\u00e9paration \u00e0 un soin des pieds intensif.   <\/p>\n","protected":false},"excerpt":{"rendered":"<p>Le S\u00fcda Care Everyday \u00c9mollient pour Callosit\u00e9s assouplit et ramollit efficacement les callosit\u00e9s \u00e9paisses. L\u2019association d\u2019ur\u00e9e, d\u2019acide lactique et d\u2019acide salicylique favorise une \u00e9limination douce et rapide des peaux mortes. Apr\u00e8s le soin, la peau reste lisse, apais\u00e9e et parfaitement soign\u00e9e.  <\/p>\n","protected":false},"featured_media":56061,"comment_status":"open","ping_status":"closed","template":"","meta":{"_acf_changed":false},"product_brand":[],"product_cat":[4972,5001,4755,5002,5075,6134,5058],"product_tag":[],"class_list":{"0":"post-56062","1":"product","2":"type-product","3":"status-publish","4":"has-post-thumbnail","6":"product_cat-nos-marques","7":"product_cat-outils-pedicure","8":"product_cat-pedicure","9":"product_cat-ramollisseurs-callosites","10":"product_cat-nos-marques-suda-care-fr","11":"product_cat-suda-care-everyday","12":"product_cat-webshop-fr","13":"pa_inhoud-1000-ml-fr","14":"pa_inhoud-200-ml-fr","16":"first","17":"instock","18":"taxable","19":"shipping-taxable","20":"product-type-variable"},"acf":[],"_links":{"self":[{"href":"https:\/\/sundar.be\/fr\/wp-json\/wp\/v2\/product\/56062","targetHints":{"allow":["GET"]}}],"collection":[{"href":"https:\/\/sundar.be\/fr\/wp-json\/wp\/v2\/product"}],"about":[{"href":"https:\/\/sundar.be\/fr\/wp-json\/wp\/v2\/types\/product"}],"replies":[{"embeddable":true,"href":"https:\/\/sundar.be\/fr\/wp-json\/wp\/v2\/comments?post=56062"}],"wp:featuredmedia":[{"embeddable":true,"href":"https:\/\/sundar.be\/fr\/wp-json\/wp\/v2\/media\/56061"}],"wp:attachment":[{"href":"https:\/\/sundar.be\/fr\/wp-json\/wp\/v2\/media?parent=56062"}],"wp:term":[{"taxonomy":"product_brand","embeddable":true,"href":"https:\/\/sundar.be\/fr\/wp-json\/wp\/v2\/product_brand?post=56062"},{"taxonomy":"product_cat","embeddable":true,"href":"https:\/\/sundar.be\/fr\/wp-json\/wp\/v2\/product_cat?post=56062"},{"taxonomy":"product_tag","embeddable":true,"href":"https:\/\/sundar.be\/fr\/wp-json\/wp\/v2\/product_tag?post=56062"}],"curies":[{"name":"wp","href":"https:\/\/api.w.org\/{rel}","templated":true}]}}