{"id":56050,"date":"2025-10-06T08:46:11","date_gmt":"2025-10-06T06:46:11","guid":{"rendered":"https:\/\/sundar.be\/product\/suda-care-everyday-creme-pour-les-pieds-avec-15-duree\/"},"modified":"2025-11-30T17:16:21","modified_gmt":"2025-11-30T16:16:21","slug":"suda-care-everyday-creme-pour-les-pieds-avec-15-duree","status":"publish","type":"product","link":"https:\/\/sundar.be\/fr\/produit\/suda-care-everyday-creme-pour-les-pieds-avec-15-duree\/","title":{"rendered":"S\u00fcda Care Everyday Cr\u00e8me pour les Pieds avec 15 % d\u2019Ur\u00e9e"},"content":{"rendered":"<p>La <span style=\"color: #557e96;\"><strong data-start=\"228\" data-end=\"273\">S\u00fcda Care Everyday Cr\u00e8me pour les Pieds avec 15 % d\u2019Ur\u00e9e<\/strong><\/span> est une cr\u00e8me hydratante et r\u00e9paratrice intensive, sp\u00e9cialement formul\u00e9e pour les peaux s\u00e8ches, rugueuses et tendues des pieds. Sa teneur \u00e9lev\u00e9e en ur\u00e9e (15 %) hydrate en profondeur et aide \u00e0 adoucir efficacement les callosit\u00e9s et les zones \u00e9paissies. Gr\u00e2ce \u00e0 un complexe nourrissant d\u2019huiles v\u00e9g\u00e9tales telles que l\u2019huile d\u2019onagre et l\u2019huile de nigelle, associ\u00e9 au beurre de karit\u00e9, \u00e0 la vitamine E et au panth\u00e9nol, la peau est intens\u00e9ment nourrie, prot\u00e9g\u00e9e et r\u00e9g\u00e9n\u00e9r\u00e9e. Sa texture l\u00e9g\u00e8re p\u00e9n\u00e8tre rapidement sans laisser de film gras, laissant les pieds doux, souples et confortables.   <\/p>\n","protected":false},"excerpt":{"rendered":"<p>La Cr\u00e8me pour les Pieds S\u00fcda Care Everyday \u00e0 15 % d\u2019Ur\u00e9e hydrate intens\u00e9ment et adoucit les pieds secs, rugueux ou calleux. L\u2019association d\u2019ur\u00e9e, d\u2019huile d\u2019onagre et de beurre de karit\u00e9 restaure la barri\u00e8re cutan\u00e9e et r\u00e9duit la rugosit\u00e9. Une utilisation r\u00e9guli\u00e8re maintient les pieds doux, souples et en parfaite sant\u00e9.  <\/p>\n","protected":false},"featured_media":56049,"comment_status":"open","ping_status":"closed","template":"","meta":{"_acf_changed":false},"product_brand":[],"product_cat":[5000,4998,4972,4755,4999,4996,5075,6134,5058],"product_tag":[],"class_list":{"0":"post-56050","1":"product","2":"type-product","3":"status-publish","4":"has-post-thumbnail","6":"product_cat-callosites-crevasses","7":"product_cat-cremes-lotions-pieds","8":"product_cat-nos-marques","9":"product_cat-pedicure","10":"product_cat-soins-specifique-pieds","11":"product_cat-soins-quotidiens-des-pieds","12":"product_cat-nos-marques-suda-care-fr","13":"product_cat-suda-care-everyday","14":"product_cat-webshop-fr","15":"pa_inhoud-100-ml-fr","16":"pa_inhoud-200-ml-fr","18":"first","19":"instock","20":"taxable","21":"shipping-taxable","22":"product-type-variable"},"acf":[],"_links":{"self":[{"href":"https:\/\/sundar.be\/fr\/wp-json\/wp\/v2\/product\/56050","targetHints":{"allow":["GET"]}}],"collection":[{"href":"https:\/\/sundar.be\/fr\/wp-json\/wp\/v2\/product"}],"about":[{"href":"https:\/\/sundar.be\/fr\/wp-json\/wp\/v2\/types\/product"}],"replies":[{"embeddable":true,"href":"https:\/\/sundar.be\/fr\/wp-json\/wp\/v2\/comments?post=56050"}],"wp:featuredmedia":[{"embeddable":true,"href":"https:\/\/sundar.be\/fr\/wp-json\/wp\/v2\/media\/56049"}],"wp:attachment":[{"href":"https:\/\/sundar.be\/fr\/wp-json\/wp\/v2\/media?parent=56050"}],"wp:term":[{"taxonomy":"product_brand","embeddable":true,"href":"https:\/\/sundar.be\/fr\/wp-json\/wp\/v2\/product_brand?post=56050"},{"taxonomy":"product_cat","embeddable":true,"href":"https:\/\/sundar.be\/fr\/wp-json\/wp\/v2\/product_cat?post=56050"},{"taxonomy":"product_tag","embeddable":true,"href":"https:\/\/sundar.be\/fr\/wp-json\/wp\/v2\/product_tag?post=56050"}],"curies":[{"name":"wp","href":"https:\/\/api.w.org\/{rel}","templated":true}]}}