{"id":56042,"date":"2025-10-06T08:36:08","date_gmt":"2025-10-06T06:36:08","guid":{"rendered":"https:\/\/sundar.be\/product\/suda-care-everyday-huile-pour-ongles-20ml\/"},"modified":"2025-11-30T17:17:30","modified_gmt":"2025-11-30T16:17:30","slug":"suda-care-everyday-huile-pour-ongles-20ml","status":"publish","type":"product","link":"https:\/\/sundar.be\/fr\/produit\/suda-care-everyday-huile-pour-ongles-20ml\/","title":{"rendered":"S\u00fcda Care Everyday Huile pour Ongles 20ml"},"content":{"rendered":"<p>Le <span style=\"color: #557e96;\"><strong data-start=\"201\" data-end=\"233\">S\u00fcda Care Everyday Huile pour Ongles<\/strong><\/span> est un soin nourrissant et fortifiant con\u00e7u pour r\u00e9parer les ongles secs, cassants et fragiles ainsi que les cuticules ab\u00eem\u00e9es. Sa formule \u00e9quilibr\u00e9e, enrichie en panth\u00e9nol, biotine et k\u00e9ratine hydrolys\u00e9e, renforce la structure de l\u2019ongle et favorise une croissance saine. Gr\u00e2ce \u00e0 l\u2019extrait de camomille, au bisabolol et aux antioxydants, la peau autour de l\u2019ongle est apais\u00e9e, hydrat\u00e9e et prot\u00e9g\u00e9e des agressions ext\u00e9rieures. Sa texture l\u00e9g\u00e8re p\u00e9n\u00e8tre rapidement et laisse un fini doux et brillant sans r\u00e9sidu gras.   <\/p>\n","protected":false},"excerpt":{"rendered":"<p>L\u2019Huile pour Ongles S\u00fcda Care Everyday nourrit et renforce les ongles fragiles et les cuticules s\u00e8ches. Sa formule \u00e0 base de biotine, de k\u00e9ratine et de panth\u00e9nol hydrate intens\u00e9ment et stimule la croissance naturelle des ongles. Une utilisation r\u00e9guli\u00e8re rend les ongles plus forts, plus lisses et naturellement brillants.  <\/p>\n","protected":false},"featured_media":56041,"comment_status":"open","ping_status":"closed","template":"","meta":{"_acf_changed":false},"product_brand":[],"product_cat":[4970,4972,4761,5077,5075,6134,5058],"product_tag":[],"class_list":{"0":"post-56042","1":"product","2":"type-product","3":"status-publish","4":"has-post-thumbnail","6":"product_cat-manucure-huiles-ongles","7":"product_cat-nos-marques","8":"product_cat-pose-ongles","9":"product_cat-manucure-soin-des-ongles","10":"product_cat-nos-marques-suda-care-fr","11":"product_cat-suda-care-everyday","12":"product_cat-webshop-fr","14":"first","15":"instock","16":"taxable","17":"shipping-taxable","18":"product-type-simple"},"acf":[],"_links":{"self":[{"href":"https:\/\/sundar.be\/fr\/wp-json\/wp\/v2\/product\/56042","targetHints":{"allow":["GET"]}}],"collection":[{"href":"https:\/\/sundar.be\/fr\/wp-json\/wp\/v2\/product"}],"about":[{"href":"https:\/\/sundar.be\/fr\/wp-json\/wp\/v2\/types\/product"}],"replies":[{"embeddable":true,"href":"https:\/\/sundar.be\/fr\/wp-json\/wp\/v2\/comments?post=56042"}],"wp:featuredmedia":[{"embeddable":true,"href":"https:\/\/sundar.be\/fr\/wp-json\/wp\/v2\/media\/56041"}],"wp:attachment":[{"href":"https:\/\/sundar.be\/fr\/wp-json\/wp\/v2\/media?parent=56042"}],"wp:term":[{"taxonomy":"product_brand","embeddable":true,"href":"https:\/\/sundar.be\/fr\/wp-json\/wp\/v2\/product_brand?post=56042"},{"taxonomy":"product_cat","embeddable":true,"href":"https:\/\/sundar.be\/fr\/wp-json\/wp\/v2\/product_cat?post=56042"},{"taxonomy":"product_tag","embeddable":true,"href":"https:\/\/sundar.be\/fr\/wp-json\/wp\/v2\/product_tag?post=56042"}],"curies":[{"name":"wp","href":"https:\/\/api.w.org\/{rel}","templated":true}]}}