{"id":56028,"date":"2025-10-06T08:29:46","date_gmt":"2025-10-06T06:29:46","guid":{"rendered":"https:\/\/sundar.be\/product\/suda-care-everyday-baume-fissures\/"},"modified":"2025-11-30T17:18:41","modified_gmt":"2025-11-30T16:18:41","slug":"suda-care-everyday-baume-fissures","status":"publish","type":"product","link":"https:\/\/sundar.be\/fr\/produit\/suda-care-everyday-baume-fissures\/","title":{"rendered":"S\u00fcda Care Everyday Baume Fissures"},"content":{"rendered":"<p data-start=\"202\" data-end=\"778\">Le <span style=\"color: #557e96;\"><strong data-start=\"205\" data-end=\"240\">S\u00fcda Care Everyday Baume Fissures <\/strong><\/span>est un soin intensif sp\u00e9cialement formul\u00e9 pour les peaux s\u00e8ches, rugueuses et fendill\u00e9es des pieds et des talons. Sa texture riche, compos\u00e9e d\u2019huiles r\u00e9paratrices et protectrices, forme un film doux qui emp\u00eache la perte d\u2019hydratation et soutient la r\u00e9g\u00e9n\u00e9ration naturelle de la peau. Gr\u00e2ce \u00e0 l\u2019extrait de camomille et \u00e0 la vitamine E, la peau est apais\u00e9e, adoucie et prot\u00e9g\u00e9e contre les agressions ext\u00e9rieures. Le baume p\u00e9n\u00e8tre facilement, laisse un l\u00e9ger film nourrissant et redonne \u00e0 la peau douceur et souplesse.   <\/p>\n","protected":false},"excerpt":{"rendered":"<p data-start=\"823\" data-end=\"1092\">Le S\u00fcda Care Everyday Baume Fissures r\u00e9pare et adoucit la peau s\u00e8che et crevass\u00e9e des pieds et des talons. L\u2019association d\u2019huiles nourrissantes, d\u2019extrait de camomille et de vitamines offre un soin intensif et une protection durable. Une utilisation r\u00e9guli\u00e8re rend la peau plus souple, plus lisse et plus confortable.  <\/p>\n","protected":false},"featured_media":56027,"comment_status":"open","ping_status":"closed","template":"","meta":{"_acf_changed":false},"product_brand":[],"product_cat":[5000,4972,4755,4999,5075,6134,5058],"product_tag":[],"class_list":{"0":"post-56028","1":"product","2":"type-product","3":"status-publish","4":"has-post-thumbnail","6":"product_cat-callosites-crevasses","7":"product_cat-nos-marques","8":"product_cat-pedicure","9":"product_cat-soins-specifique-pieds","10":"product_cat-nos-marques-suda-care-fr","11":"product_cat-suda-care-everyday","12":"product_cat-webshop-fr","13":"pa_inhoud-150ml-fr","14":"pa_inhoud-50-ml-fr","15":"pa_inhoud-500-ml-fr","16":"pa_inhoud-75-ml-fr","17":"pa_inhoud-testeur","19":"first","20":"instock","21":"taxable","22":"shipping-taxable","23":"product-type-variable"},"acf":[],"_links":{"self":[{"href":"https:\/\/sundar.be\/fr\/wp-json\/wp\/v2\/product\/56028","targetHints":{"allow":["GET"]}}],"collection":[{"href":"https:\/\/sundar.be\/fr\/wp-json\/wp\/v2\/product"}],"about":[{"href":"https:\/\/sundar.be\/fr\/wp-json\/wp\/v2\/types\/product"}],"replies":[{"embeddable":true,"href":"https:\/\/sundar.be\/fr\/wp-json\/wp\/v2\/comments?post=56028"}],"wp:featuredmedia":[{"embeddable":true,"href":"https:\/\/sundar.be\/fr\/wp-json\/wp\/v2\/media\/56027"}],"wp:attachment":[{"href":"https:\/\/sundar.be\/fr\/wp-json\/wp\/v2\/media?parent=56028"}],"wp:term":[{"taxonomy":"product_brand","embeddable":true,"href":"https:\/\/sundar.be\/fr\/wp-json\/wp\/v2\/product_brand?post=56028"},{"taxonomy":"product_cat","embeddable":true,"href":"https:\/\/sundar.be\/fr\/wp-json\/wp\/v2\/product_cat?post=56028"},{"taxonomy":"product_tag","embeddable":true,"href":"https:\/\/sundar.be\/fr\/wp-json\/wp\/v2\/product_tag?post=56028"}],"curies":[{"name":"wp","href":"https:\/\/api.w.org\/{rel}","templated":true}]}}