{"id":55929,"date":"2025-10-03T09:03:52","date_gmt":"2025-10-03T07:03:52","guid":{"rendered":"https:\/\/sundar.be\/product\/suda-care-everyday-micro-silber-forte-30ml\/"},"modified":"2025-11-30T17:21:16","modified_gmt":"2025-11-30T16:21:16","slug":"suda-care-everyday-micro-silber-forte-30ml","status":"publish","type":"product","link":"https:\/\/sundar.be\/fr\/produit\/suda-care-everyday-micro-silber-forte-30ml\/","title":{"rendered":"S\u00fcda Care Everyday Micro Silber Forte 30ml"},"content":{"rendered":"<p><span style=\"color: #557e96;\"><strong>S\u00fcda Care Everyday Micro Silber Forte<\/strong><\/span> est une cr\u00e8me-mousse intensive sp\u00e9cialement con\u00e7ue pour le soin des pieds secs, sensibles et irrit\u00e9s. Sa formule associe la puissance antibact\u00e9rienne et protectrice du microsilver \u00e0 des agents hydratants comme la glyc\u00e9rine, ainsi qu\u2019au bisabolol apaisant et \u00e0 l\u2019extrait de gingembre revitalisant. Sa texture l\u00e9g\u00e8re p\u00e9n\u00e8tre rapidement, sans laisser de film gras, et aide la peau \u00e0 rester prot\u00e9g\u00e9e et \u00e9quilibr\u00e9e durablement.  <\/p>\n","protected":false},"excerpt":{"rendered":"<p>Une cr\u00e8me-mousse nourrissante au microsilver qui hydrate et prot\u00e8ge les pieds sensibles. Elle soutient la barri\u00e8re cutan\u00e9e, agit de mani\u00e8re antibact\u00e9rienne et apaise les irritations. Id\u00e9ale pour un usage quotidien sur les peaux s\u00e8ches et fragiles.  <\/p>\n","protected":false},"featured_media":55928,"comment_status":"open","ping_status":"closed","template":"","meta":{"_acf_changed":false},"product_brand":[],"product_cat":[5006,4972,4755,4999,5075,6134,5058],"product_tag":[],"class_list":{"0":"post-55929","1":"product","2":"type-product","3":"status-publish","4":"has-post-thumbnail","6":"product_cat-mycose-du-pied-ongles","7":"product_cat-nos-marques","8":"product_cat-pedicure","9":"product_cat-soins-specifique-pieds","10":"product_cat-nos-marques-suda-care-fr","11":"product_cat-suda-care-everyday","12":"product_cat-webshop-fr","14":"first","15":"instock","16":"taxable","17":"shipping-taxable","18":"product-type-simple"},"acf":[],"_links":{"self":[{"href":"https:\/\/sundar.be\/fr\/wp-json\/wp\/v2\/product\/55929","targetHints":{"allow":["GET"]}}],"collection":[{"href":"https:\/\/sundar.be\/fr\/wp-json\/wp\/v2\/product"}],"about":[{"href":"https:\/\/sundar.be\/fr\/wp-json\/wp\/v2\/types\/product"}],"replies":[{"embeddable":true,"href":"https:\/\/sundar.be\/fr\/wp-json\/wp\/v2\/comments?post=55929"}],"wp:featuredmedia":[{"embeddable":true,"href":"https:\/\/sundar.be\/fr\/wp-json\/wp\/v2\/media\/55928"}],"wp:attachment":[{"href":"https:\/\/sundar.be\/fr\/wp-json\/wp\/v2\/media?parent=55929"}],"wp:term":[{"taxonomy":"product_brand","embeddable":true,"href":"https:\/\/sundar.be\/fr\/wp-json\/wp\/v2\/product_brand?post=55929"},{"taxonomy":"product_cat","embeddable":true,"href":"https:\/\/sundar.be\/fr\/wp-json\/wp\/v2\/product_cat?post=55929"},{"taxonomy":"product_tag","embeddable":true,"href":"https:\/\/sundar.be\/fr\/wp-json\/wp\/v2\/product_tag?post=55929"}],"curies":[{"name":"wp","href":"https:\/\/api.w.org\/{rel}","templated":true}]}}