{"id":55921,"date":"2025-10-03T08:58:10","date_gmt":"2025-10-03T06:58:10","guid":{"rendered":"https:\/\/sundar.be\/product\/suda-care-everyday-baume-pour-les-jambes\/"},"modified":"2025-11-12T12:35:07","modified_gmt":"2025-11-12T11:35:07","slug":"suda-care-everyday-baume-pour-les-jambes","status":"publish","type":"product","link":"https:\/\/sundar.be\/fr\/produit\/suda-care-everyday-baume-pour-les-jambes\/","title":{"rendered":"S\u00fcda Care Everyday Baume pour les Jambes"},"content":{"rendered":"<p><strong>S\u00fcda Care Everyday Baume pour les Jambes<\/strong> est un soin rafra\u00eechissant et nourrissant qui soulage les jambes fatigu\u00e9es, lourdes et s\u00e8ches. Gr\u00e2ce \u00e0 une combinaison d\u2019agents hydratants, d\u2019extraits de plantes et de vitamines, il aide \u00e0 maintenir la peau souple et douce, stimule la circulation et procure une agr\u00e9able sensation de fra\u00eecheur et de l\u00e9g\u00e8ret\u00e9. Les extraits de camomille et de marron d\u2019Inde apaisent et renforcent, tandis que le panth\u00e9nol et l\u2019allanto\u00efne soutiennent la r\u00e9g\u00e9n\u00e9ration cutan\u00e9e.  <\/p>\n","protected":false},"excerpt":{"rendered":"<p>Un baume rafra\u00eechissant qui d\u00e9tend et hydrate les jambes lourdes et fatigu\u00e9es. Riche en extraits v\u00e9g\u00e9taux et vitamines pour une action apaisante et revitalisante. Id\u00e9al pour un usage quotidien afin de garder des jambes fra\u00eeches et l\u00e9g\u00e8res.  <\/p>\n","protected":false},"featured_media":55920,"comment_status":"open","ping_status":"closed","template":"","meta":{"_acf_changed":false},"product_brand":[],"product_cat":[5257,4972,4755,4999,5075,6134,5058],"product_tag":[],"class_list":{"0":"post-55921","1":"product","2":"type-product","3":"status-publish","4":"has-post-thumbnail","6":"product_cat-jambes-pieds-fatigues","7":"product_cat-nos-marques","8":"product_cat-pedicure","9":"product_cat-soins-specifique-pieds","10":"product_cat-nos-marques-suda-care-fr","11":"product_cat-suda-care-everyday","12":"product_cat-webshop-fr","13":"pa_inhoud-500-ml-fr","14":"pa_inhoud-75-ml-fr","16":"first","17":"instock","18":"taxable","19":"shipping-taxable","20":"product-type-variable"},"acf":[],"_links":{"self":[{"href":"https:\/\/sundar.be\/fr\/wp-json\/wp\/v2\/product\/55921","targetHints":{"allow":["GET"]}}],"collection":[{"href":"https:\/\/sundar.be\/fr\/wp-json\/wp\/v2\/product"}],"about":[{"href":"https:\/\/sundar.be\/fr\/wp-json\/wp\/v2\/types\/product"}],"replies":[{"embeddable":true,"href":"https:\/\/sundar.be\/fr\/wp-json\/wp\/v2\/comments?post=55921"}],"wp:featuredmedia":[{"embeddable":true,"href":"https:\/\/sundar.be\/fr\/wp-json\/wp\/v2\/media\/55920"}],"wp:attachment":[{"href":"https:\/\/sundar.be\/fr\/wp-json\/wp\/v2\/media?parent=55921"}],"wp:term":[{"taxonomy":"product_brand","embeddable":true,"href":"https:\/\/sundar.be\/fr\/wp-json\/wp\/v2\/product_brand?post=55921"},{"taxonomy":"product_cat","embeddable":true,"href":"https:\/\/sundar.be\/fr\/wp-json\/wp\/v2\/product_cat?post=55921"},{"taxonomy":"product_tag","embeddable":true,"href":"https:\/\/sundar.be\/fr\/wp-json\/wp\/v2\/product_tag?post=55921"}],"curies":[{"name":"wp","href":"https:\/\/api.w.org\/{rel}","templated":true}]}}