{"id":55913,"date":"2025-10-03T08:50:54","date_gmt":"2025-10-03T06:50:54","guid":{"rendered":"https:\/\/sundar.be\/product\/suda-care-everyday-gel-a-laloe-vera-200ml\/"},"modified":"2025-11-30T17:31:41","modified_gmt":"2025-11-30T16:31:41","slug":"suda-care-everyday-gel-a-laloe-vera-200ml","status":"publish","type":"product","link":"https:\/\/sundar.be\/fr\/produit\/suda-care-everyday-gel-a-laloe-vera-200ml\/","title":{"rendered":"S\u00fcda Care Everyday Gel \u00e0 l\u2019Alo\u00e9 Vera 200ml"},"content":{"rendered":"<p><span style=\"color: #557e96;\"><strong>S\u00fcda Care Everyday Gel \u00e0 l\u2019Alo\u00e9 Vera<\/strong><\/span> est un gel rafra\u00eechissant et apaisant qui prend soin imm\u00e9diatement des peaux s\u00e8ches, sensibles et irrit\u00e9es. Sa texture l\u00e9g\u00e8re, enrichie en alo\u00e9 vera, saccharide isomerate, xylitol et allanto\u00efne, hydrate intens\u00e9ment, apaise et soutient la r\u00e9g\u00e9n\u00e9ration naturelle de la peau. Id\u00e9al apr\u00e8s une exposition au soleil, en cas d\u2019irritations ou simplement comme soin hydratant quotidien pour les pieds et le corps.  <\/p>\n","protected":false},"excerpt":{"rendered":"<p>Un gel hydratant et rafra\u00eechissant \u00e0 l\u2019alo\u00e9 vera qui calme instantan\u00e9ment la peau s\u00e8che et sensible. Sa formule l\u00e9g\u00e8re p\u00e9n\u00e8tre rapidement sans laisser de film collant. Convient \u00e0 un usage quotidien, parfait pour une peau qui a besoin d\u2019un soin apaisant et hydratant.  <\/p>\n","protected":false},"featured_media":55912,"comment_status":"open","ping_status":"closed","template":"","meta":{"_acf_changed":false},"product_brand":[],"product_cat":[5053,4972,4755,4996,5075,6134,5058],"product_tag":[],"class_list":{"0":"post-55913","1":"product","2":"type-product","3":"status-publish","4":"has-post-thumbnail","6":"product_cat-cremes-rafraichissantes","7":"product_cat-nos-marques","8":"product_cat-pedicure","9":"product_cat-soins-quotidiens-des-pieds","10":"product_cat-nos-marques-suda-care-fr","11":"product_cat-suda-care-everyday","12":"product_cat-webshop-fr","14":"first","15":"instock","16":"taxable","17":"shipping-taxable","18":"product-type-simple"},"acf":[],"_links":{"self":[{"href":"https:\/\/sundar.be\/fr\/wp-json\/wp\/v2\/product\/55913","targetHints":{"allow":["GET"]}}],"collection":[{"href":"https:\/\/sundar.be\/fr\/wp-json\/wp\/v2\/product"}],"about":[{"href":"https:\/\/sundar.be\/fr\/wp-json\/wp\/v2\/types\/product"}],"replies":[{"embeddable":true,"href":"https:\/\/sundar.be\/fr\/wp-json\/wp\/v2\/comments?post=55913"}],"wp:featuredmedia":[{"embeddable":true,"href":"https:\/\/sundar.be\/fr\/wp-json\/wp\/v2\/media\/55912"}],"wp:attachment":[{"href":"https:\/\/sundar.be\/fr\/wp-json\/wp\/v2\/media?parent=55913"}],"wp:term":[{"taxonomy":"product_brand","embeddable":true,"href":"https:\/\/sundar.be\/fr\/wp-json\/wp\/v2\/product_brand?post=55913"},{"taxonomy":"product_cat","embeddable":true,"href":"https:\/\/sundar.be\/fr\/wp-json\/wp\/v2\/product_cat?post=55913"},{"taxonomy":"product_tag","embeddable":true,"href":"https:\/\/sundar.be\/fr\/wp-json\/wp\/v2\/product_tag?post=55913"}],"curies":[{"name":"wp","href":"https:\/\/api.w.org\/{rel}","templated":true}]}}