{"id":55897,"date":"2025-10-03T08:29:28","date_gmt":"2025-10-03T06:29:28","guid":{"rendered":"https:\/\/sundar.be\/product\/suda-care-everyday-creme-mousse-peau-sensible-aux-mycoses\/"},"modified":"2025-11-12T12:37:36","modified_gmt":"2025-11-12T11:37:36","slug":"suda-care-everyday-creme-mousse-peau-sensible-aux-mycoses","status":"publish","type":"product","link":"https:\/\/sundar.be\/fr\/produit\/suda-care-everyday-creme-mousse-peau-sensible-aux-mycoses\/","title":{"rendered":"S\u00fcda Care Everyday Cr\u00e8me Mousse \u2013 Peau sensible aux mycoses"},"content":{"rendered":"<p><strong>S\u00fcda Care Everyday Cr\u00e8me Mousse \u2013 Peau sensible aux mycoses <\/strong>est une mousse l\u00e9g\u00e8re et nourrissante, sp\u00e9cialement formul\u00e9e pour les pieds sujets \u00e0 la s\u00e9cheresse et aux infections fongiques. Sa formule associe des ingr\u00e9dients hydratants et r\u00e9parateurs comme l\u2019ur\u00e9e, la glyc\u00e9rine et le panth\u00e9nol, avec le piroctone olamine, un actif qui aide \u00e0 prot\u00e9ger la peau contre le d\u00e9veloppement des champignons. La mousse p\u00e9n\u00e8tre rapidement sans laisser de film gras et renforce la barri\u00e8re cutan\u00e9e pour des pieds sains, doux et souples.  <\/p>\n","protected":false},"excerpt":{"rendered":"<p>Une cr\u00e8me-mousse hydratante et protectrice pour les pieds sensibles aux mycoses. Elle p\u00e9n\u00e8tre rapidement, adoucit la peau et aide \u00e0 pr\u00e9venir la s\u00e9cheresse ainsi que la prolif\u00e9ration fongique. Id\u00e9ale pour un usage quotidien et un confort durable.  <\/p>\n","protected":false},"featured_media":55896,"comment_status":"open","ping_status":"closed","template":"","meta":{"_acf_changed":false},"product_brand":[],"product_cat":[5265,5006,4972,4755,4999,4996,5075,6134,5058],"product_tag":[],"class_list":{"0":"post-55897","1":"product","2":"type-product","3":"status-publish","4":"has-post-thumbnail","6":"product_cat-mousses-pieds","7":"product_cat-mycose-du-pied-ongles","8":"product_cat-nos-marques","9":"product_cat-pedicure","10":"product_cat-soins-specifique-pieds","11":"product_cat-soins-quotidiens-des-pieds","12":"product_cat-nos-marques-suda-care-fr","13":"product_cat-suda-care-everyday","14":"product_cat-webshop-fr","15":"pa_inhoud-125ml-fr","16":"pa_inhoud-300-ml-fr","18":"first","19":"instock","20":"taxable","21":"shipping-taxable","22":"product-type-variable"},"acf":[],"_links":{"self":[{"href":"https:\/\/sundar.be\/fr\/wp-json\/wp\/v2\/product\/55897","targetHints":{"allow":["GET"]}}],"collection":[{"href":"https:\/\/sundar.be\/fr\/wp-json\/wp\/v2\/product"}],"about":[{"href":"https:\/\/sundar.be\/fr\/wp-json\/wp\/v2\/types\/product"}],"replies":[{"embeddable":true,"href":"https:\/\/sundar.be\/fr\/wp-json\/wp\/v2\/comments?post=55897"}],"wp:featuredmedia":[{"embeddable":true,"href":"https:\/\/sundar.be\/fr\/wp-json\/wp\/v2\/media\/55896"}],"wp:attachment":[{"href":"https:\/\/sundar.be\/fr\/wp-json\/wp\/v2\/media?parent=55897"}],"wp:term":[{"taxonomy":"product_brand","embeddable":true,"href":"https:\/\/sundar.be\/fr\/wp-json\/wp\/v2\/product_brand?post=55897"},{"taxonomy":"product_cat","embeddable":true,"href":"https:\/\/sundar.be\/fr\/wp-json\/wp\/v2\/product_cat?post=55897"},{"taxonomy":"product_tag","embeddable":true,"href":"https:\/\/sundar.be\/fr\/wp-json\/wp\/v2\/product_tag?post=55897"}],"curies":[{"name":"wp","href":"https:\/\/api.w.org\/{rel}","templated":true}]}}