{"id":55884,"date":"2025-10-03T08:20:29","date_gmt":"2025-10-03T06:20:29","guid":{"rendered":"https:\/\/sundar.be\/product\/suda-care-everyday-creme-mousse-peau-seche-gercee\/"},"modified":"2025-11-12T12:36:17","modified_gmt":"2025-11-12T11:36:17","slug":"suda-care-everyday-creme-mousse-peau-seche-gercee","status":"publish","type":"product","link":"https:\/\/sundar.be\/fr\/produit\/suda-care-everyday-creme-mousse-peau-seche-gercee\/","title":{"rendered":"S\u00fcda Care Everyday Cr\u00e8me Mousse &#8211; Peau S\u00e8che &amp; Gerc\u00e9e"},"content":{"rendered":"<p><strong>S\u00fcda Care Everyday Cr\u00e8me Mousse <\/strong>est une mousse l\u00e9g\u00e8re et nourrissante, sp\u00e9cialement con\u00e7ue pour les pieds secs, rugueux et gerc\u00e9s. Sa texture a\u00e9rienne p\u00e9n\u00e8tre rapidement sans laisser de film gras et r\u00e9pare la barri\u00e8re cutan\u00e9e tout en hydratant durablement. Gr\u00e2ce \u00e0 l\u2019association \u00e9quilibr\u00e9e d\u2019ur\u00e9e, de glyc\u00e9rine, de panth\u00e9nol et d\u2019huile d\u2019avocat, la peau retrouve douceur, souplesse et confort.  <\/p>\n","protected":false},"excerpt":{"rendered":"<p>Une cr\u00e8me-mousse nourrissante qui hydrate intens\u00e9ment et adoucit les pieds secs et gerc\u00e9s. Sa formule l\u00e9g\u00e8re p\u00e9n\u00e8tre rapidement sans sensation grasse. Pour un usage quotidien et une peau visiblement plus saine et souple.  <\/p>\n","protected":false},"featured_media":55883,"comment_status":"open","ping_status":"closed","template":"","meta":{"_acf_changed":false},"product_brand":[],"product_cat":[5265,4972,4755,4996,5075,6134,5058],"product_tag":[],"class_list":{"0":"post-55884","1":"product","2":"type-product","3":"status-publish","4":"has-post-thumbnail","6":"product_cat-mousses-pieds","7":"product_cat-nos-marques","8":"product_cat-pedicure","9":"product_cat-soins-quotidiens-des-pieds","10":"product_cat-nos-marques-suda-care-fr","11":"product_cat-suda-care-everyday","12":"product_cat-webshop-fr","13":"pa_inhoud-125ml-fr","14":"pa_inhoud-300-ml-fr","15":"pa_inhoud-35-ml-fr","17":"first","18":"instock","19":"taxable","20":"shipping-taxable","21":"product-type-variable"},"acf":[],"_links":{"self":[{"href":"https:\/\/sundar.be\/fr\/wp-json\/wp\/v2\/product\/55884","targetHints":{"allow":["GET"]}}],"collection":[{"href":"https:\/\/sundar.be\/fr\/wp-json\/wp\/v2\/product"}],"about":[{"href":"https:\/\/sundar.be\/fr\/wp-json\/wp\/v2\/types\/product"}],"replies":[{"embeddable":true,"href":"https:\/\/sundar.be\/fr\/wp-json\/wp\/v2\/comments?post=55884"}],"wp:featuredmedia":[{"embeddable":true,"href":"https:\/\/sundar.be\/fr\/wp-json\/wp\/v2\/media\/55883"}],"wp:attachment":[{"href":"https:\/\/sundar.be\/fr\/wp-json\/wp\/v2\/media?parent=55884"}],"wp:term":[{"taxonomy":"product_brand","embeddable":true,"href":"https:\/\/sundar.be\/fr\/wp-json\/wp\/v2\/product_brand?post=55884"},{"taxonomy":"product_cat","embeddable":true,"href":"https:\/\/sundar.be\/fr\/wp-json\/wp\/v2\/product_cat?post=55884"},{"taxonomy":"product_tag","embeddable":true,"href":"https:\/\/sundar.be\/fr\/wp-json\/wp\/v2\/product_tag?post=55884"}],"curies":[{"name":"wp","href":"https:\/\/api.w.org\/{rel}","templated":true}]}}