{"id":55859,"date":"2025-09-17T14:10:04","date_gmt":"2025-09-17T12:10:04","guid":{"rendered":"https:\/\/sundar.be\/product\/chi-huile-essentielle-dorange-douce-cultivar\/"},"modified":"2025-10-03T07:51:54","modified_gmt":"2025-10-03T05:51:54","slug":"chi-huile-essentielle-dorange-douce-cultivar","status":"publish","type":"product","link":"https:\/\/sundar.be\/fr\/produit\/chi-huile-essentielle-dorange-douce-cultivar\/","title":{"rendered":"Chi Huile Essentielle d\u2019Orange Douce (Cultivar)"},"content":{"rendered":"<h2><strong>\u00c0 propos de la plante<\/strong><\/h2>\n<p>L\u2019oranger doux est un petit arbre persistant aux fleurs blanches parfum\u00e9es et aux feuilles brillantes. L\u2019arbre peut atteindre jusqu\u2019\u00e0 6 m\u00e8tres de haut et est originaire de Chine. Aujourd\u2019hui, il est cultiv\u00e9 autour de la M\u00e9diterran\u00e9e et en Am\u00e9rique du Nord (Floride). Cet arbre est plus petit que l\u2019oranger amer (Citrus aurantium var. amara), dont sont distill\u00e9s entre autres le n\u00e9roli et le petitgrain.   <\/p>\n<h2><strong>\u00c0 propos de l\u2019huile<\/strong><\/h2>\n<p>L\u2019huile essentielle d\u2019orange douce est obtenue par pression \u00e0 froid de l\u2019\u00e9corce du fruit m\u00fbr. Le rendement en huile essentielle est d\u2019environ 0,5 %, ce qui signifie qu\u2019il faut 200 kg d\u2019\u00e9corces m\u00fbres pour obtenir 1 litre d\u2019huile. La couleur de cette huile varie du jaune \u00e0 l\u2019orange, selon l\u2019esp\u00e8ce et la provenance. Son parfum est tr\u00e8s reconnaissable : vif, fruit\u00e9 et frais, avec une note sucr\u00e9e en arri\u00e8re-plan. L\u2019industrie du parfum utilise largement l\u2019orange douce dans les compositions fruit\u00e9es, o\u00f9 elle est caract\u00e9ris\u00e9e comme note de t\u00eate.     <\/p>\n","protected":false},"excerpt":{"rendered":"<p>\u00c0 propos de la plante L\u2019oranger doux est un petit arbre persistant aux fleurs blanches parfum\u00e9es et aux feuilles brillantes. L\u2019arbre peut atteindre jusqu\u2019\u00e0 6 m\u00e8tres de haut et est originaire de Chine. Aujourd\u2019hui, il est cultiv\u00e9 autour de la M\u00e9diterran\u00e9e et en Am\u00e9rique du Nord (Floride). Cet arbre est plus petit que l\u2019oranger amer [&hellip;]<\/p>\n","protected":false},"featured_media":55858,"comment_status":"open","ping_status":"closed","template":"","meta":{"_acf_changed":false},"product_brand":[],"product_cat":[6090,5678,6112,4972],"product_tag":[],"class_list":{"0":"post-55859","1":"product","2":"type-product","3":"status-publish","4":"has-post-thumbnail","6":"product_cat-chi-natural-life","7":"product_cat-huile-essentielles","8":"product_cat-huiles-essentielles-cultivees","9":"product_cat-nos-marques","10":"pa_inhoud-100-ml-fr","11":"pa_inhoud-20-ml-fr","13":"first","14":"instock","15":"taxable","16":"shipping-taxable","17":"product-type-variable"},"acf":[],"_links":{"self":[{"href":"https:\/\/sundar.be\/fr\/wp-json\/wp\/v2\/product\/55859","targetHints":{"allow":["GET"]}}],"collection":[{"href":"https:\/\/sundar.be\/fr\/wp-json\/wp\/v2\/product"}],"about":[{"href":"https:\/\/sundar.be\/fr\/wp-json\/wp\/v2\/types\/product"}],"replies":[{"embeddable":true,"href":"https:\/\/sundar.be\/fr\/wp-json\/wp\/v2\/comments?post=55859"}],"wp:featuredmedia":[{"embeddable":true,"href":"https:\/\/sundar.be\/fr\/wp-json\/wp\/v2\/media\/55858"}],"wp:attachment":[{"href":"https:\/\/sundar.be\/fr\/wp-json\/wp\/v2\/media?parent=55859"}],"wp:term":[{"taxonomy":"product_brand","embeddable":true,"href":"https:\/\/sundar.be\/fr\/wp-json\/wp\/v2\/product_brand?post=55859"},{"taxonomy":"product_cat","embeddable":true,"href":"https:\/\/sundar.be\/fr\/wp-json\/wp\/v2\/product_cat?post=55859"},{"taxonomy":"product_tag","embeddable":true,"href":"https:\/\/sundar.be\/fr\/wp-json\/wp\/v2\/product_tag?post=55859"}],"curies":[{"name":"wp","href":"https:\/\/api.w.org\/{rel}","templated":true}]}}