{"id":55857,"date":"2025-09-17T14:12:18","date_gmt":"2025-09-17T12:12:18","guid":{"rendered":"https:\/\/sundar.be\/product\/chi-diffuseur-daromes-space\/"},"modified":"2025-10-03T07:46:21","modified_gmt":"2025-10-03T05:46:21","slug":"chi-diffuseur-daromes-space","status":"publish","type":"product","link":"https:\/\/sundar.be\/fr\/produit\/chi-diffuseur-daromes-space\/","title":{"rendered":"Chi Diffuseur d\u2019Ar\u00f4mes Space"},"content":{"rendered":"<h2>Chi Diffuseur d\u2019Ar\u00f4mes Space<\/h2>\n<p>Le Space Aroma Diffuser est le mod\u00e8le couleur or ros\u00e9 de Chi ! Choisissez une diffusion intense, douce ou en mode intervalle. La lumi\u00e8re d\u2019ambiance chaude peut \u00eatre allum\u00e9e ou \u00e9teinte ind\u00e9pendamment, tout en conservant la diffusion. Ce diffuseur pour huiles essentielles combine trois fonctions tr\u00e8s utiles : diffusion de parfum, humidification de l\u2019air et purification de l\u2019air.   <\/p>\n<h3><strong>Diffusion d\u2019ar\u00f4mes<\/strong><\/h3>\n<p>Le diffuseur d\u2019ar\u00f4mes fonctionne avec une technologie ultrasonique. L\u2019eau et l\u2019huile essentielle sont transform\u00e9es en millions de micro-particules et forment une fine brume qui se r\u00e9pand rapidement dans la pi\u00e8ce. Cela permet non seulement de diffuser le parfum, mais aussi les effets sp\u00e9cifiques de chaque huile essentielle : Lavande pour la d\u00e9tente, Huiles stimulantes comme les agrumes et le romarin pour la concentration et le travail, Parfums d\u2019automne, d\u2019hiver ou de No\u00ebl, M\u00e9lange Happiness pour la bonne humeur, Huiles d\u2019agrumes ou florales pour une ambiance conviviale.       <\/p>\n<h3><strong>Luchtbevochtiging<\/strong><\/h3>\n<p>En plus du parfum, la vapeur d\u2019eau diffuse subtilement de l\u2019humidit\u00e9 dans la pi\u00e8ce. Id\u00e9al pour contrer l\u2019air sec, fr\u00e9quent en hiver avec le chauffage ou dans les espaces climatis\u00e9s. L\u2019air sec peut causer une peau d\u00e9shydrat\u00e9e, des l\u00e8vres gerc\u00e9es et d\u2019autres d\u00e9sagr\u00e9ments.   <\/p>\n<h3><strong>Purification de l\u2019air<\/strong><\/h3>\n<p>Ce diffuseur \u00e9lectrique a aussi une action ionisante : il augmente la quantit\u00e9 d\u2019ions n\u00e9gatifs, am\u00e9liorant ainsi la qualit\u00e9 de l\u2019air. Associ\u00e9 aux huiles essentielles naturellement purifiantes, il offre une atmosph\u00e8re plus saine.<br \/>La cloche en verre ros\u00e9 refl\u00e8te la pi\u00e8ce et cr\u00e9e un superbe effet lumineux dans l\u2019obscurit\u00e9 : un v\u00e9ritable objet d\u00e9co, y compris pour la chambre des enfants. <\/p>\n<p>En plus de toutes ces fonctions, ce diffuseur d\u2019ar\u00f4mes est aussi un v\u00e9ritable objet d\u00e9co. La cloche en verre du diffuseur Space est de couleur or ros\u00e9 : un v\u00e9ritable accroche-regard pour tout int\u00e9rieur. Gr\u00e2ce au verre r\u00e9fl\u00e9chissant, la pi\u00e8ce se refl\u00e8te et le diffuseur se fond parfaitement dans l\u2019espace. Dans l\u2019obscurit\u00e9, la cloche cr\u00e9e un bel effet lumineux, ce qui rend ce diffuseur particuli\u00e8rement appr\u00e9ci\u00e9 aussi par les enfants. Autant de raisons pour vous offrir ce diffuseur d\u2019ar\u00f4mes populaire.    <\/p>\n","protected":false},"excerpt":{"rendered":"<p>Chi Diffuseur d\u2019Ar\u00f4mes Space Le Space Aroma Diffuser est le mod\u00e8le couleur or ros\u00e9 de Chi ! Choisissez une diffusion intense, douce ou en mode intervalle. La lumi\u00e8re d\u2019ambiance chaude peut \u00eatre allum\u00e9e ou \u00e9teinte ind\u00e9pendamment, tout en conservant la diffusion. Ce diffuseur pour huiles essentielles combine trois fonctions tr\u00e8s utiles : diffusion de parfum, [&hellip;]<\/p>\n","protected":false},"featured_media":55852,"comment_status":"open","ping_status":"closed","template":"","meta":{"_acf_changed":false},"product_brand":[],"product_cat":[6090,4972,6117],"product_tag":[],"class_list":{"0":"post-55857","1":"product","2":"type-product","3":"status-publish","4":"has-post-thumbnail","6":"product_cat-chi-natural-life","7":"product_cat-nos-marques","8":"product_cat-pierres-parfumees-diffuseurs","10":"first","11":"instock","12":"taxable","13":"shipping-taxable","14":"product-type-simple"},"acf":[],"_links":{"self":[{"href":"https:\/\/sundar.be\/fr\/wp-json\/wp\/v2\/product\/55857","targetHints":{"allow":["GET"]}}],"collection":[{"href":"https:\/\/sundar.be\/fr\/wp-json\/wp\/v2\/product"}],"about":[{"href":"https:\/\/sundar.be\/fr\/wp-json\/wp\/v2\/types\/product"}],"replies":[{"embeddable":true,"href":"https:\/\/sundar.be\/fr\/wp-json\/wp\/v2\/comments?post=55857"}],"wp:featuredmedia":[{"embeddable":true,"href":"https:\/\/sundar.be\/fr\/wp-json\/wp\/v2\/media\/55852"}],"wp:attachment":[{"href":"https:\/\/sundar.be\/fr\/wp-json\/wp\/v2\/media?parent=55857"}],"wp:term":[{"taxonomy":"product_brand","embeddable":true,"href":"https:\/\/sundar.be\/fr\/wp-json\/wp\/v2\/product_brand?post=55857"},{"taxonomy":"product_cat","embeddable":true,"href":"https:\/\/sundar.be\/fr\/wp-json\/wp\/v2\/product_cat?post=55857"},{"taxonomy":"product_tag","embeddable":true,"href":"https:\/\/sundar.be\/fr\/wp-json\/wp\/v2\/product_tag?post=55857"}],"curies":[{"name":"wp","href":"https:\/\/api.w.org\/{rel}","templated":true}]}}