{"id":55848,"date":"2025-10-02T14:28:38","date_gmt":"2025-10-02T12:28:38","guid":{"rendered":"https:\/\/sundar.be\/product\/ionto-herb-tower\/"},"modified":"2025-10-02T15:18:12","modified_gmt":"2025-10-02T13:18:12","slug":"ionto-herb-tower","status":"publish","type":"product","link":"https:\/\/sundar.be\/fr\/produit\/ionto-herb-tower\/","title":{"rendered":"IONTO-HERB Tower"},"content":{"rendered":"<p><span dir=\"auto\">L\u2019IONTO-HERB est le grand classique des appareils de vapeur aux herbes et aux ar\u00f4mes. Le r\u00e9glage ergonomique et fonctionnel du volume et du temps de vapeur, int\u00e9gr\u00e9 dans la poign\u00e9e, assure un soutien optimal pendant le traitement. Le mod\u00e8le TOWER est particuli\u00e8rement id\u00e9al pour des extensions modulaires avec divers syst\u00e8mes de traitement de la s\u00e9rie IONTO MODULAR.  <\/span><\/p>\n<h4><span dir=\"auto\">R\u00e9glage de la quantit\u00e9 de vapeur et minuterie pour la dur\u00e9e de votre traitement<\/span><\/h4>\n<p><span dir=\"auto\">En plus du r\u00e9glage de la vapeur, le pot IONTO-HERB offre un r\u00e9glage du temps de diffusion de 5 \u00e0 30 minutes.<\/span><\/p>\n<h4><span dir=\"auto\">Utilisation simple \u2013 traitement efficace<\/span><\/h4>\n<p><span dir=\"auto\">Ce g\u00e9n\u00e9rateur de vapeur est enti\u00e8rement contr\u00f4l\u00e9 \u00e9lectroniquement, ce qui garantit que seule de la vapeur sort du tube. La quantit\u00e9 de vapeur peut \u00eatre adapt\u00e9e \u00e0 votre type de peau. Seule l\u2019eau du robinet convient pour la production de vapeur. Le clavier \u00e0 membrane, facile \u00e0 utiliser, ainsi que la minuterie r\u00e9glable simplifient votre travail pendant le traitement. Le bo\u00eetier stable peut accueillir tous les appareils modulaires et permet de fixer toutes les lampes-loupes IONTO-COMED. Un bac collecteur avec couvercle basculant et un support pratique pour le bac \u00e0 accessoires ou le r\u00e9servoir d\u2019eau sont d\u00e9j\u00e0 int\u00e9gr\u00e9s.     <\/span><\/p>\n<p><strong>LIVRAISON:<\/strong><\/p>\n<ul>\n<li>IONTO-HERB TOWER avec diffuseur de vapeur,<\/li>\n<li>Tamis \u00e0 herbes<\/li>\n<li>Possibilit\u00e9 de fixation pour une lampe-loupe, une petite poubelle et un bac \u00e0 eau<\/li>\n<\/ul>\n<p><strong>DONN\u00c9ES TECHNIQUES :<\/strong><\/p>\n<ul>\n<li>Tension : 30 V \/ 50\u201360 Hz<\/li>\n<li>Dimensions : 100 cm \/ 40 cm \/ 43 cm<\/li>\n<li>Poids : 26 kg<\/li>\n<\/ul>\n","protected":false},"excerpt":{"rendered":"<p>L\u2019appareil cosm\u00e9tique \u00e9prouv\u00e9 pour les soins \u00e0 la vapeur aux herbes et aux ar\u00f4mes, avec un design robuste et efficace, \u00e9quip\u00e9 d\u2019un support pour une lampe-loupe et d\u2019autres accessoires.<\/p>\n","protected":false},"featured_media":55822,"comment_status":"open","ping_status":"closed","template":"","meta":{"_acf_changed":false},"product_brand":[],"product_cat":[4945,4769,4789,6164,4982,4972,5774,5058],"product_tag":[],"class_list":{"0":"post-55848","1":"product","2":"type-product","3":"status-publish","4":"has-post-thumbnail","6":"product_cat-amenagement-institut-webshop-fr","7":"product_cat-amenagement-appareils","8":"product_cat-appareils-de-beaute","9":"product_cat-appareils-ionto","10":"product_cat-ionto-comed-fr","11":"product_cat-nos-marques","12":"product_cat-vapozone-fr","13":"product_cat-webshop-fr","14":"pa_kleur-ionto-herb-tower-met-grijze-ring","15":"pa_kleur-ionto-herb-tower-met-witte-ring","17":"first","18":"instock","19":"taxable","20":"shipping-taxable","21":"product-type-variable"},"acf":[],"_links":{"self":[{"href":"https:\/\/sundar.be\/fr\/wp-json\/wp\/v2\/product\/55848","targetHints":{"allow":["GET"]}}],"collection":[{"href":"https:\/\/sundar.be\/fr\/wp-json\/wp\/v2\/product"}],"about":[{"href":"https:\/\/sundar.be\/fr\/wp-json\/wp\/v2\/types\/product"}],"replies":[{"embeddable":true,"href":"https:\/\/sundar.be\/fr\/wp-json\/wp\/v2\/comments?post=55848"}],"wp:featuredmedia":[{"embeddable":true,"href":"https:\/\/sundar.be\/fr\/wp-json\/wp\/v2\/media\/55822"}],"wp:attachment":[{"href":"https:\/\/sundar.be\/fr\/wp-json\/wp\/v2\/media?parent=55848"}],"wp:term":[{"taxonomy":"product_brand","embeddable":true,"href":"https:\/\/sundar.be\/fr\/wp-json\/wp\/v2\/product_brand?post=55848"},{"taxonomy":"product_cat","embeddable":true,"href":"https:\/\/sundar.be\/fr\/wp-json\/wp\/v2\/product_cat?post=55848"},{"taxonomy":"product_tag","embeddable":true,"href":"https:\/\/sundar.be\/fr\/wp-json\/wp\/v2\/product_tag?post=55848"}],"curies":[{"name":"wp","href":"https:\/\/api.w.org\/{rel}","templated":true}]}}