{"id":55847,"date":"2025-09-17T14:17:56","date_gmt":"2025-09-17T12:17:56","guid":{"rendered":"https:\/\/sundar.be\/product\/chi-tea-tree-shampoo-bar-80g\/"},"modified":"2025-10-02T15:00:12","modified_gmt":"2025-10-02T13:00:12","slug":"chi-tea-tree-shampoo-bar-80g","status":"publish","type":"product","link":"https:\/\/sundar.be\/fr\/produit\/chi-tea-tree-shampoo-bar-80g\/","title":{"rendered":"Chi Tea Tree Shampoo Bar 80g"},"content":{"rendered":"<h2>Tea Tree Shampoo Bar<\/h2>\n<p>Soin naturel, efficace et durable : d\u00e9couvrez la Tea Tree Shampoo Bar.<br \/>\nCette barre solide remplace le shampoing liquide au tea tree : 1 barre \u00e9quivaut \u00e0 3 flacons de 200 ml.<\/p>\n<p>La Tea Tree Shampoo Bar nettoie, nourrit et prend soin des cheveux tout en leur apportant de la brillance.<br \/>Un nettoyage doux, adapt\u00e9 aux probl\u00e8mes capillaires quotidiens, pour petits et grands. Des recherches scientifiques ont montr\u00e9 qu\u2019un shampoing au tea tree peut \u00eatre d\u2019une grande aide contre les pellicules \u2013 et cela de mani\u00e8re 100 % naturelle.   <\/p>\n<p>En plus de l\u2019huile essentielle biologique de tea tree, cette barre contient de la v\u00e9ritable lavande bulgare, du romarin, du g\u00e9ranium, de la citronnelle et du c\u00e8dre de l\u2019Atlas. La base de la barre est compos\u00e9e d\u2019huiles v\u00e9g\u00e9tales nourrissantes et protectrices : huile de coco, huile de ricin, huile d\u2019argan et huile de graines de chanvre. <\/p>\n<p class=\"p1\">Dans la m\u00e9decine traditionnelle chinoise, le romarin est reconnu comme plante apportant l\u2019\u00e9nergie \u00e0 la t\u00eate, mais il favorise aussi l\u2019\u00e9nergie au niveau de la peau. Ces propri\u00e9t\u00e9s en font un ingr\u00e9dient pr\u00e9cieux en cas de probl\u00e8mes de pousse, de chute de cheveux ou de croissance ralentie. En soin capillaire, l\u2019huile de ricin densifie et fortifie la chevelure. Les cheveux secs ou cassants retrouvent sant\u00e9 et brillance. <a href=\"https:\/\/sundar.be\/produit\/chi-arganolie-biologisch-50ml\/\">Huile d&rsquo;argan<\/a> prot\u00e8ge, adoucit, rend les cheveux brillants, antistatiques et maintient leur vitalit\u00e9.   <\/p>\n<p class=\"p1\">R\u00e9sultat : des cheveux propres, doux et parfum\u00e9s. Les huiles essentielles Chi offrent un ar\u00f4me agr\u00e9able qui vous accompagne bien apr\u00e8s votre moment de soin. <\/p>\n","protected":false},"excerpt":{"rendered":"<p>Tea Tree Shampoo Bar Soin naturel, efficace et durable : d\u00e9couvrez la Tea Tree Shampoo Bar. Cette barre solide remplace le shampoing liquide au tea tree : 1 barre \u00e9quivaut \u00e0 3 flacons de 200 ml. La Tea Tree Shampoo Bar nettoie, nourrit et prend soin des cheveux tout en leur apportant de la brillance.Un [&hellip;]<\/p>\n","protected":false},"featured_media":55843,"comment_status":"open","ping_status":"closed","template":"","meta":{"_acf_changed":false},"product_brand":[],"product_cat":[6090,6106,4972],"product_tag":[],"class_list":{"0":"post-55847","1":"product","2":"type-product","3":"status-publish","4":"has-post-thumbnail","6":"product_cat-chi-natural-life","7":"product_cat-chi-soin-de-la-peau","8":"product_cat-nos-marques","10":"first","11":"instock","12":"taxable","13":"shipping-taxable","14":"product-type-simple"},"acf":[],"_links":{"self":[{"href":"https:\/\/sundar.be\/fr\/wp-json\/wp\/v2\/product\/55847","targetHints":{"allow":["GET"]}}],"collection":[{"href":"https:\/\/sundar.be\/fr\/wp-json\/wp\/v2\/product"}],"about":[{"href":"https:\/\/sundar.be\/fr\/wp-json\/wp\/v2\/types\/product"}],"replies":[{"embeddable":true,"href":"https:\/\/sundar.be\/fr\/wp-json\/wp\/v2\/comments?post=55847"}],"wp:featuredmedia":[{"embeddable":true,"href":"https:\/\/sundar.be\/fr\/wp-json\/wp\/v2\/media\/55843"}],"wp:attachment":[{"href":"https:\/\/sundar.be\/fr\/wp-json\/wp\/v2\/media?parent=55847"}],"wp:term":[{"taxonomy":"product_brand","embeddable":true,"href":"https:\/\/sundar.be\/fr\/wp-json\/wp\/v2\/product_brand?post=55847"},{"taxonomy":"product_cat","embeddable":true,"href":"https:\/\/sundar.be\/fr\/wp-json\/wp\/v2\/product_cat?post=55847"},{"taxonomy":"product_tag","embeddable":true,"href":"https:\/\/sundar.be\/fr\/wp-json\/wp\/v2\/product_tag?post=55847"}],"curies":[{"name":"wp","href":"https:\/\/api.w.org\/{rel}","templated":true}]}}