{"id":55842,"date":"2025-09-17T14:19:13","date_gmt":"2025-09-17T12:19:13","guid":{"rendered":"https:\/\/sundar.be\/product\/chi-huile-essentielle-de-thuya-sauvage-10-ml\/"},"modified":"2025-10-02T14:54:53","modified_gmt":"2025-10-02T12:54:53","slug":"chi-huile-essentielle-de-thuya-sauvage-10-ml","status":"publish","type":"product","link":"https:\/\/sundar.be\/fr\/produit\/chi-huile-essentielle-de-thuya-sauvage-10-ml\/","title":{"rendered":"Chi Huile Essentielle de Thuya (Sauvage) 10 ml"},"content":{"rendered":"<p>L\u2019arbre de vie, que nous connaissons comme arbuste de haie, est tr\u00e8s pr\u00e9sent dans de nombreux jardins. L\u2019odeur de son huile est piquante et l\u00e9g\u00e8rement camphr\u00e9e. Comme beaucoup d\u2019autres conif\u00e8res et pins, l\u2019huile de thuya exerce un effet calmant. Elle est particuli\u00e8rement utile lorsqu\u2019une bonne concentration est n\u00e9cessaire, par exemple au travail ou pendant les \u00e9tudes. Appliqu\u00e9e sur la peau (dilu\u00e9e dans une huile de base), l\u2019huile de thuya peut \u00eatre utilis\u00e9e pour les peaux grasses et les imperfections. Elle peut \u00e9galement \u00eatre utilis\u00e9e dans les soins cosm\u00e9tiques contre les verrues : appliquer une goutte sur un coton-tige et tamponner directement la verrue. Les r\u00e9sultats peuvent varier.       <\/p>\n","protected":false},"excerpt":{"rendered":"<p>L\u2019arbre de vie, que nous connaissons comme arbuste de haie, est tr\u00e8s pr\u00e9sent dans de nombreux jardins. L\u2019odeur de son huile est piquante et l\u00e9g\u00e8rement camphr\u00e9e. Comme beaucoup d\u2019autres conif\u00e8res et pins, l\u2019huile de thuya exerce un effet calmant. Elle est particuli\u00e8rement utile lorsqu\u2019une bonne concentration est n\u00e9cessaire, par exemple au travail ou pendant les [&hellip;]<\/p>\n","protected":false},"featured_media":55841,"comment_status":"open","ping_status":"closed","template":"","meta":{"_acf_changed":false},"product_brand":[],"product_cat":[6090,5678,6113,4972],"product_tag":[],"class_list":{"0":"post-55842","1":"product","2":"type-product","3":"status-publish","4":"has-post-thumbnail","6":"product_cat-chi-natural-life","7":"product_cat-huile-essentielles","8":"product_cat-huiles-essentielles-sauvages","9":"product_cat-nos-marques","11":"first","12":"instock","13":"taxable","14":"shipping-taxable","15":"product-type-simple"},"acf":[],"_links":{"self":[{"href":"https:\/\/sundar.be\/fr\/wp-json\/wp\/v2\/product\/55842","targetHints":{"allow":["GET"]}}],"collection":[{"href":"https:\/\/sundar.be\/fr\/wp-json\/wp\/v2\/product"}],"about":[{"href":"https:\/\/sundar.be\/fr\/wp-json\/wp\/v2\/types\/product"}],"replies":[{"embeddable":true,"href":"https:\/\/sundar.be\/fr\/wp-json\/wp\/v2\/comments?post=55842"}],"wp:featuredmedia":[{"embeddable":true,"href":"https:\/\/sundar.be\/fr\/wp-json\/wp\/v2\/media\/55841"}],"wp:attachment":[{"href":"https:\/\/sundar.be\/fr\/wp-json\/wp\/v2\/media?parent=55842"}],"wp:term":[{"taxonomy":"product_brand","embeddable":true,"href":"https:\/\/sundar.be\/fr\/wp-json\/wp\/v2\/product_brand?post=55842"},{"taxonomy":"product_cat","embeddable":true,"href":"https:\/\/sundar.be\/fr\/wp-json\/wp\/v2\/product_cat?post=55842"},{"taxonomy":"product_tag","embeddable":true,"href":"https:\/\/sundar.be\/fr\/wp-json\/wp\/v2\/product_tag?post=55842"}],"curies":[{"name":"wp","href":"https:\/\/api.w.org\/{rel}","templated":true}]}}