{"id":55840,"date":"2025-09-17T14:20:27","date_gmt":"2025-09-17T12:20:27","guid":{"rendered":"https:\/\/sundar.be\/product\/chi-huile-essentielle-de-thym-sauvage-10-ml\/"},"modified":"2025-10-02T14:54:00","modified_gmt":"2025-10-02T12:54:00","slug":"chi-huile-essentielle-de-thym-sauvage-10-ml","status":"publish","type":"product","link":"https:\/\/sundar.be\/fr\/produit\/chi-huile-essentielle-de-thym-sauvage-10-ml\/","title":{"rendered":"Chi Huile Essentielle de Thym (Sauvage) 10 ml"},"content":{"rendered":"<p>Cette huile est plus agr\u00e9able \u00e0 diffuser que l\u2019huile de thym thymol, gr\u00e2ce \u00e0 ses notes fra\u00eeches. Le thym sauvage apporte une atmosph\u00e8re fra\u00eeche et pure dans la pi\u00e8ce et peut aider \u00e0 mieux se concentrer lors de l\u2019\u00e9tude. Appliqu\u00e9 sur la peau (dilu\u00e9 dans une huile de base), le thym peut \u00eatre utilis\u00e9 en huile de friction pour assouplir les muscles et les articulations.     <\/p>\n","protected":false},"excerpt":{"rendered":"<p>Cette huile provient du thym sauvage ou thym rampant. Une petite plante dot\u00e9e d\u2019une grande puissance \u2013 et cela se sent : une fragrance intense, \u00e9pic\u00e9e avec une touche sucr\u00e9e.  <\/p>\n","protected":false},"featured_media":55718,"comment_status":"open","ping_status":"closed","template":"","meta":{"_acf_changed":false},"product_brand":[],"product_cat":[6090,5678,6113,4972],"product_tag":[],"class_list":{"0":"post-55840","1":"product","2":"type-product","3":"status-publish","4":"has-post-thumbnail","6":"product_cat-chi-natural-life","7":"product_cat-huile-essentielles","8":"product_cat-huiles-essentielles-sauvages","9":"product_cat-nos-marques","11":"first","12":"instock","13":"taxable","14":"shipping-taxable","15":"product-type-simple"},"acf":[],"_links":{"self":[{"href":"https:\/\/sundar.be\/fr\/wp-json\/wp\/v2\/product\/55840","targetHints":{"allow":["GET"]}}],"collection":[{"href":"https:\/\/sundar.be\/fr\/wp-json\/wp\/v2\/product"}],"about":[{"href":"https:\/\/sundar.be\/fr\/wp-json\/wp\/v2\/types\/product"}],"replies":[{"embeddable":true,"href":"https:\/\/sundar.be\/fr\/wp-json\/wp\/v2\/comments?post=55840"}],"wp:featuredmedia":[{"embeddable":true,"href":"https:\/\/sundar.be\/fr\/wp-json\/wp\/v2\/media\/55718"}],"wp:attachment":[{"href":"https:\/\/sundar.be\/fr\/wp-json\/wp\/v2\/media?parent=55840"}],"wp:term":[{"taxonomy":"product_brand","embeddable":true,"href":"https:\/\/sundar.be\/fr\/wp-json\/wp\/v2\/product_brand?post=55840"},{"taxonomy":"product_cat","embeddable":true,"href":"https:\/\/sundar.be\/fr\/wp-json\/wp\/v2\/product_cat?post=55840"},{"taxonomy":"product_tag","embeddable":true,"href":"https:\/\/sundar.be\/fr\/wp-json\/wp\/v2\/product_tag?post=55840"}],"curies":[{"name":"wp","href":"https:\/\/api.w.org\/{rel}","templated":true}]}}