{"id":55838,"date":"2025-09-17T14:21:51","date_gmt":"2025-09-17T12:21:51","guid":{"rendered":"https:\/\/sundar.be\/product\/chi-huile-essentielle-dencens-sauvage-10-ml\/"},"modified":"2025-10-02T14:52:55","modified_gmt":"2025-10-02T12:52:55","slug":"chi-huile-essentielle-dencens-sauvage-10-ml","status":"publish","type":"product","link":"https:\/\/sundar.be\/fr\/produit\/chi-huile-essentielle-dencens-sauvage-10-ml\/","title":{"rendered":"Chi Huile Essentielle d\u2019Encens (Sauvage) 10 ml"},"content":{"rendered":"<p>L\u2019huile d\u2019encens provient de l\u2019arbre Boswellia, qui pousse dans les r\u00e9gions s\u00e8ches et montagneuses de l\u2019Arabie et de la Corne de l\u2019Afrique, comme la Somalie, l\u2019Iran, le Y\u00e9men et Oman. Le Boswellia carterii est un arbre \u00e0 r\u00e9sine, sempervirent, pouvant atteindre 5 m\u00e8tres de haut. L\u2019huile essentielle est obtenue par distillation \u00e0 la vapeur de sa r\u00e9sine aromatique : il faut environ 20 kg de r\u00e9sine pour obtenir 1 litre d\u2019huile. Son parfum est r\u00e9sineux, \u00e9pic\u00e9, l\u00e9g\u00e8rement citronn\u00e9 avec une touche de conif\u00e8res. Id\u00e9al donc pour les amateurs de senteurs \u00e9pic\u00e9es. L\u2019encens est \u00e9galement connu sous le nom anglais Frankincense.     <\/p>\n","protected":false},"excerpt":{"rendered":"<p>L\u2019odeur de l\u2019encens, \u00e9galement connu sous le nom de frankincense, est r\u00e9sineuse, \u00e9pic\u00e9e, l\u00e9g\u00e8rement citronn\u00e9e avec une note de fond de conif\u00e8res. Cette huile est donc id\u00e9ale si vous aimez les senteurs \u00e9pic\u00e9es. <\/p>\n","protected":false},"featured_media":58005,"comment_status":"open","ping_status":"closed","template":"","meta":{"_acf_changed":false},"product_brand":[],"product_cat":[6090,5678,6113,4972],"product_tag":[],"class_list":{"0":"post-55838","1":"product","2":"type-product","3":"status-publish","4":"has-post-thumbnail","6":"product_cat-chi-natural-life","7":"product_cat-huile-essentielles","8":"product_cat-huiles-essentielles-sauvages","9":"product_cat-nos-marques","11":"first","12":"instock","13":"taxable","14":"shipping-taxable","15":"product-type-simple"},"acf":[],"_links":{"self":[{"href":"https:\/\/sundar.be\/fr\/wp-json\/wp\/v2\/product\/55838","targetHints":{"allow":["GET"]}}],"collection":[{"href":"https:\/\/sundar.be\/fr\/wp-json\/wp\/v2\/product"}],"about":[{"href":"https:\/\/sundar.be\/fr\/wp-json\/wp\/v2\/types\/product"}],"replies":[{"embeddable":true,"href":"https:\/\/sundar.be\/fr\/wp-json\/wp\/v2\/comments?post=55838"}],"wp:featuredmedia":[{"embeddable":true,"href":"https:\/\/sundar.be\/fr\/wp-json\/wp\/v2\/media\/58005"}],"wp:attachment":[{"href":"https:\/\/sundar.be\/fr\/wp-json\/wp\/v2\/media?parent=55838"}],"wp:term":[{"taxonomy":"product_brand","embeddable":true,"href":"https:\/\/sundar.be\/fr\/wp-json\/wp\/v2\/product_brand?post=55838"},{"taxonomy":"product_cat","embeddable":true,"href":"https:\/\/sundar.be\/fr\/wp-json\/wp\/v2\/product_cat?post=55838"},{"taxonomy":"product_tag","embeddable":true,"href":"https:\/\/sundar.be\/fr\/wp-json\/wp\/v2\/product_tag?post=55838"}],"curies":[{"name":"wp","href":"https:\/\/api.w.org\/{rel}","templated":true}]}}