{"id":55837,"date":"2025-09-17T14:22:59","date_gmt":"2025-09-17T12:22:59","guid":{"rendered":"https:\/\/sundar.be\/product\/chi-wintergreen-huile-essentielle-sauvage-10ml\/"},"modified":"2025-10-02T14:49:51","modified_gmt":"2025-10-02T12:49:51","slug":"chi-wintergreen-huile-essentielle-sauvage-10ml","status":"publish","type":"product","link":"https:\/\/sundar.be\/fr\/produit\/chi-wintergreen-huile-essentielle-sauvage-10ml\/","title":{"rendered":"Chi Wintergreen Huile Essentielle (Sauvage) 10ml"},"content":{"rendered":"<p>En Am\u00e9rique du Nord, les Indiens connaissent depuis longtemps le wintergreen comme \u00ab l\u2019huile contre la douleur \u00bb. En cas de douleurs, les feuilles \u00e9taient m\u00e2ch\u00e9es ou consomm\u00e9es en infusion. Incorpor\u00e9e dans une huile de base, cette huile peut \u00eatre utilis\u00e9e pour assouplir les muscles et les articulations. Elle est compos\u00e9e presque enti\u00e8rement d\u2019un seul ingr\u00e9dient : le m\u00e9thylsalicylate. Cette huile est tr\u00e8s utilis\u00e9e lors des massages.    <\/p>\n","protected":false},"excerpt":{"rendered":"<p>En Am\u00e9rique du Nord, les Indiens connaissent depuis longtemps le wintergreen comme \u00ab l\u2019huile contre la douleur \u00bb. En cas de douleurs, les feuilles \u00e9taient m\u00e2ch\u00e9es ou consomm\u00e9es en infusion. Incorpor\u00e9e dans une huile de base, cette huile peut \u00eatre utilis\u00e9e pour assouplir les muscles et les articulations. Elle est compos\u00e9e presque enti\u00e8rement d\u2019un seul [&hellip;]<\/p>\n","protected":false},"featured_media":55721,"comment_status":"open","ping_status":"closed","template":"","meta":{"_acf_changed":false},"product_brand":[],"product_cat":[6090,5678,6113,4972],"product_tag":[],"class_list":{"0":"post-55837","1":"product","2":"type-product","3":"status-publish","4":"has-post-thumbnail","6":"product_cat-chi-natural-life","7":"product_cat-huile-essentielles","8":"product_cat-huiles-essentielles-sauvages","9":"product_cat-nos-marques","11":"first","12":"instock","13":"taxable","14":"shipping-taxable","15":"product-type-simple"},"acf":[],"_links":{"self":[{"href":"https:\/\/sundar.be\/fr\/wp-json\/wp\/v2\/product\/55837","targetHints":{"allow":["GET"]}}],"collection":[{"href":"https:\/\/sundar.be\/fr\/wp-json\/wp\/v2\/product"}],"about":[{"href":"https:\/\/sundar.be\/fr\/wp-json\/wp\/v2\/types\/product"}],"replies":[{"embeddable":true,"href":"https:\/\/sundar.be\/fr\/wp-json\/wp\/v2\/comments?post=55837"}],"wp:featuredmedia":[{"embeddable":true,"href":"https:\/\/sundar.be\/fr\/wp-json\/wp\/v2\/media\/55721"}],"wp:attachment":[{"href":"https:\/\/sundar.be\/fr\/wp-json\/wp\/v2\/media?parent=55837"}],"wp:term":[{"taxonomy":"product_brand","embeddable":true,"href":"https:\/\/sundar.be\/fr\/wp-json\/wp\/v2\/product_brand?post=55837"},{"taxonomy":"product_cat","embeddable":true,"href":"https:\/\/sundar.be\/fr\/wp-json\/wp\/v2\/product_cat?post=55837"},{"taxonomy":"product_tag","embeddable":true,"href":"https:\/\/sundar.be\/fr\/wp-json\/wp\/v2\/product_tag?post=55837"}],"curies":[{"name":"wp","href":"https:\/\/api.w.org\/{rel}","templated":true}]}}