{"id":55835,"date":"2025-09-23T10:34:10","date_gmt":"2025-09-23T08:34:10","guid":{"rendered":"https:\/\/sundar.be\/product\/bio-active-skin-peel-6x6ml\/"},"modified":"2025-10-02T14:48:06","modified_gmt":"2025-10-02T12:48:06","slug":"bio-active-skin-peel-6x6ml","status":"publish","type":"product","link":"https:\/\/sundar.be\/fr\/produit\/bio-active-skin-peel-6x6ml\/","title":{"rendered":"Bio Active Skin Peel, 6x6ml"},"content":{"rendered":"<h2>Qu\u2019est-ce que le Bio Active Skin Peel ?<\/h2>\n<ul>\n<li>Un produit de peeling cosm\u00e9tique s\u00fbr, au niveau m\u00e9dical.<\/li>\n<li>Un peeling chimique innovant \u00e0 l\u2019action biostimulante, revitalisante et exfoliante.<\/li>\n<li>La composition innovante d\u2019actifs issus de diff\u00e9rents acides (AHA), de vitamines et d\u2019acides amin\u00e9s contribue \u00e0 une biostimulation profonde, \u00e0 la revitalisation et \u00e0 la r\u00e9g\u00e9n\u00e9ration cellulaire, afin de contrer les effets du vieillissement cutan\u00e9 et les dommages oxydatifs dus aux rayons UV et \u00e0 la pollution.<\/li>\n<li>Il aide \u00e0 combattre l\u2019acn\u00e9 et \u00e0 \u00e9liminer les com\u00e9dons. Le facteur d\u2019hydratation assure une agr\u00e9able sensation de confort apr\u00e8s le traitement et un teint frais et \u00e9clatant. <\/li>\n<\/ul>\n<h2>Que signifie Bio-stimulant en cosm\u00e9tique ?<\/h2>\n<p>Les biostimulants sont des actifs essentiels en cosm\u00e9tique, car ils revitalisent, renforcent et prot\u00e8gent la peau au niveau cellulaire.<\/p>\n<p>Stimulation de la r\u00e9g\u00e9n\u00e9ration cellulaire : activation de la division et du renouvellement des cellules.<\/p>\n<ul>\n<li>Activation des fibroblastes pour renforcer et consolider les structures cutan\u00e9es comme le collag\u00e8ne et l\u2019\u00e9lastine.<\/li>\n<li>Activation des fibroblastes pour renforcer et consolider les structures cutan\u00e9es comme le collag\u00e8ne et l\u2019\u00e9lastine.<\/li>\n<li>Am\u00e9lioration de la microcirculation et des \u00e9changes en nutriments et oxyg\u00e8ne dans la peau.<\/li>\n<li>Action antioxydante pour prot\u00e9ger la peau contre les radicaux libres.<\/li>\n<li>Am\u00e9lioration de la r\u00e9tention d\u2019eau et de la barri\u00e8re cutan\u00e9e, rendant la peau plus forte et mieux prot\u00e9g\u00e9e.<\/li>\n<\/ul>\n<h2>Le Bio Active Skin Peel est-il s\u00fbr ?<\/h2>\n<p><strong>Une m\u00e9thode s\u00fbre et efficace.<\/strong><\/p>\n<p>Le BioActive Skin Peel utilise une technique de peeling chimique moyennement profond, r\u00e9alis\u00e9e de mani\u00e8re professionnelle. Il offre une solution efficace pour rajeunir la peau et am\u00e9liorer l\u2019absorption des nutriments \u2013 id\u00e9al pour les clients souhaitant une am\u00e9lioration visible de leur peau. <\/p>\n<p>C\u2019est un traitement s\u00fbr et efficace lorsqu\u2019il est pratiqu\u00e9 par un professionnel.<br \/>De l\u00e9gers effets secondaires comme des rougeurs ou une s\u00e9cheresse peuvent appara\u00eetre, mais ils sont temporaires et font partie du processus de r\u00e9g\u00e9n\u00e9ration. <\/p>\n<p>De plus, la formule du BioActive Skin Peel n\u2019est pas photosensibilisante, la peau ne devient donc pas plus sensible \u00e0 la lumi\u00e8re du soleil.<br \/>\nL\u2019utilisation d\u2019une protection solaire (SPF) reste bien entendu indispensable.<\/p>\n","protected":false},"excerpt":{"rendered":"<p>Le BioActive Skin Peel : une m\u00e9thode de peeling chimique moyennement profond, professionnelle, s\u00fbre et efficace, pour une peau rajeunie, revitalis\u00e9e et \u00e9clatante. <\/p>\n","protected":false},"featured_media":55733,"comment_status":"open","ping_status":"closed","template":"","meta":{"_acf_changed":false},"product_brand":[],"product_cat":[2683,2693,2707],"product_tag":[],"class_list":{"0":"post-55835","1":"product","2":"type-product","3":"status-publish","4":"has-post-thumbnail","6":"product_cat-monteil-fr","7":"product_cat-monteil-nettoyage-exfoliation","8":"product_cat-monteil-professionals-fr","10":"first","11":"instock","12":"taxable","13":"shipping-taxable","14":"product-type-simple"},"acf":[],"_links":{"self":[{"href":"https:\/\/sundar.be\/fr\/wp-json\/wp\/v2\/product\/55835","targetHints":{"allow":["GET"]}}],"collection":[{"href":"https:\/\/sundar.be\/fr\/wp-json\/wp\/v2\/product"}],"about":[{"href":"https:\/\/sundar.be\/fr\/wp-json\/wp\/v2\/types\/product"}],"replies":[{"embeddable":true,"href":"https:\/\/sundar.be\/fr\/wp-json\/wp\/v2\/comments?post=55835"}],"wp:featuredmedia":[{"embeddable":true,"href":"https:\/\/sundar.be\/fr\/wp-json\/wp\/v2\/media\/55733"}],"wp:attachment":[{"href":"https:\/\/sundar.be\/fr\/wp-json\/wp\/v2\/media?parent=55835"}],"wp:term":[{"taxonomy":"product_brand","embeddable":true,"href":"https:\/\/sundar.be\/fr\/wp-json\/wp\/v2\/product_brand?post=55835"},{"taxonomy":"product_cat","embeddable":true,"href":"https:\/\/sundar.be\/fr\/wp-json\/wp\/v2\/product_cat?post=55835"},{"taxonomy":"product_tag","embeddable":true,"href":"https:\/\/sundar.be\/fr\/wp-json\/wp\/v2\/product_tag?post=55835"}],"curies":[{"name":"wp","href":"https:\/\/api.w.org\/{rel}","templated":true}]}}