{"id":55816,"date":"2025-10-02T14:15:13","date_gmt":"2025-10-02T12:15:13","guid":{"rendered":"https:\/\/sundar.be\/product\/ionto-scope-api-100\/"},"modified":"2025-10-02T14:20:59","modified_gmt":"2025-10-02T12:20:59","slug":"ionto-scope-api-100","status":"publish","type":"product","link":"https:\/\/sundar.be\/fr\/produit\/ionto-scope-api-100\/","title":{"rendered":"IONTO-SCOPE API 100"},"content":{"rendered":"<p><span dir=\"auto\">La nouvelle g\u00e9n\u00e9ration d\u2019IONTO-SCOPE se pr\u00e9sente dans un design renouvel\u00e9. Bien que le pratique IONTO-SCOPE API 100 capture toujours des images d\u2019une nettet\u00e9 exceptionnelle, nous entrons dans une nouvelle gamme de prix gr\u00e2ce \u00e0 la suppression de l\u2019\u00e9cran int\u00e9gr\u00e9. La cam\u00e9ra, utilis\u00e9e pour des analyses professionnelles de la peau avant les soins du visage, est d\u00e9sormais accessible m\u00eame pour les budgets limit\u00e9s, faisant d\u2019elle un outil pr\u00e9cieux pour visualiser le succ\u00e8s de vos traitements. De nombreuses options d\u2019analyse \u00e9prouv\u00e9es, dans un nouveau design, sont transform\u00e9es en graphiques rapides \u00e0 comprendre et pr\u00e9sent\u00e9es sous forme de rapports faciles \u00e0 interpr\u00e9ter.   <\/span><\/p>\n<h4><span dir=\"auto\">Cam\u00e9ra d\u2019analyse cutan\u00e9e avec mesure de :<\/span><\/h4>\n<ul>\n<li><span dir=\"auto\">Hydratation de la peau<\/span><\/li>\n<li><span dir=\"auto\">\u00c9lasticit\u00e9 cutan\u00e9e<\/span><\/li>\n<li><span dir=\"auto\">S\u00e9bum<\/span><\/li>\n<li><span dir=\"auto\">Acn\u00e9<\/span><\/li>\n<li><span dir=\"auto\">Pores<\/span><\/li>\n<li><span dir=\"auto\">Teneur en m\u00e9lanine<\/span><\/li>\n<li><span dir=\"auto\">H\u00e9moglobine<\/span><\/li>\n<li><span dir=\"auto\">Rides<\/span><\/li>\n<\/ul>\n<h4><span dir=\"auto\">Fonctions<\/span><\/h4>\n<ul>\n<li><span dir=\"auto\">Navigation par menu via une application pour ordinateur, smartphone et tablette (Android, iOS, Windows, Mac OS)<\/span><\/li>\n<li><span dir=\"auto\">Capteurs de mesure int\u00e9gr\u00e9s<\/span><\/li>\n<li><span dir=\"auto\">Comparaison des images avec celles enregistr\u00e9es comme r\u00e9f\u00e9rence et avec des analyses ant\u00e9rieures<\/span><\/li>\n<li><span dir=\"auto\">Possibilit\u00e9 de cr\u00e9er des fiches clients et d\u2019y enregistrer les r\u00e9sultats de mesure<\/span><\/li>\n<li><span dir=\"auto\">Analyse graphique de l\u2019\u00e9tat global de la peau <\/span><\/li>\n<li><span dir=\"auto\">Transmission de l\u2019affichage via Wi-Fi<\/span><\/li>\n<\/ul>\n<p><strong>LIVRAISON:<\/strong><\/p>\n<ul>\n<li>Station de recharge<\/li>\n<li>1 batterie<\/li>\n<li>C\u00e2ble USB<\/li>\n<li>2 bo\u00eetes de papiers S\u00e9bum<\/li>\n<\/ul>\n<p><strong>DONN\u00c9ES TECHNIQUES :<\/strong><\/p>\n<ul>\n<li>Cam\u00e9ra : 2 m\u00e9gapixels<\/li>\n<li>\u00c9clairage : normal, polaris\u00e9, UV<\/li>\n<li>Sortie : Micro-USB<\/li>\n<\/ul>\n","protected":false},"excerpt":{"rendered":"<p>Le mod\u00e8le d\u2019entr\u00e9e de gamme pour l\u2019analyse de la peau avec transfert des r\u00e9sultats de mesure vers une tablette ou un smartphone.<\/p>\n","protected":false},"featured_media":55812,"comment_status":"open","ping_status":"closed","template":"","meta":{"_acf_changed":false},"product_brand":[],"product_cat":[4945,5786,4769,4789,6164,4982,4972,5058],"product_tag":[],"class_list":{"0":"post-55816","1":"product","2":"type-product","3":"status-publish","4":"has-post-thumbnail","6":"product_cat-amenagement-institut-webshop-fr","7":"product_cat-analyse-peau","8":"product_cat-amenagement-appareils","9":"product_cat-appareils-de-beaute","10":"product_cat-appareils-ionto","11":"product_cat-ionto-comed-fr","12":"product_cat-nos-marques","13":"product_cat-webshop-fr","15":"first","16":"instock","17":"taxable","18":"shipping-taxable","19":"product-type-simple"},"acf":[],"_links":{"self":[{"href":"https:\/\/sundar.be\/fr\/wp-json\/wp\/v2\/product\/55816","targetHints":{"allow":["GET"]}}],"collection":[{"href":"https:\/\/sundar.be\/fr\/wp-json\/wp\/v2\/product"}],"about":[{"href":"https:\/\/sundar.be\/fr\/wp-json\/wp\/v2\/types\/product"}],"replies":[{"embeddable":true,"href":"https:\/\/sundar.be\/fr\/wp-json\/wp\/v2\/comments?post=55816"}],"wp:featuredmedia":[{"embeddable":true,"href":"https:\/\/sundar.be\/fr\/wp-json\/wp\/v2\/media\/55812"}],"wp:attachment":[{"href":"https:\/\/sundar.be\/fr\/wp-json\/wp\/v2\/media?parent=55816"}],"wp:term":[{"taxonomy":"product_brand","embeddable":true,"href":"https:\/\/sundar.be\/fr\/wp-json\/wp\/v2\/product_brand?post=55816"},{"taxonomy":"product_cat","embeddable":true,"href":"https:\/\/sundar.be\/fr\/wp-json\/wp\/v2\/product_cat?post=55816"},{"taxonomy":"product_tag","embeddable":true,"href":"https:\/\/sundar.be\/fr\/wp-json\/wp\/v2\/product_tag?post=55816"}],"curies":[{"name":"wp","href":"https:\/\/api.w.org\/{rel}","templated":true}]}}