{"id":55783,"date":"2025-10-02T12:25:26","date_gmt":"2025-10-02T10:25:26","guid":{"rendered":"https:\/\/sundar.be\/product\/ionto-meso-sono\/"},"modified":"2025-10-02T12:28:34","modified_gmt":"2025-10-02T10:28:34","slug":"ionto-meso-sono","status":"publish","type":"product","link":"https:\/\/sundar.be\/fr\/produit\/ionto-meso-sono\/","title":{"rendered":"IONTO-MESO Sono"},"content":{"rendered":"<h3><span dir=\"auto\">IONTO-MESO Sono<\/span><\/h3>\n<h4><span dir=\"auto\">Beaut\u00e9 rapide \u2013 2 \u00e9tapes pour une revitalisation et une douceur imm\u00e9diates<\/span><\/h4>\n<h5><span dir=\"auto\">\u00c9tape 1 : Microneedling<\/span><\/h5>\n<p><span dir=\"auto\">Les pointes ultrafines MESO cr\u00e9ent de micro-ouvertures dans l\u2019\u00e9piderme tout en pr\u00e9servant sa fonction protectrice naturelle. Les pointes MESO se d\u00e9placent automatiquement de haut en bas, \u00e0 la mani\u00e8re d\u2019un tampon. Cela permet une p\u00e9n\u00e9tration pr\u00e9cise et uniforme dans l\u2019\u00e9piderme. Totalement indolore, doux et rapide. Les ingr\u00e9dients actifs concentr\u00e9s, m\u00eame \u00e0 haut poids mol\u00e9culaire, p\u00e9n\u00e8trent directement et de mani\u00e8re homog\u00e8ne. Cela assure non seulement une nutrition optimale de la peau, mais stimule \u00e9galement sa r\u00e9g\u00e9n\u00e9ration de l\u2019int\u00e9rieur.     <\/span><\/p>\n<h5><span dir=\"auto\">\u00c9tape 2 : ECHO par IONTO<\/span><\/h5>\n<p><span dir=\"auto\">Le traitement par ultrasons d\u2019IONTO-COMED offre un triple effet : th\u00e9rapie thermique, micromassage et phonophor\u00e8se en un seul soin. Le tissu conjonctif est raffermi, la capacit\u00e9 d\u2019absorption des cellules cutan\u00e9es est consid\u00e9rablement am\u00e9lior\u00e9e et la microcirculation est stimul\u00e9e. Pour un soin visiblement efficace.  <\/span><\/p>\n<p><strong>LIVRAISON:<\/strong><\/p>\n<ul>\n<li>1x 8434 IONTO-MESO sono<\/li>\n<li>1x 8433.200 Pi\u00e8ce \u00e0 main MESO Comfort<\/li>\n<li>1x 8422.005 T\u00eate ultrasonore 2,5 cm\u00b2<\/li>\n<li>1x 8422.009 Gel de contact SONO neutre 200 ml<\/li>\n<li>1x 8433.101 IONTO-MESOPADS (8 pcs)<\/li>\n<li>1x 8433.141 Soin final 30 ml<\/li>\n<li>1x 8228.082 Masque Bio-Cellulose Q10<\/li>\n<\/ul>\n<p><strong>CARACT\u00c9RISTIQUES TECHNIQUES<\/strong><\/p>\n<ul>\n<li>Alimentation : 230 V \/ 50-60 Hz<\/li>\n<li>Dimensions : L 34 cm x H 14 cm x P 22,5 cm<\/li>\n<li>Poids : 3,7 kg<\/li>\n<\/ul>\n","protected":false},"excerpt":{"rendered":"<p>Un traitement Anti-\u00c2ge efficace en 2 \u00e9tapes gr\u00e2ce \u00e0 la combinaison du MESO et des ultrasons.<\/p>\n","protected":false},"featured_media":55785,"comment_status":"open","ping_status":"closed","template":"","meta":{"_acf_changed":false},"product_brand":[],"product_cat":[4945,4769,4789,6164,4982,2622,4972,5776,5058],"product_tag":[],"class_list":{"0":"post-55783","1":"product","2":"type-product","3":"status-publish","4":"has-post-thumbnail","6":"product_cat-amenagement-institut-webshop-fr","7":"product_cat-amenagement-appareils","8":"product_cat-appareils-de-beaute","9":"product_cat-appareils-ionto","10":"product_cat-ionto-comed-fr","11":"product_cat-microneedling-fr","12":"product_cat-nos-marques","13":"product_cat-ultrasound-fr","14":"product_cat-webshop-fr","16":"first","17":"instock","18":"taxable","19":"shipping-taxable","20":"product-type-simple"},"acf":[],"_links":{"self":[{"href":"https:\/\/sundar.be\/fr\/wp-json\/wp\/v2\/product\/55783","targetHints":{"allow":["GET"]}}],"collection":[{"href":"https:\/\/sundar.be\/fr\/wp-json\/wp\/v2\/product"}],"about":[{"href":"https:\/\/sundar.be\/fr\/wp-json\/wp\/v2\/types\/product"}],"replies":[{"embeddable":true,"href":"https:\/\/sundar.be\/fr\/wp-json\/wp\/v2\/comments?post=55783"}],"wp:featuredmedia":[{"embeddable":true,"href":"https:\/\/sundar.be\/fr\/wp-json\/wp\/v2\/media\/55785"}],"wp:attachment":[{"href":"https:\/\/sundar.be\/fr\/wp-json\/wp\/v2\/media?parent=55783"}],"wp:term":[{"taxonomy":"product_brand","embeddable":true,"href":"https:\/\/sundar.be\/fr\/wp-json\/wp\/v2\/product_brand?post=55783"},{"taxonomy":"product_cat","embeddable":true,"href":"https:\/\/sundar.be\/fr\/wp-json\/wp\/v2\/product_cat?post=55783"},{"taxonomy":"product_tag","embeddable":true,"href":"https:\/\/sundar.be\/fr\/wp-json\/wp\/v2\/product_tag?post=55783"}],"curies":[{"name":"wp","href":"https:\/\/api.w.org\/{rel}","templated":true}]}}