{"id":55779,"date":"2025-10-02T12:01:09","date_gmt":"2025-10-02T10:01:09","guid":{"rendered":"https:\/\/sundar.be\/product\/ionto-meso-sl\/"},"modified":"2025-10-02T12:18:36","modified_gmt":"2025-10-02T10:18:36","slug":"ionto-meso-sl","status":"publish","type":"product","link":"https:\/\/sundar.be\/fr\/produit\/ionto-meso-sl\/","title":{"rendered":"IONTO-MESO SL"},"content":{"rendered":"<h4><span dir=\"auto\">Le d\u00e9fi<\/span><\/h4>\n<p><span dir=\"auto\">Pour de nombreuses affections cutan\u00e9es probl\u00e9matiques, les soins seuls ne suffisent souvent pas. Les processus cellulaires ralentissent et la couche sup\u00e9rieure de la peau forme une barri\u00e8re infranchissable pour de nombreux actifs appliqu\u00e9s. La solution : le microneedling.  <\/span><\/p>\n<h4><span dir=\"auto\">Les nouveaux assistants fins<\/span><\/h4>\n<p><span dir=\"auto\">Des pointes ultrafines cr\u00e9ent de micro-ouvertures dans l\u2019\u00e9piderme tout en pr\u00e9servant la fonction protectrice naturelle. Les aiguilles se d\u00e9placent de mani\u00e8re enti\u00e8rement automatis\u00e9e de haut en bas, \u00e0 la mani\u00e8re d\u2019un tampon. Cela garantit une p\u00e9n\u00e9tration pr\u00e9cise et uniforme dans l\u2019\u00e9piderme. Enti\u00e8rement indolore, doux et rapide. Les actifs concentr\u00e9s, m\u00eame \u00e0 haut poids mol\u00e9culaire, p\u00e9n\u00e8trent imm\u00e9diatement et uniform\u00e9ment. Ils agissent ainsi exactement l\u00e0 o\u00f9 ils sont le plus n\u00e9cessaires : dans les structures cutan\u00e9es profondes.     <\/span><\/p>\n<h4><span dir=\"auto\">Pour une peau \u00e9clatante<\/span><\/h4>\n<p><span dir=\"auto\">Une peau fra\u00eeche, lisse et parfaitement nourrie rajeunit instantan\u00e9ment chaque visage. Le microneedling apporte \u00e0 la peau tous les nutriments essentiels et les alli\u00e9s anti-\u00e2ge dont elle a besoin. Les actifs sont imm\u00e9diatement absorb\u00e9s et les r\u00e9sultats sont visibles d\u00e8s la premi\u00e8re s\u00e9ance. Parall\u00e8lement, la peau se r\u00e9g\u00e9n\u00e8re de l\u2019int\u00e9rieur gr\u00e2ce \u00e0 la stimulation de l\u2019\u00e9piderme.   <\/span><\/p>\n<p><strong>LIVRAISON:<\/strong><\/p>\n<ul>\n<li>1x appareil Meso SL avec pi\u00e8ce \u00e0 main incluse<\/li>\n<li>1x coussinet \u00e0 aiguilles jetable (8 pi\u00e8ces) (8433.101)<\/li>\n<li>Mat\u00e9riel publicitaire<\/li>\n<\/ul>\n<p><strong>DONN\u00c9ES TECHNIQUES : <\/strong><\/p>\n<ul>\n<li><span dir=\"auto\">Alimentation \u00e9lectrique : 230 V ~ \/ 50-60 Hz<\/span><\/li>\n<li><span dir=\"auto\">Dimensions (L \/ H \/ P) : 19 cm \/ 6,6 cm \/ 17,3 cm<\/span><\/li>\n<li><span dir=\"auto\">Poids : env. 1 kg<\/span><\/li>\n<\/ul>\n<p>&nbsp;<\/p>\n","protected":false},"excerpt":{"rendered":"<p>L\u2019alternative douce aux injections et aux traitements de comblement<\/p>\n","protected":false},"featured_media":55778,"comment_status":"open","ping_status":"closed","template":"","meta":{"_acf_changed":false},"product_brand":[],"product_cat":[4945,4769,4789,6164,4982,2622,4972,5058],"product_tag":[],"class_list":{"0":"post-55779","1":"product","2":"type-product","3":"status-publish","4":"has-post-thumbnail","6":"product_cat-amenagement-institut-webshop-fr","7":"product_cat-amenagement-appareils","8":"product_cat-appareils-de-beaute","9":"product_cat-appareils-ionto","10":"product_cat-ionto-comed-fr","11":"product_cat-microneedling-fr","12":"product_cat-nos-marques","13":"product_cat-webshop-fr","15":"first","16":"instock","17":"taxable","18":"shipping-taxable","19":"product-type-simple"},"acf":[],"_links":{"self":[{"href":"https:\/\/sundar.be\/fr\/wp-json\/wp\/v2\/product\/55779","targetHints":{"allow":["GET"]}}],"collection":[{"href":"https:\/\/sundar.be\/fr\/wp-json\/wp\/v2\/product"}],"about":[{"href":"https:\/\/sundar.be\/fr\/wp-json\/wp\/v2\/types\/product"}],"replies":[{"embeddable":true,"href":"https:\/\/sundar.be\/fr\/wp-json\/wp\/v2\/comments?post=55779"}],"wp:featuredmedia":[{"embeddable":true,"href":"https:\/\/sundar.be\/fr\/wp-json\/wp\/v2\/media\/55778"}],"wp:attachment":[{"href":"https:\/\/sundar.be\/fr\/wp-json\/wp\/v2\/media?parent=55779"}],"wp:term":[{"taxonomy":"product_brand","embeddable":true,"href":"https:\/\/sundar.be\/fr\/wp-json\/wp\/v2\/product_brand?post=55779"},{"taxonomy":"product_cat","embeddable":true,"href":"https:\/\/sundar.be\/fr\/wp-json\/wp\/v2\/product_cat?post=55779"},{"taxonomy":"product_tag","embeddable":true,"href":"https:\/\/sundar.be\/fr\/wp-json\/wp\/v2\/product_tag?post=55779"}],"curies":[{"name":"wp","href":"https:\/\/api.w.org\/{rel}","templated":true}]}}