{"id":55775,"date":"2025-10-02T11:47:33","date_gmt":"2025-10-02T09:47:33","guid":{"rendered":"https:\/\/sundar.be\/product\/ionto-skin-abrasion-sono\/"},"modified":"2025-10-02T11:53:56","modified_gmt":"2025-10-02T09:53:56","slug":"ionto-skin-abrasion-sono","status":"publish","type":"product","link":"https:\/\/sundar.be\/fr\/produit\/ionto-skin-abrasion-sono\/","title":{"rendered":"IONTO-SKIN ABRASION Sono"},"content":{"rendered":"<p><strong><span dir=\"auto\">LE SECRET D\u2019UNE PEAU RENOUVEL\u00c9E<\/span><\/strong><br \/>\n<span dir=\"auto\">Renouvellement cutan\u00e9 en douceur suivi d\u2019un raffermissement en profondeur du tissu conjonctif gr\u00e2ce aux ultrasons.<\/span><\/p>\n<p><strong><span dir=\"auto\">UNE PEAU COMME DU VELOURS ET DE LA SOIE<\/span><\/strong><br \/>\n<span dir=\"auto\">Avec la m\u00e9thode de microdermabrasion IONTO, de fins cristaux ultra-purs \u00e9liminent efficacement et d\u00e9licatement des parties de la couche corn\u00e9e (la couche sup\u00e9rieure de l\u2019\u00e9piderme contenant les cellules mortes). La peau de votre cliente para\u00eet imm\u00e9diatement plus fra\u00eeche, ros\u00e9e, \u00e9clatante et rajeunie. Les principes actifs sont d\u00e9sormais absorb\u00e9s de fa\u00e7on optimale et en grande quantit\u00e9. L\u2019effet fascinant de cette m\u00e9thode de beaut\u00e9 se d\u00e9ploie en profondeur : la peau se r\u00e9g\u00e9n\u00e8re et s\u2019embellit de l\u2019int\u00e9rieur !   <\/span><\/p>\n<p><strong><span dir=\"auto\">ULTRASONS PAR IONTO<\/span><\/strong><br \/>\n<span dir=\"auto\">Le traitement par ultrasons d\u2019IONTO offre un triple effet : th\u00e9rapie thermique, micromassage et phonophor\u00e8se en un seul soin. Le tissu conjonctif est raffermi, la capacit\u00e9 d\u2019absorption des cellules cutan\u00e9es est consid\u00e9rablement am\u00e9lior\u00e9e et la microcirculation est stimul\u00e9e. Pour un traitement visiblement efficace.  <\/span><\/p>\n<p><strong>LEVERING<\/strong><\/p>\n<ul>\n<li>IONTO-SKIN Abrasion Sono<\/li>\n<li>Pi\u00e8ce \u00e0 main IONTO-SKIN Abrasion Premium<\/li>\n<li>T\u00eate \u00e0 ultrasons pour le visage 2,5 cm\u00b2<\/li>\n<li>2 embouts standard<\/li>\n<li>1 kg de sable de microcristaux<\/li>\n<li>1 paire de disques oculaires<\/li>\n<li>Lunettes de protection<\/li>\n<li>1 gel de contact Basic<\/li>\n<li>Brochures consommateurs<\/li>\n<\/ul>\n<p><strong>DONN\u00c9ES TECHNIQUES :<\/strong><\/p>\n<table border=\"0\">\n<tbody>\n<tr>\n<td>\n  <strong><br \/>\n    <span dir=\"auto\">Alimentation \u00e9lectrique:<\/span><br \/>\n  <\/strong>\n<\/td>\n<td>\n  <span dir=\"auto\">230 V \/ 50-60 Hz<\/span>\n<\/td>\n<\/tr>\n<tr>\n<td>\n  <strong><br \/>\n    <span dir=\"auto\">Puissance:<\/span><br \/>\n  <\/strong>\n<\/td>\n<td>\n  <span dir=\"auto\">100 watt<\/span>\n<\/td>\n<\/tr>\n<tr>\n<td>\n  <strong><br \/>\n    <span dir=\"auto\">Fr\u00e9quences ultrasonores:<\/span><br \/>\n  <\/strong>\n<\/td>\n<td>\n  <span dir=\"auto\">1 MHz en 3 MHz<\/span>\n<\/td>\n<\/tr>\n<tr>\n<td>\n  <strong><br \/>\n    <span dir=\"auto\">Dimensions (L\/P\/H en cm):<\/span><br \/>\n  <\/strong>\n<\/td>\n<td>\n  <span dir=\"auto\">345\/400\/235<\/span>\n<\/td>\n<\/tr>\n<tr>\n<td>\n  <strong><br \/>\n    <span dir=\"auto\">Poids:<\/span><br \/>\n  <\/strong>\n<\/td>\n<td>\n  <span dir=\"auto\">env. 14 kg<\/span>\n<\/td>\n<\/tr>\n<\/tbody>\n<\/table>\n<h4><\/h4>\n","protected":false},"excerpt":{"rendered":"<p><strong><br \/>\n  <span dir=\"auto\">Le secret d\u2019une peau renouvel\u00e9e: <\/span><br \/>\n<\/strong><span dir=\"auto\">un doux resurfa\u00e7age suivi d\u2019un raffermissement profond du tissu conjonctif gr\u00e2ce aux ultrasons.<\/span><\/p>\n","protected":false},"featured_media":55774,"comment_status":"open","ping_status":"closed","template":"","meta":{"_acf_changed":false},"product_brand":[],"product_cat":[4945,4769,4789,6164,4982,5775,4972,5776,5058],"product_tag":[],"class_list":{"0":"post-55775","1":"product","2":"type-product","3":"status-publish","4":"has-post-thumbnail","6":"product_cat-amenagement-institut-webshop-fr","7":"product_cat-amenagement-appareils","8":"product_cat-appareils-de-beaute","9":"product_cat-appareils-ionto","10":"product_cat-ionto-comed-fr","11":"product_cat-microdermabrasion","12":"product_cat-nos-marques","13":"product_cat-ultrasound-fr","14":"product_cat-webshop-fr","16":"first","17":"instock","18":"taxable","19":"shipping-taxable","20":"product-type-simple"},"acf":[],"_links":{"self":[{"href":"https:\/\/sundar.be\/fr\/wp-json\/wp\/v2\/product\/55775","targetHints":{"allow":["GET"]}}],"collection":[{"href":"https:\/\/sundar.be\/fr\/wp-json\/wp\/v2\/product"}],"about":[{"href":"https:\/\/sundar.be\/fr\/wp-json\/wp\/v2\/types\/product"}],"replies":[{"embeddable":true,"href":"https:\/\/sundar.be\/fr\/wp-json\/wp\/v2\/comments?post=55775"}],"wp:featuredmedia":[{"embeddable":true,"href":"https:\/\/sundar.be\/fr\/wp-json\/wp\/v2\/media\/55774"}],"wp:attachment":[{"href":"https:\/\/sundar.be\/fr\/wp-json\/wp\/v2\/media?parent=55775"}],"wp:term":[{"taxonomy":"product_brand","embeddable":true,"href":"https:\/\/sundar.be\/fr\/wp-json\/wp\/v2\/product_brand?post=55775"},{"taxonomy":"product_cat","embeddable":true,"href":"https:\/\/sundar.be\/fr\/wp-json\/wp\/v2\/product_cat?post=55775"},{"taxonomy":"product_tag","embeddable":true,"href":"https:\/\/sundar.be\/fr\/wp-json\/wp\/v2\/product_tag?post=55775"}],"curies":[{"name":"wp","href":"https:\/\/api.w.org\/{rel}","templated":true}]}}