{"id":55771,"date":"2025-10-02T11:36:47","date_gmt":"2025-10-02T09:36:47","guid":{"rendered":"https:\/\/sundar.be\/product\/ionto-skin-abrasion-comfort\/"},"modified":"2025-10-02T11:42:26","modified_gmt":"2025-10-02T09:42:26","slug":"ionto-skin-abrasion-comfort","status":"publish","type":"product","link":"https:\/\/sundar.be\/fr\/produit\/ionto-skin-abrasion-comfort\/","title":{"rendered":"IONTO-SKIN ABRASION Comfort"},"content":{"rendered":"<p>En \u00e9liminant de mani\u00e8re dos\u00e9e les cellules mortes de la peau, la peau du client appara\u00eet imm\u00e9diatement apr\u00e8s le traitement d\u2019IONTO-SKIN dermabrasion plus fra\u00eeche, plus lumineuse, plus \u00e9clatante et plus jeune. Les principes actifs sont alors absorb\u00e9s de fa\u00e7on optimale et en grande quantit\u00e9. L\u2019effet fascinant de ce soin beaut\u00e9 est que la peau se r\u00e9g\u00e9n\u00e8re et s\u2019embellit de l\u2019int\u00e9rieur !  <\/p>\n<p><strong> LIVRAISON :<br \/><\/strong><\/p>\n<ul>\n<li>Ionto Skin Abrasion Comfort<\/li>\n<li>Ionto Skin Abrasion Premium<\/li>\n<li>Pi\u00e8ce \u00e0 main standard<\/li>\n<li>Embout en verre, 2 pi\u00e8ces<\/li>\n<li>Sable de cristal micro, 1 kg<\/li>\n<li>1 paire de disques oculaires jetables<\/li>\n<li>Lunettes de protection<\/li>\n<\/ul>\n<p><strong>DONN\u00c9ES TECHNIQUES :<\/strong><\/p>\n<ul>\n<li>Tension : 230 V \/ 50-60 Hz<\/li>\n<li>Dimensions : H 20 x L 19 x P 39 cm<\/li>\n<li>Poids : env. 10 kg<\/li>\n<li>Consommation \u00e9lectrique : 100 watts<\/li>\n<\/ul>\n<p><strong>FONCTIONS :<\/strong><\/p>\n<ul>\n<li><span dir=\"auto\">Dosage rapide et r\u00e9glage du vide par simple pression sur un bouton<\/span><\/li>\n<li><span dir=\"auto\">R\u00e9glage pr\u00e9cis du flux de cristaux et de la puissance d\u2019aspiration de 0 \u00e0 100 %<\/span><\/li>\n<li><span dir=\"auto\">Affichage num\u00e9rique clair<\/span><\/li>\n<li><span dir=\"auto\">Programmes pr\u00e9r\u00e9gl\u00e9s pour le visage et le corps<\/span><\/li>\n<li><span dir=\"auto\">Espace de stockage pour programmes personnalis\u00e9s<\/span><\/li>\n<li><span dir=\"auto\">Fonction d\u2019auto-nettoyage simple par pression d\u2019un bouton<\/span><\/li>\n<li><span dir=\"auto\">Support de pi\u00e8ce \u00e0 main int\u00e9gr\u00e9 et pratique<\/span><\/li>\n<li><span dir=\"auto\">Conteneurs de cristaux usag\u00e9s et neufs facilement amovibles<\/span><\/li>\n<li><span dir=\"auto\">Efficacit\u00e9 accrue gr\u00e2ce \u00e0 la pi\u00e8ce \u00e0 main ergonomique<\/span><\/li>\n<li><span dir=\"auto\">Embout et pointe en verre rempla\u00e7ables et st\u00e9rilisables<\/span><\/li>\n<\/ul>\n","protected":false},"excerpt":{"rendered":"<p>Microdermabrasion \u2013 Le resurfa\u00e7age doux de la peau avec une technologie \u00e9prouv\u00e9e.<\/p>\n","protected":false},"featured_media":55770,"comment_status":"open","ping_status":"closed","template":"","meta":{"_acf_changed":false},"product_brand":[],"product_cat":[4945,4769,4789,6164,4982,5775,4972,5058],"product_tag":[],"class_list":{"0":"post-55771","1":"product","2":"type-product","3":"status-publish","4":"has-post-thumbnail","6":"product_cat-amenagement-institut-webshop-fr","7":"product_cat-amenagement-appareils","8":"product_cat-appareils-de-beaute","9":"product_cat-appareils-ionto","10":"product_cat-ionto-comed-fr","11":"product_cat-microdermabrasion","12":"product_cat-nos-marques","13":"product_cat-webshop-fr","15":"first","16":"instock","17":"taxable","18":"shipping-taxable","19":"product-type-simple"},"acf":[],"_links":{"self":[{"href":"https:\/\/sundar.be\/fr\/wp-json\/wp\/v2\/product\/55771","targetHints":{"allow":["GET"]}}],"collection":[{"href":"https:\/\/sundar.be\/fr\/wp-json\/wp\/v2\/product"}],"about":[{"href":"https:\/\/sundar.be\/fr\/wp-json\/wp\/v2\/types\/product"}],"replies":[{"embeddable":true,"href":"https:\/\/sundar.be\/fr\/wp-json\/wp\/v2\/comments?post=55771"}],"wp:featuredmedia":[{"embeddable":true,"href":"https:\/\/sundar.be\/fr\/wp-json\/wp\/v2\/media\/55770"}],"wp:attachment":[{"href":"https:\/\/sundar.be\/fr\/wp-json\/wp\/v2\/media?parent=55771"}],"wp:term":[{"taxonomy":"product_brand","embeddable":true,"href":"https:\/\/sundar.be\/fr\/wp-json\/wp\/v2\/product_brand?post=55771"},{"taxonomy":"product_cat","embeddable":true,"href":"https:\/\/sundar.be\/fr\/wp-json\/wp\/v2\/product_cat?post=55771"},{"taxonomy":"product_tag","embeddable":true,"href":"https:\/\/sundar.be\/fr\/wp-json\/wp\/v2\/product_tag?post=55771"}],"curies":[{"name":"wp","href":"https:\/\/api.w.org\/{rel}","templated":true}]}}