{"id":55084,"date":"2025-09-01T09:41:58","date_gmt":"2025-09-01T07:41:58","guid":{"rendered":"https:\/\/sundar.be\/product\/parfum-dinterieur-jardin-de-noel-50ml\/"},"modified":"2025-09-01T09:42:38","modified_gmt":"2025-09-01T07:42:38","slug":"parfum-dinterieur-jardin-de-noel-50ml","status":"publish","type":"product","link":"https:\/\/sundar.be\/fr\/produit\/parfum-dinterieur-jardin-de-noel-50ml\/","title":{"rendered":"Parfum d\u2019Int\u00e9rieur \u00ab\u00a0Jardin de No\u00ebl\u00a0\u00bb, 50ml"},"content":{"rendered":"<p>Ce parfum d\u2019int\u00e9rieur raffin\u00e9 associe des notes chaleureuses de c\u00e8dre, d\u2019oud sensuel et d\u2019encens d\u00e9licat pour cr\u00e9er un univers olfactif expressif qui respire la s\u00e9r\u00e9nit\u00e9, la profondeur et l\u2019\u00e9l\u00e9gance. La composition harmonieuse conf\u00e8re \u00e0 chaque espace une atmosph\u00e8re unique \u2013 subtile, mais pleine d\u2019effet. Vivez votre moment de bien-\u00eatre personnel et laissez-vous envelopper par ce parfum envo\u00fbtant.  <\/p>\n","protected":false},"excerpt":{"rendered":"<p>Ce parfum d\u2019int\u00e9rieur raffin\u00e9 associe des notes chaleureuses de c\u00e8dre, d\u2019oud sensuel et d\u2019encens d\u00e9licat pour cr\u00e9er un univers olfactif expressif qui respire la s\u00e9r\u00e9nit\u00e9, la profondeur et l\u2019\u00e9l\u00e9gance. La composition harmonieuse conf\u00e8re \u00e0 chaque espace une atmosph\u00e8re unique \u2013 subtile, mais pleine d\u2019effet. Vivez votre moment de bien-\u00eatre personnel et laissez-vous envelopper par ce [&hellip;]<\/p>\n","protected":false},"featured_media":55083,"comment_status":"open","ping_status":"closed","template":"","meta":{"_acf_changed":false},"product_brand":[],"product_cat":[4936,6263,6307],"product_tag":[],"class_list":{"0":"post-55084","1":"product","2":"type-product","3":"status-publish","4":"has-post-thumbnail","6":"product_cat-lcn-fr","7":"product_cat-lcn-marketing-merchandise","8":"product_cat-lcn-merch","10":"first","11":"instock","12":"taxable","13":"shipping-taxable","14":"product-type-simple"},"acf":[],"_links":{"self":[{"href":"https:\/\/sundar.be\/fr\/wp-json\/wp\/v2\/product\/55084","targetHints":{"allow":["GET"]}}],"collection":[{"href":"https:\/\/sundar.be\/fr\/wp-json\/wp\/v2\/product"}],"about":[{"href":"https:\/\/sundar.be\/fr\/wp-json\/wp\/v2\/types\/product"}],"replies":[{"embeddable":true,"href":"https:\/\/sundar.be\/fr\/wp-json\/wp\/v2\/comments?post=55084"}],"wp:featuredmedia":[{"embeddable":true,"href":"https:\/\/sundar.be\/fr\/wp-json\/wp\/v2\/media\/55083"}],"wp:attachment":[{"href":"https:\/\/sundar.be\/fr\/wp-json\/wp\/v2\/media?parent=55084"}],"wp:term":[{"taxonomy":"product_brand","embeddable":true,"href":"https:\/\/sundar.be\/fr\/wp-json\/wp\/v2\/product_brand?post=55084"},{"taxonomy":"product_cat","embeddable":true,"href":"https:\/\/sundar.be\/fr\/wp-json\/wp\/v2\/product_cat?post=55084"},{"taxonomy":"product_tag","embeddable":true,"href":"https:\/\/sundar.be\/fr\/wp-json\/wp\/v2\/product_tag?post=55084"}],"curies":[{"name":"wp","href":"https:\/\/api.w.org\/{rel}","templated":true}]}}