{"id":55080,"date":"2025-09-01T09:34:51","date_gmt":"2025-09-01T07:34:51","guid":{"rendered":"https:\/\/sundar.be\/product\/bougie-parfumee-jardin-de-noel-65g\/"},"modified":"2025-09-01T09:35:36","modified_gmt":"2025-09-01T07:35:36","slug":"bougie-parfumee-jardin-de-noel-65g","status":"publish","type":"product","link":"https:\/\/sundar.be\/fr\/produit\/bougie-parfumee-jardin-de-noel-65g\/","title":{"rendered":"Bougie Parfum\u00e9e \u00ab\u00a0Jardin de No\u00ebl\u00a0\u00bb, 65g"},"content":{"rendered":"<p>La bougie parfum\u00e9e s\u00e9duit par une composition harmonieuse de bois de c\u00e8dre chaleureux, d\u2019oud sensuel et d\u2019encens mystique. Son caract\u00e8re \u00e9l\u00e9gant d\u00e9voile une note riche et luxueuse qui cr\u00e9e une ambiance cosy et agr\u00e9able. O\u00f9 que vous soyez, cette bougie instaure une atmosph\u00e8re de calme et de s\u00e9r\u00e9nit\u00e9 et transforme chaque lieu en un v\u00e9ritable havre de d\u00e9tente.  <\/p>\n","protected":false},"excerpt":{"rendered":"<p>La bougie parfum\u00e9e s\u00e9duit par une composition harmonieuse de bois de c\u00e8dre chaleureux, d\u2019oud sensuel et d\u2019encens mystique. Son caract\u00e8re \u00e9l\u00e9gant d\u00e9voile une note riche et luxueuse qui cr\u00e9e une ambiance cosy et agr\u00e9able. O\u00f9 que vous soyez, cette bougie instaure une atmosph\u00e8re de calme et de s\u00e9r\u00e9nit\u00e9 et transforme chaque lieu en un v\u00e9ritable [&hellip;]<\/p>\n","protected":false},"featured_media":55079,"comment_status":"open","ping_status":"closed","template":"","meta":{"_acf_changed":false},"product_brand":[],"product_cat":[4936,6263,6307],"product_tag":[],"class_list":{"0":"post-55080","1":"product","2":"type-product","3":"status-publish","4":"has-post-thumbnail","6":"product_cat-lcn-fr","7":"product_cat-lcn-marketing-merchandise","8":"product_cat-lcn-merch","10":"first","11":"instock","12":"taxable","13":"shipping-taxable","14":"product-type-simple"},"acf":[],"_links":{"self":[{"href":"https:\/\/sundar.be\/fr\/wp-json\/wp\/v2\/product\/55080","targetHints":{"allow":["GET"]}}],"collection":[{"href":"https:\/\/sundar.be\/fr\/wp-json\/wp\/v2\/product"}],"about":[{"href":"https:\/\/sundar.be\/fr\/wp-json\/wp\/v2\/types\/product"}],"replies":[{"embeddable":true,"href":"https:\/\/sundar.be\/fr\/wp-json\/wp\/v2\/comments?post=55080"}],"wp:featuredmedia":[{"embeddable":true,"href":"https:\/\/sundar.be\/fr\/wp-json\/wp\/v2\/media\/55079"}],"wp:attachment":[{"href":"https:\/\/sundar.be\/fr\/wp-json\/wp\/v2\/media?parent=55080"}],"wp:term":[{"taxonomy":"product_brand","embeddable":true,"href":"https:\/\/sundar.be\/fr\/wp-json\/wp\/v2\/product_brand?post=55080"},{"taxonomy":"product_cat","embeddable":true,"href":"https:\/\/sundar.be\/fr\/wp-json\/wp\/v2\/product_cat?post=55080"},{"taxonomy":"product_tag","embeddable":true,"href":"https:\/\/sundar.be\/fr\/wp-json\/wp\/v2\/product_tag?post=55080"}],"curies":[{"name":"wp","href":"https:\/\/api.w.org\/{rel}","templated":true}]}}