{"id":55055,"date":"2025-09-01T08:43:13","date_gmt":"2025-09-01T06:43:13","guid":{"rendered":"https:\/\/sundar.be\/product\/urea-15-callus-remover-50ml\/"},"modified":"2025-11-30T17:42:25","modified_gmt":"2025-11-30T16:42:25","slug":"urea-15-callus-remover-50ml","status":"publish","type":"product","link":"https:\/\/sundar.be\/fr\/produit\/urea-15-callus-remover-50ml\/","title":{"rendered":"LCN Urea 15% Callus Remover, 50ml"},"content":{"rendered":"<p>Le <span style=\"color: #557e96;\"><strong data-start=\"149\" data-end=\"176\">Urea 15% Callus Remover<\/strong><\/span> est une formule liquide \u00e0 action intensive sp\u00e9cialement d\u00e9velopp\u00e9e pour assouplir et adoucir les callosit\u00e9s tenaces et l\u2019\u00e9paississement cutan\u00e9 des pieds. Gr\u00e2ce \u00e0 la puissante combinaison d\u2019ur\u00e9e, d\u2019acide lactique et d\u2019ingr\u00e9dients nourrissants, les callosit\u00e9s excessives sont efficacement ramollies et peuvent \u00eatre facilement \u00e9limin\u00e9es \u2013 pour des pieds doux, soign\u00e9s et en bonne sant\u00e9.<\/p>\n","protected":false},"excerpt":{"rendered":"<p>Le <span style=\"color: #557e96;\"><strong data-start=\"1774\" data-end=\"1801\">Urea 15% Callus Remover<\/strong><\/span> est un assouplissant de callosit\u00e9s efficace qui ramollit rapidement et en toute s\u00e9curit\u00e9 les callosit\u00e9s et la peau \u00e9paissie. Gr\u00e2ce \u00e0 l\u2019ur\u00e9e, \u00e0 l\u2019acide lactique et aux agents nourrissants, la peau devient douce, lisse et soign\u00e9e. Id\u00e9al pour les p\u00e9dicures et tous ceux qui souhaitent avoir des pieds lisses et en bonne sant\u00e9.<\/p>\n","protected":false},"featured_media":55054,"comment_status":"open","ping_status":"closed","template":"","meta":{"_acf_changed":false},"product_brand":[],"product_cat":[4936,5001,4755,5002,1427,4907,1438,5058],"product_tag":[],"class_list":{"0":"post-55055","1":"product","2":"type-product","3":"status-publish","4":"has-post-thumbnail","6":"product_cat-lcn-fr","7":"product_cat-outils-pedicure","8":"product_cat-pedicure","9":"product_cat-ramollisseurs-callosites","10":"product_cat-lcn-soin-de-pieds","11":"product_cat-soins","12":"product_cat-soins-des-pieds-urea","13":"product_cat-webshop-fr","15":"first","16":"instock","17":"taxable","18":"shipping-taxable","19":"product-type-simple"},"acf":[],"_links":{"self":[{"href":"https:\/\/sundar.be\/fr\/wp-json\/wp\/v2\/product\/55055","targetHints":{"allow":["GET"]}}],"collection":[{"href":"https:\/\/sundar.be\/fr\/wp-json\/wp\/v2\/product"}],"about":[{"href":"https:\/\/sundar.be\/fr\/wp-json\/wp\/v2\/types\/product"}],"replies":[{"embeddable":true,"href":"https:\/\/sundar.be\/fr\/wp-json\/wp\/v2\/comments?post=55055"}],"wp:featuredmedia":[{"embeddable":true,"href":"https:\/\/sundar.be\/fr\/wp-json\/wp\/v2\/media\/55054"}],"wp:attachment":[{"href":"https:\/\/sundar.be\/fr\/wp-json\/wp\/v2\/media?parent=55055"}],"wp:term":[{"taxonomy":"product_brand","embeddable":true,"href":"https:\/\/sundar.be\/fr\/wp-json\/wp\/v2\/product_brand?post=55055"},{"taxonomy":"product_cat","embeddable":true,"href":"https:\/\/sundar.be\/fr\/wp-json\/wp\/v2\/product_cat?post=55055"},{"taxonomy":"product_tag","embeddable":true,"href":"https:\/\/sundar.be\/fr\/wp-json\/wp\/v2\/product_tag?post=55055"}],"curies":[{"name":"wp","href":"https:\/\/api.w.org\/{rel}","templated":true}]}}