{"id":55050,"date":"2025-09-01T08:33:45","date_gmt":"2025-09-01T06:33:45","guid":{"rendered":"https:\/\/sundar.be\/product\/urea-20-foot-foam-125ml\/"},"modified":"2025-11-30T17:42:22","modified_gmt":"2025-11-30T16:42:22","slug":"urea-20-foot-foam-125ml","status":"publish","type":"product","link":"https:\/\/sundar.be\/fr\/produit\/urea-20-foot-foam-125ml\/","title":{"rendered":"LCN Urea 20% Foot Foam, 125ml"},"content":{"rendered":"<p>La <span style=\"color: #557e96;\"><strong data-start=\"147\" data-end=\"169\">Urea 20% Foot Foam<\/strong><\/span> est une mousse l\u00e9g\u00e8re et intens\u00e9ment nourrissante qui hydrate et adoucit les pieds secs, rugueux et sensibles. Gr\u00e2ce \u00e0 sa haute concentration en ur\u00e9e et \u00e0 un m\u00e9lange soigneusement s\u00e9lectionn\u00e9 d\u2019huiles v\u00e9g\u00e9tales, de vitamines et d\u2019extraits apaisants, la peau est profond\u00e9ment nourrie sans laisser de film gras.<\/p>\n","protected":false},"excerpt":{"rendered":"<p>La <span style=\"color: #90bece;\"><strong data-start=\"2103\" data-end=\"2125\">Urea 20% Foot Foam<\/strong><\/span> est une mousse l\u00e9g\u00e8re et non grasse qui hydrate intens\u00e9ment et adoucit les pieds secs et rugueux. Gr\u00e2ce \u00e0 l\u2019ur\u00e9e, aux huiles nourrissantes et aux extraits v\u00e9g\u00e9taux rafra\u00eechissants, elle procure des pieds doux, souples et en pleine sant\u00e9. Id\u00e9ale pour une utilisation quotidienne, m\u00eame sur les pieds sensibles ou diab\u00e9tiques.<\/p>\n","protected":false},"featured_media":55049,"comment_status":"open","ping_status":"closed","template":"","meta":{"_acf_changed":false},"product_brand":[],"product_cat":[5000,5054,4936,5265,4755,1427,4999,4907,1438,4996,5058],"product_tag":[],"class_list":{"0":"post-55050","1":"product","2":"type-product","3":"status-publish","4":"has-post-thumbnail","6":"product_cat-callosites-crevasses","7":"product_cat-cremes-diabetiques","8":"product_cat-lcn-fr","9":"product_cat-mousses-pieds","10":"product_cat-pedicure","11":"product_cat-lcn-soin-de-pieds","12":"product_cat-soins-specifique-pieds","13":"product_cat-soins","14":"product_cat-soins-des-pieds-urea","15":"product_cat-soins-quotidiens-des-pieds","16":"product_cat-webshop-fr","18":"first","19":"instock","20":"taxable","21":"shipping-taxable","22":"product-type-simple"},"acf":[],"_links":{"self":[{"href":"https:\/\/sundar.be\/fr\/wp-json\/wp\/v2\/product\/55050","targetHints":{"allow":["GET"]}}],"collection":[{"href":"https:\/\/sundar.be\/fr\/wp-json\/wp\/v2\/product"}],"about":[{"href":"https:\/\/sundar.be\/fr\/wp-json\/wp\/v2\/types\/product"}],"replies":[{"embeddable":true,"href":"https:\/\/sundar.be\/fr\/wp-json\/wp\/v2\/comments?post=55050"}],"wp:featuredmedia":[{"embeddable":true,"href":"https:\/\/sundar.be\/fr\/wp-json\/wp\/v2\/media\/55049"}],"wp:attachment":[{"href":"https:\/\/sundar.be\/fr\/wp-json\/wp\/v2\/media?parent=55050"}],"wp:term":[{"taxonomy":"product_brand","embeddable":true,"href":"https:\/\/sundar.be\/fr\/wp-json\/wp\/v2\/product_brand?post=55050"},{"taxonomy":"product_cat","embeddable":true,"href":"https:\/\/sundar.be\/fr\/wp-json\/wp\/v2\/product_cat?post=55050"},{"taxonomy":"product_tag","embeddable":true,"href":"https:\/\/sundar.be\/fr\/wp-json\/wp\/v2\/product_tag?post=55050"}],"curies":[{"name":"wp","href":"https:\/\/api.w.org\/{rel}","templated":true}]}}