{"id":55038,"date":"2025-09-01T08:06:45","date_gmt":"2025-09-01T06:06:45","guid":{"rendered":"https:\/\/sundar.be\/product\/recolution-glimmer-colour-top-10-ml\/"},"modified":"2025-11-30T17:42:19","modified_gmt":"2025-11-30T16:42:19","slug":"recolution-glimmer-colour-top-10-ml","status":"publish","type":"product","link":"https:\/\/sundar.be\/fr\/produit\/recolution-glimmer-colour-top-10-ml\/","title":{"rendered":"LCN Recolution Glimmer Colour &amp; Top, 10 ml"},"content":{"rendered":"<p data-start=\"37\" data-end=\"113\"><span style=\"color: #557e96;\"><strong data-start=\"37\" data-end=\"111\">Que la f\u00eate commence \u2013 avec notre \u00e9dition limit\u00e9e Glimmer Colour &amp; Top !<\/strong><\/span><\/p>\n<p data-start=\"115\" data-end=\"455\"><span style=\"color: #557e96;\"><strong data-start=\"115\" data-end=\"127\">Astuce de pro :<\/strong><\/span> une couche suppl\u00e9mentaire du Top Coat classique assure un r\u00e9sultat particuli\u00e8rement fin et lisse. Le syst\u00e8me de vernis color\u00e9 100 % sans solvants renforce l\u2019ongle naturel. Gr\u00e2ce \u00e0 la grande flexibilit\u00e9 du syst\u00e8me et \u00e0 son excellente adh\u00e9rence \u00e0 la plaque de l\u2019ongle, les risques de d\u00e9collements et d\u2019\u00e9clats sont r\u00e9duits au minimum. <\/p>\n","protected":false},"excerpt":{"rendered":"<p>Que la f\u00eate commence \u2013 avec notre \u00e9dition limit\u00e9e Glimmer Colour &amp; Top ! Astuce de pro : une couche suppl\u00e9mentaire du Top Coat classique assure un r\u00e9sultat particuli\u00e8rement fin et lisse. Le syst\u00e8me de vernis color\u00e9 100 % sans solvants renforce l\u2019ongle naturel. Gr\u00e2ce \u00e0 la grande flexibilit\u00e9 du syst\u00e8me et \u00e0 son excellente [&hellip;]<\/p>\n","protected":false},"featured_media":55037,"comment_status":"open","ping_status":"closed","template":"","meta":{"_acf_changed":false},"product_brand":[],"product_cat":[4936,4954,4952],"product_tag":[],"class_list":{"0":"post-55038","1":"product","2":"type-product","3":"status-publish","4":"has-post-thumbnail","6":"product_cat-lcn-fr","7":"product_cat-lcn-systemes-de-couleur-recolution-advanced","8":"product_cat-lcn-systemes-de-couleur","10":"first","11":"instock","12":"taxable","13":"shipping-taxable","14":"product-type-simple"},"acf":[],"_links":{"self":[{"href":"https:\/\/sundar.be\/fr\/wp-json\/wp\/v2\/product\/55038","targetHints":{"allow":["GET"]}}],"collection":[{"href":"https:\/\/sundar.be\/fr\/wp-json\/wp\/v2\/product"}],"about":[{"href":"https:\/\/sundar.be\/fr\/wp-json\/wp\/v2\/types\/product"}],"replies":[{"embeddable":true,"href":"https:\/\/sundar.be\/fr\/wp-json\/wp\/v2\/comments?post=55038"}],"wp:featuredmedia":[{"embeddable":true,"href":"https:\/\/sundar.be\/fr\/wp-json\/wp\/v2\/media\/55037"}],"wp:attachment":[{"href":"https:\/\/sundar.be\/fr\/wp-json\/wp\/v2\/media?parent=55038"}],"wp:term":[{"taxonomy":"product_brand","embeddable":true,"href":"https:\/\/sundar.be\/fr\/wp-json\/wp\/v2\/product_brand?post=55038"},{"taxonomy":"product_cat","embeddable":true,"href":"https:\/\/sundar.be\/fr\/wp-json\/wp\/v2\/product_cat?post=55038"},{"taxonomy":"product_tag","embeddable":true,"href":"https:\/\/sundar.be\/fr\/wp-json\/wp\/v2\/product_tag?post=55038"}],"curies":[{"name":"wp","href":"https:\/\/api.w.org\/{rel}","templated":true}]}}