{"id":55034,"date":"2025-09-01T07:59:16","date_gmt":"2025-09-01T05:59:16","guid":{"rendered":"https:\/\/sundar.be\/product\/uv-gel-polish-glimmer-colour-top-10-ml\/"},"modified":"2025-11-30T17:44:23","modified_gmt":"2025-11-30T16:44:23","slug":"uv-gel-polish-glimmer-colour-top-10-ml","status":"publish","type":"product","link":"https:\/\/sundar.be\/fr\/produit\/uv-gel-polish-glimmer-colour-top-10-ml\/","title":{"rendered":"LCN UV-Gel Polish Glimmer Colour &amp; Top, 10 ml"},"content":{"rendered":"<p data-start=\"37\" data-end=\"113\"><span style=\"color: #557e96;\"><strong data-start=\"37\" data-end=\"111\">Que la f\u00eate commence \u2013 avec notre \u00e9dition limit\u00e9e Glimmer Colour &amp; Top !<\/strong><\/span><\/p>\n<p data-start=\"115\" data-end=\"219\"><strong data-start=\"115\" data-end=\"127\"><span style=\"color: #557e96;\">Astuce :<\/span><\/strong> Une couche suppl\u00e9mentaire du Top Coat habituel permet d&rsquo;obtenir un r\u00e9sultat particuli\u00e8rement fin et lisse.<\/p>\n<p data-start=\"221\" data-end=\"489\">Le syst\u00e8me vegan LCN UV-Gel Polish est tr\u00e8s facile \u00e0 appliquer et offre jusqu\u2019\u00e0 3 semaines de couleur r\u00e9sistante aux rayures et ultra-brillante. La texture gel nivelant garantit des r\u00e9sultats parfaits. Le syst\u00e8me permet un retrait soak-off en douceur.<\/p>\n","protected":false},"excerpt":{"rendered":"<p>Que la f\u00eate commence \u2013 avec notre \u00e9dition limit\u00e9e Glimmer Colour &amp; Top ! Astuce : Une couche suppl\u00e9mentaire du Top Coat habituel permet d&rsquo;obtenir un r\u00e9sultat particuli\u00e8rement fin et lisse. Le syst\u00e8me vegan LCN UV-Gel Polish est tr\u00e8s facile \u00e0 appliquer et offre jusqu\u2019\u00e0 3 semaines de couleur r\u00e9sistante aux rayures et ultra-brillante. La [&hellip;]<\/p>\n","protected":false},"featured_media":55033,"comment_status":"open","ping_status":"closed","template":"","meta":{"_acf_changed":false},"product_brand":[],"product_cat":[4936,4952,4953],"product_tag":[],"class_list":{"0":"post-55034","1":"product","2":"type-product","3":"status-publish","4":"has-post-thumbnail","6":"product_cat-lcn-fr","7":"product_cat-lcn-systemes-de-couleur","8":"product_cat-lcn-systemes-de-couleur-uv-gel-polish","10":"first","11":"instock","12":"taxable","13":"shipping-taxable","14":"product-type-simple"},"acf":[],"_links":{"self":[{"href":"https:\/\/sundar.be\/fr\/wp-json\/wp\/v2\/product\/55034","targetHints":{"allow":["GET"]}}],"collection":[{"href":"https:\/\/sundar.be\/fr\/wp-json\/wp\/v2\/product"}],"about":[{"href":"https:\/\/sundar.be\/fr\/wp-json\/wp\/v2\/types\/product"}],"replies":[{"embeddable":true,"href":"https:\/\/sundar.be\/fr\/wp-json\/wp\/v2\/comments?post=55034"}],"wp:featuredmedia":[{"embeddable":true,"href":"https:\/\/sundar.be\/fr\/wp-json\/wp\/v2\/media\/55033"}],"wp:attachment":[{"href":"https:\/\/sundar.be\/fr\/wp-json\/wp\/v2\/media?parent=55034"}],"wp:term":[{"taxonomy":"product_brand","embeddable":true,"href":"https:\/\/sundar.be\/fr\/wp-json\/wp\/v2\/product_brand?post=55034"},{"taxonomy":"product_cat","embeddable":true,"href":"https:\/\/sundar.be\/fr\/wp-json\/wp\/v2\/product_cat?post=55034"},{"taxonomy":"product_tag","embeddable":true,"href":"https:\/\/sundar.be\/fr\/wp-json\/wp\/v2\/product_tag?post=55034"}],"curies":[{"name":"wp","href":"https:\/\/api.w.org\/{rel}","templated":true}]}}