{"id":55025,"date":"2025-09-01T07:34:13","date_gmt":"2025-09-01T05:34:13","guid":{"rendered":"https:\/\/sundar.be\/product\/birthday-bash-hand-cream-50ml\/"},"modified":"2025-12-01T11:22:40","modified_gmt":"2025-12-01T10:22:40","slug":"birthday-bash-hand-cream-50ml","status":"publish","type":"product","link":"https:\/\/sundar.be\/fr\/produit\/birthday-bash-hand-cream-50ml\/","title":{"rendered":"LCN Birthday Bash Hand Cream, 50ml"},"content":{"rendered":"<p><span style=\"color: #557e96;\"><strong>Birthday Bash Hand Cream <\/strong><\/span>est une cr\u00e8me pour les mains riche et soyeuse qui nourrit intens\u00e9ment, prot\u00e8ge et laisse la peau incroyablement douce sans fini collant. Sa formule associe des huiles v\u00e9g\u00e9tales naturelles, des beurres nourrissants et des actifs tels que l\u2019acide hyaluronique, l\u2019allanto\u00efne et le panth\u00e9nol, qui aident \u00e0 restaurer l\u2019hydratation et \u00e0 renforcer la barri\u00e8re cutan\u00e9e. La cr\u00e8me p\u00e9n\u00e8tre rapidement, apaise les mains s\u00e8ches et rugueuses et enveloppe la peau d\u2019un parfum subtil et raffin\u00e9 de lavande.  <\/p>\n","protected":false},"excerpt":{"rendered":"<p>Une cr\u00e8me pour les mains nourrissante qui hydrate et apaise imm\u00e9diatement les peaux s\u00e8ches et sensibles. Renforce la barri\u00e8re cutan\u00e9e et assure une douceur durable sans effet gras. <\/p>\n","protected":false},"featured_media":55023,"comment_status":"open","ping_status":"closed","template":"","meta":{"_acf_changed":false},"product_brand":[],"product_cat":[1442,4936,1440,4907],"product_tag":[],"class_list":{"0":"post-55025","1":"product","2":"type-product","3":"status-publish","4":"has-post-thumbnail","6":"product_cat-cremes-pour-les-mains","7":"product_cat-lcn-fr","8":"product_cat-lcn-soin-de-mains","9":"product_cat-soins","11":"first","12":"instock","13":"taxable","14":"shipping-taxable","15":"product-type-simple"},"acf":[],"_links":{"self":[{"href":"https:\/\/sundar.be\/fr\/wp-json\/wp\/v2\/product\/55025","targetHints":{"allow":["GET"]}}],"collection":[{"href":"https:\/\/sundar.be\/fr\/wp-json\/wp\/v2\/product"}],"about":[{"href":"https:\/\/sundar.be\/fr\/wp-json\/wp\/v2\/types\/product"}],"replies":[{"embeddable":true,"href":"https:\/\/sundar.be\/fr\/wp-json\/wp\/v2\/comments?post=55025"}],"wp:featuredmedia":[{"embeddable":true,"href":"https:\/\/sundar.be\/fr\/wp-json\/wp\/v2\/media\/55023"}],"wp:attachment":[{"href":"https:\/\/sundar.be\/fr\/wp-json\/wp\/v2\/media?parent=55025"}],"wp:term":[{"taxonomy":"product_brand","embeddable":true,"href":"https:\/\/sundar.be\/fr\/wp-json\/wp\/v2\/product_brand?post=55025"},{"taxonomy":"product_cat","embeddable":true,"href":"https:\/\/sundar.be\/fr\/wp-json\/wp\/v2\/product_cat?post=55025"},{"taxonomy":"product_tag","embeddable":true,"href":"https:\/\/sundar.be\/fr\/wp-json\/wp\/v2\/product_tag?post=55025"}],"curies":[{"name":"wp","href":"https:\/\/api.w.org\/{rel}","templated":true}]}}