{"id":55014,"date":"2025-08-28T11:17:16","date_gmt":"2025-08-28T09:17:16","guid":{"rendered":"https:\/\/sundar.be\/product\/nail-tips-in-a-box-200-pcs\/"},"modified":"2025-11-25T14:52:46","modified_gmt":"2025-11-25T13:52:46","slug":"nail-tips-in-a-box-200-pcs","status":"publish","type":"product","link":"https:\/\/sundar.be\/fr\/produit\/nail-tips-in-a-box-200-pcs\/","title":{"rendered":"LCN Nail Tips in a Box, 200 pcs"},"content":{"rendered":"<p data-start=\"37\" data-end=\"383\">Ces tips gel de haute qualit\u00e9 s\u00e9duisent par leur structure ultra-fine, tout en restant stables et extr\u00eamement flexibles. Elles sont disponibles au choix avec ou sans surface de contact et poss\u00e8dent des lignes lat\u00e9rales droites pour une conception d\u2019ongles particuli\u00e8rement pr\u00e9cise et moderne. Gr\u00e2ce \u00e0 leur forme sp\u00e9cialement courb\u00e9e, elles s\u2019adaptent de mani\u00e8re optimale \u00e0 l\u2019ongle naturel.  <\/p>\n<p data-start=\"385\" data-end=\"658\">Que ce soit pour des professionnels, des semi-professionnels ambitieux ou des d\u00e9butants : ces tips conviennent \u00e0 tous les types d\u2019ongles et permettent une mise en forme rapide, propre et durable. Id\u00e9al pour toutes celles et ceux qui accordent de l\u2019importance \u00e0 la qualit\u00e9, au confort et \u00e0 un r\u00e9sultat parfait. <\/p>\n","protected":false},"excerpt":{"rendered":"<p>Ces tips gel de haute qualit\u00e9 s\u00e9duisent par leur structure ultra-fine, tout en restant stables et extr\u00eamement flexibles. Elles sont disponibles au choix avec ou sans surface de contact et poss\u00e8dent des lignes lat\u00e9rales droites pour une conception d\u2019ongles particuli\u00e8rement pr\u00e9cise et moderne. Gr\u00e2ce \u00e0 leur forme sp\u00e9cialement courb\u00e9e, elles s\u2019adaptent de mani\u00e8re optimale \u00e0 [&hellip;]<\/p>\n","protected":false},"featured_media":55009,"comment_status":"open","ping_status":"closed","template":"","meta":{"_acf_changed":false},"product_brand":[],"product_cat":[5669,5012,1538,4936,1532,4949,4761,5058],"product_tag":[],"class_list":{"0":"post-55014","1":"product","2":"type-product","3":"status-publish","4":"has-post-thumbnail","6":"product_cat-capsules-ongles","7":"product_cat-manucure-chablons","8":"product_cat-colle-tips-formes-fr","9":"product_cat-lcn-fr","10":"product_cat-materiels","11":"product_cat-lcn-ongles-artificiels","12":"product_cat-pose-ongles","13":"product_cat-webshop-fr","14":"pa_vorm-ballerine-sans-surface-de-contact-200-pieces","15":"pa_vorm-courbe-petite-surface-de-contact-200-pieces","16":"pa_vorm-droit-sans-surface-de-contact-200-pieces","18":"first","19":"instock","20":"taxable","21":"shipping-taxable","22":"product-type-variable"},"acf":[],"_links":{"self":[{"href":"https:\/\/sundar.be\/fr\/wp-json\/wp\/v2\/product\/55014","targetHints":{"allow":["GET"]}}],"collection":[{"href":"https:\/\/sundar.be\/fr\/wp-json\/wp\/v2\/product"}],"about":[{"href":"https:\/\/sundar.be\/fr\/wp-json\/wp\/v2\/types\/product"}],"replies":[{"embeddable":true,"href":"https:\/\/sundar.be\/fr\/wp-json\/wp\/v2\/comments?post=55014"}],"wp:featuredmedia":[{"embeddable":true,"href":"https:\/\/sundar.be\/fr\/wp-json\/wp\/v2\/media\/55009"}],"wp:attachment":[{"href":"https:\/\/sundar.be\/fr\/wp-json\/wp\/v2\/media?parent=55014"}],"wp:term":[{"taxonomy":"product_brand","embeddable":true,"href":"https:\/\/sundar.be\/fr\/wp-json\/wp\/v2\/product_brand?post=55014"},{"taxonomy":"product_cat","embeddable":true,"href":"https:\/\/sundar.be\/fr\/wp-json\/wp\/v2\/product_cat?post=55014"},{"taxonomy":"product_tag","embeddable":true,"href":"https:\/\/sundar.be\/fr\/wp-json\/wp\/v2\/product_tag?post=55014"}],"curies":[{"name":"wp","href":"https:\/\/api.w.org\/{rel}","templated":true}]}}