{"id":55003,"date":"2025-08-28T11:08:01","date_gmt":"2025-08-28T09:08:01","guid":{"rendered":"https:\/\/sundar.be\/product\/nail-template-cut-out-500-pcs\/"},"modified":"2025-11-25T14:52:43","modified_gmt":"2025-11-25T13:52:43","slug":"nail-template-cut-out-500-pcs","status":"publish","type":"product","link":"https:\/\/sundar.be\/fr\/produit\/nail-template-cut-out-500-pcs\/","title":{"rendered":"LCN Nail Template Cut Out, 500 pcs"},"content":{"rendered":"<p>Le gabarit professionnel pour ongles en papier aluminium r\u00e9sistant est id\u00e9al pour allonger et r\u00e9parer les coins fendus ou cass\u00e9s. Gr\u00e2ce \u00e0 sa forme am\u00e9lior\u00e9e, le gabarit autocollant peut \u00eatre utilis\u00e9 de mani\u00e8re flexible sur toutes les formes d\u2019ongles ; une pose pr\u00e9cise sans d\u00e9coupe est garantie. Il se mod\u00e8le facilement et reste bien en place sur l\u2019ongle pendant la mise en forme.  <\/p>\n","protected":false},"excerpt":{"rendered":"<p>Le gabarit professionnel pour ongles en papier aluminium r\u00e9sistant est id\u00e9al pour allonger et r\u00e9parer les coins fendus ou cass\u00e9s. Gr\u00e2ce \u00e0 sa forme am\u00e9lior\u00e9e, le gabarit autocollant peut \u00eatre utilis\u00e9 de mani\u00e8re flexible sur toutes les formes d\u2019ongles ; une pose pr\u00e9cise sans d\u00e9coupe est garantie. Il se mod\u00e8le facilement et reste bien en [&hellip;]<\/p>\n","protected":false},"featured_media":55002,"comment_status":"open","ping_status":"closed","template":"","meta":{"_acf_changed":false},"product_brand":[],"product_cat":[5668,5012,1538,4936,1532,4949,4761,5058],"product_tag":[],"class_list":{"0":"post-55003","1":"product","2":"type-product","3":"status-publish","4":"has-post-thumbnail","6":"product_cat-chablons","7":"product_cat-manucure-chablons","8":"product_cat-colle-tips-formes-fr","9":"product_cat-lcn-fr","10":"product_cat-materiels","11":"product_cat-lcn-ongles-artificiels","12":"product_cat-pose-ongles","13":"product_cat-webshop-fr","15":"first","16":"instock","17":"taxable","18":"shipping-taxable","19":"product-type-simple"},"acf":[],"_links":{"self":[{"href":"https:\/\/sundar.be\/fr\/wp-json\/wp\/v2\/product\/55003","targetHints":{"allow":["GET"]}}],"collection":[{"href":"https:\/\/sundar.be\/fr\/wp-json\/wp\/v2\/product"}],"about":[{"href":"https:\/\/sundar.be\/fr\/wp-json\/wp\/v2\/types\/product"}],"replies":[{"embeddable":true,"href":"https:\/\/sundar.be\/fr\/wp-json\/wp\/v2\/comments?post=55003"}],"wp:featuredmedia":[{"embeddable":true,"href":"https:\/\/sundar.be\/fr\/wp-json\/wp\/v2\/media\/55002"}],"wp:attachment":[{"href":"https:\/\/sundar.be\/fr\/wp-json\/wp\/v2\/media?parent=55003"}],"wp:term":[{"taxonomy":"product_brand","embeddable":true,"href":"https:\/\/sundar.be\/fr\/wp-json\/wp\/v2\/product_brand?post=55003"},{"taxonomy":"product_cat","embeddable":true,"href":"https:\/\/sundar.be\/fr\/wp-json\/wp\/v2\/product_cat?post=55003"},{"taxonomy":"product_tag","embeddable":true,"href":"https:\/\/sundar.be\/fr\/wp-json\/wp\/v2\/product_tag?post=55003"}],"curies":[{"name":"wp","href":"https:\/\/api.w.org\/{rel}","templated":true}]}}