{"id":54999,"date":"2025-08-28T09:07:50","date_gmt":"2025-08-28T07:07:50","guid":{"rendered":"https:\/\/sundar.be\/product\/uv-gel-polish-base-care-10ml\/"},"modified":"2025-12-01T11:29:46","modified_gmt":"2025-12-01T10:29:46","slug":"uv-gel-polish-base-care-10ml","status":"publish","type":"product","link":"https:\/\/sundar.be\/fr\/produit\/uv-gel-polish-base-care-10ml\/","title":{"rendered":"LCN UV-Gel Polish Base &amp; Care, 10ml"},"content":{"rendered":"<p>La <span style=\"color: #557e96;\"><strong data-start=\"69\" data-end=\"98\">UV-Gel Polish Base &amp; Care <\/strong><\/span>est une base coat soin qui renforce et prot\u00e8ge l\u2019ongle naturel pendant l\u2019application du vernis gel. Sa formule associe une technologie d\u2019adh\u00e9rence avanc\u00e9e \u00e0 des extraits v\u00e9g\u00e9taux nourrissants pour une base lisse et saine.<\/p>\n","protected":false},"excerpt":{"rendered":"<p>Une base coat professionnelle qui assure une adh\u00e9rence parfaite tout en rendant les ongles visiblement plus forts et plus sains, gr\u00e2ce \u00e0 une synergie d\u2019actifs nourrissants et hydratants. <\/p>\n","protected":false},"featured_media":54998,"comment_status":"open","ping_status":"closed","template":"","meta":{"_acf_changed":false},"product_brand":[],"product_cat":[4936,4952,4953],"product_tag":[],"class_list":{"0":"post-54999","1":"product","2":"type-product","3":"status-publish","4":"has-post-thumbnail","6":"product_cat-lcn-fr","7":"product_cat-lcn-systemes-de-couleur","8":"product_cat-lcn-systemes-de-couleur-uv-gel-polish","10":"first","11":"instock","12":"taxable","13":"shipping-taxable","14":"product-type-simple"},"acf":[],"_links":{"self":[{"href":"https:\/\/sundar.be\/fr\/wp-json\/wp\/v2\/product\/54999","targetHints":{"allow":["GET"]}}],"collection":[{"href":"https:\/\/sundar.be\/fr\/wp-json\/wp\/v2\/product"}],"about":[{"href":"https:\/\/sundar.be\/fr\/wp-json\/wp\/v2\/types\/product"}],"replies":[{"embeddable":true,"href":"https:\/\/sundar.be\/fr\/wp-json\/wp\/v2\/comments?post=54999"}],"wp:featuredmedia":[{"embeddable":true,"href":"https:\/\/sundar.be\/fr\/wp-json\/wp\/v2\/media\/54998"}],"wp:attachment":[{"href":"https:\/\/sundar.be\/fr\/wp-json\/wp\/v2\/media?parent=54999"}],"wp:term":[{"taxonomy":"product_brand","embeddable":true,"href":"https:\/\/sundar.be\/fr\/wp-json\/wp\/v2\/product_brand?post=54999"},{"taxonomy":"product_cat","embeddable":true,"href":"https:\/\/sundar.be\/fr\/wp-json\/wp\/v2\/product_cat?post=54999"},{"taxonomy":"product_tag","embeddable":true,"href":"https:\/\/sundar.be\/fr\/wp-json\/wp\/v2\/product_tag?post=54999"}],"curies":[{"name":"wp","href":"https:\/\/api.w.org\/{rel}","templated":true}]}}