{"id":54829,"date":"2025-08-27T07:57:28","date_gmt":"2025-08-27T05:57:28","guid":{"rendered":"https:\/\/sundar.be\/product\/display-generique\/"},"modified":"2025-11-25T17:06:03","modified_gmt":"2025-11-25T16:06:03","slug":"display-generique","status":"publish","type":"product","link":"https:\/\/sundar.be\/fr\/produit\/display-generique\/","title":{"rendered":"LCN Pr\u00e9sentoir G\u00e9n\u00e9ral"},"content":{"rendered":"<p>Le pr\u00e9sentoir de travail ou de vente id\u00e9al pour les produits Perfect Manicure.<\/p>\n<p>Dimensions : L : 33 cm, H : 34 cm, P : 11 cm<\/p>\n","protected":false},"excerpt":{"rendered":"<p>Le pr\u00e9sentoir de travail ou de vente id\u00e9al pour les produits Perfect Manicure. Dimensions : L : 33 cm, H : 34 cm, P : 11 cm<\/p>\n","protected":false},"featured_media":54828,"comment_status":"open","ping_status":"closed","template":"","meta":{"_acf_changed":false},"product_brand":[],"product_cat":[4936,6235,1440,4907],"product_tag":[],"class_list":{"0":"post-54829","1":"product","2":"type-product","3":"status-publish","4":"has-post-thumbnail","6":"product_cat-lcn-fr","7":"product_cat-lcn-soins-mains-presentoirs-sets","8":"product_cat-lcn-soin-de-mains","9":"product_cat-soins","11":"first","12":"instock","13":"taxable","14":"shipping-taxable","15":"product-type-simple"},"acf":[],"_links":{"self":[{"href":"https:\/\/sundar.be\/fr\/wp-json\/wp\/v2\/product\/54829","targetHints":{"allow":["GET"]}}],"collection":[{"href":"https:\/\/sundar.be\/fr\/wp-json\/wp\/v2\/product"}],"about":[{"href":"https:\/\/sundar.be\/fr\/wp-json\/wp\/v2\/types\/product"}],"replies":[{"embeddable":true,"href":"https:\/\/sundar.be\/fr\/wp-json\/wp\/v2\/comments?post=54829"}],"wp:featuredmedia":[{"embeddable":true,"href":"https:\/\/sundar.be\/fr\/wp-json\/wp\/v2\/media\/54828"}],"wp:attachment":[{"href":"https:\/\/sundar.be\/fr\/wp-json\/wp\/v2\/media?parent=54829"}],"wp:term":[{"taxonomy":"product_brand","embeddable":true,"href":"https:\/\/sundar.be\/fr\/wp-json\/wp\/v2\/product_brand?post=54829"},{"taxonomy":"product_cat","embeddable":true,"href":"https:\/\/sundar.be\/fr\/wp-json\/wp\/v2\/product_cat?post=54829"},{"taxonomy":"product_tag","embeddable":true,"href":"https:\/\/sundar.be\/fr\/wp-json\/wp\/v2\/product_tag?post=54829"}],"curies":[{"name":"wp","href":"https:\/\/api.w.org\/{rel}","templated":true}]}}