{"id":54784,"date":"2025-08-06T08:12:43","date_gmt":"2025-08-06T06:12:43","guid":{"rendered":"https:\/\/sundar.be\/product\/pedibaehr-mousse-creme-a-la-propolis-125ml\/"},"modified":"2025-12-01T12:37:15","modified_gmt":"2025-12-01T11:37:15","slug":"pedibaehr-mousse-creme-a-la-propolis-125ml","status":"publish","type":"product","link":"https:\/\/sundar.be\/fr\/produit\/pedibaehr-mousse-creme-a-la-propolis-125ml\/","title":{"rendered":"PEDIBAEHR Cr\u00e8me-Mousse au Propolis (Miel) 125ml"},"content":{"rendered":"<p>La <span style=\"color: #557e96;\"><strong>PEDIBAEHR Cr\u00e8me-Mousse au Propolis<\/strong><\/span> est une lotion mousse l\u00e9g\u00e8re et intens\u00e9ment nourrissante qui prot\u00e8ge et soigne la peau s\u00e8che, rugueuse et sensible des pieds. Gr\u00e2ce \u00e0 la combinaison de propolis, d\u2019huiles nutritives et d\u2019actifs doux, cette mousse soutient la r\u00e9g\u00e9n\u00e9ration naturelle de la peau, r\u00e9duit les rugosit\u00e9s et assure une hydratation durable sans laisser de film gras. Parfaite pour un soin quotidien des pieds ax\u00e9 sur le confort, l\u2019hygi\u00e8ne et la r\u00e9paration cutan\u00e9e.  <\/p>\n","protected":false},"excerpt":{"rendered":"<p>Cette cr\u00e8me-mousse riche nourrit et prot\u00e8ge les pieds secs et sensibles gr\u00e2ce \u00e0 la propolis, \u00e0 l\u2019huile d\u2019amande douce et \u00e0 l\u2019huile de jojoba. Sa texture a\u00e9rienne p\u00e9n\u00e8tre rapidement et laisse la peau souple, soign\u00e9e et confortable. <\/p>\n","protected":false},"featured_media":54783,"comment_status":"open","ping_status":"closed","template":"","meta":{"_acf_changed":false},"product_brand":[],"product_cat":[5265,4972,6057,4755,5796,4996],"product_tag":[],"class_list":{"0":"post-54784","1":"product","2":"type-product","3":"status-publish","4":"has-post-thumbnail","6":"product_cat-mousses-pieds","7":"product_cat-nos-marques","8":"product_cat-pedibaehr-fr","9":"product_cat-pedicure","10":"product_cat-soins-pieds-marque","11":"product_cat-soins-quotidiens-des-pieds","13":"first","14":"instock","15":"taxable","16":"shipping-taxable","17":"product-type-simple"},"acf":[],"_links":{"self":[{"href":"https:\/\/sundar.be\/fr\/wp-json\/wp\/v2\/product\/54784","targetHints":{"allow":["GET"]}}],"collection":[{"href":"https:\/\/sundar.be\/fr\/wp-json\/wp\/v2\/product"}],"about":[{"href":"https:\/\/sundar.be\/fr\/wp-json\/wp\/v2\/types\/product"}],"replies":[{"embeddable":true,"href":"https:\/\/sundar.be\/fr\/wp-json\/wp\/v2\/comments?post=54784"}],"wp:featuredmedia":[{"embeddable":true,"href":"https:\/\/sundar.be\/fr\/wp-json\/wp\/v2\/media\/54783"}],"wp:attachment":[{"href":"https:\/\/sundar.be\/fr\/wp-json\/wp\/v2\/media?parent=54784"}],"wp:term":[{"taxonomy":"product_brand","embeddable":true,"href":"https:\/\/sundar.be\/fr\/wp-json\/wp\/v2\/product_brand?post=54784"},{"taxonomy":"product_cat","embeddable":true,"href":"https:\/\/sundar.be\/fr\/wp-json\/wp\/v2\/product_cat?post=54784"},{"taxonomy":"product_tag","embeddable":true,"href":"https:\/\/sundar.be\/fr\/wp-json\/wp\/v2\/product_tag?post=54784"}],"curies":[{"name":"wp","href":"https:\/\/api.w.org\/{rel}","templated":true}]}}