{"id":54780,"date":"2025-08-06T08:06:29","date_gmt":"2025-08-06T06:06:29","guid":{"rendered":"https:\/\/sundar.be\/product\/pedibaehr-mousse-creme-a-la-rose-avec-uree-125ml\/"},"modified":"2025-12-01T12:37:06","modified_gmt":"2025-12-01T11:37:06","slug":"pedibaehr-mousse-creme-a-la-rose-avec-uree-125ml","status":"publish","type":"product","link":"https:\/\/sundar.be\/fr\/produit\/pedibaehr-mousse-creme-a-la-rose-avec-uree-125ml\/","title":{"rendered":"PEDIBAEHR Mousse Cr\u00e8me \u00e0 la Rose avec Ur\u00e9e 125ml"},"content":{"rendered":"<p>La <span style=\"color: #557e96;\"><strong>PEDIBAEHR Cr\u00e8me-Mousse \u00e0 la Rose avec Ur\u00e9e<\/strong><\/span> est un soin doux et luxueux en texture mousse, qui hydrate intens\u00e9ment et adoucit les pieds secs et sensibles. L\u2019association d\u2019ur\u00e9e, d\u2019huiles v\u00e9g\u00e9tales, de panth\u00e9nol et d\u2019huile de rose aide \u00e0 restaurer la barri\u00e8re cutan\u00e9e, \u00e0 r\u00e9duire les rugosit\u00e9s et \u00e0 laisser la peau souple et confortable. Son parfum \u00e9l\u00e9gant et d\u00e9licat de rose en fait le soin id\u00e9al pour celles et ceux qui souhaitent allier efficacit\u00e9 et bien-\u00eatre.  <\/p>\n","protected":false},"excerpt":{"rendered":"<p>Cette mousse onctueuse pour les pieds hydrate et adoucit la peau s\u00e8che gr\u00e2ce \u00e0 l\u2019ur\u00e9e, au panth\u00e9nol et aux huiles v\u00e9g\u00e9tales. La peau devient souple, lisse et parfaitement nourrie, envelopp\u00e9e d\u2019un l\u00e9ger parfum de rose. <\/p>\n","protected":false},"featured_media":54779,"comment_status":"open","ping_status":"closed","template":"","meta":{"_acf_changed":false},"product_brand":[],"product_cat":[5265,4972,6057,4755,4996],"product_tag":[],"class_list":{"0":"post-54780","1":"product","2":"type-product","3":"status-publish","4":"has-post-thumbnail","6":"product_cat-mousses-pieds","7":"product_cat-nos-marques","8":"product_cat-pedibaehr-fr","9":"product_cat-pedicure","10":"product_cat-soins-quotidiens-des-pieds","12":"first","13":"instock","14":"taxable","15":"shipping-taxable","16":"product-type-simple"},"acf":[],"_links":{"self":[{"href":"https:\/\/sundar.be\/fr\/wp-json\/wp\/v2\/product\/54780","targetHints":{"allow":["GET"]}}],"collection":[{"href":"https:\/\/sundar.be\/fr\/wp-json\/wp\/v2\/product"}],"about":[{"href":"https:\/\/sundar.be\/fr\/wp-json\/wp\/v2\/types\/product"}],"replies":[{"embeddable":true,"href":"https:\/\/sundar.be\/fr\/wp-json\/wp\/v2\/comments?post=54780"}],"wp:featuredmedia":[{"embeddable":true,"href":"https:\/\/sundar.be\/fr\/wp-json\/wp\/v2\/media\/54779"}],"wp:attachment":[{"href":"https:\/\/sundar.be\/fr\/wp-json\/wp\/v2\/media?parent=54780"}],"wp:term":[{"taxonomy":"product_brand","embeddable":true,"href":"https:\/\/sundar.be\/fr\/wp-json\/wp\/v2\/product_brand?post=54780"},{"taxonomy":"product_cat","embeddable":true,"href":"https:\/\/sundar.be\/fr\/wp-json\/wp\/v2\/product_cat?post=54780"},{"taxonomy":"product_tag","embeddable":true,"href":"https:\/\/sundar.be\/fr\/wp-json\/wp\/v2\/product_tag?post=54780"}],"curies":[{"name":"wp","href":"https:\/\/api.w.org\/{rel}","templated":true}]}}