{"id":54773,"date":"2025-08-06T08:00:59","date_gmt":"2025-08-06T06:00:59","guid":{"rendered":"https:\/\/sundar.be\/product\/pedibaehr-creme-protectrice-a-luree-pour-diabetiques\/"},"modified":"2025-12-01T13:02:01","modified_gmt":"2025-12-01T12:02:01","slug":"pedibaehr-creme-protectrice-a-luree-pour-diabetiques","status":"publish","type":"product","link":"https:\/\/sundar.be\/fr\/produit\/pedibaehr-creme-protectrice-a-luree-pour-diabetiques\/","title":{"rendered":"PEDIBAEHR Cr\u00e8me Protectrice \u00e0 l\u2019Ur\u00e9e pour Diab\u00e9tiques"},"content":{"rendered":"<p>La <span style=\"color: #557e96;\"><strong>PEDIBAEHR Cr\u00e8me Protectrice \u00e0 l\u2019Ur\u00e9e pour Diab\u00e9tiques<\/strong><\/span> est un soin intens\u00e9ment hydratant et protecteur, sp\u00e9cialement formul\u00e9 pour la peau sensible et fragile des pieds diab\u00e9tiques. Enrichie en ur\u00e9e, beurre de karit\u00e9, huiles v\u00e9g\u00e9tales nourrissantes et actifs apaisants, elle renforce la barri\u00e8re cutan\u00e9e, r\u00e9duit la s\u00e9cherheid et soutient la r\u00e9g\u00e9n\u00e9ration naturelle de la peau. Les pieds retrouvent confort, souplesse et hydratation durable, sans sensation de tiraillement.  <\/p>\n","protected":false},"excerpt":{"rendered":"<p>Cette cr\u00e8me protectrice pour pieds diab\u00e9tiques hydrate, adoucit et soutient la peau gr\u00e2ce \u00e0 l\u2019ur\u00e9e, au beurre de karit\u00e9 et aux huiles nutritives. La peau devient imm\u00e9diatement plus souple, confortable et mieux prot\u00e9g\u00e9e. <\/p>\n","protected":false},"featured_media":54768,"comment_status":"open","ping_status":"closed","template":"","meta":{"_acf_changed":false},"product_brand":[],"product_cat":[5000,5054,4972,6057,4755,4999],"product_tag":[],"class_list":{"0":"post-54773","1":"product","2":"type-product","3":"status-publish","4":"has-post-thumbnail","6":"product_cat-callosites-crevasses","7":"product_cat-cremes-diabetiques","8":"product_cat-nos-marques","9":"product_cat-pedibaehr-fr","10":"product_cat-pedicure","11":"product_cat-soins-specifique-pieds","12":"pa_inhoud-125ml-fr","13":"pa_inhoud-30-ml-fr","14":"pa_inhoud-500-ml-fr","16":"first","17":"instock","18":"taxable","19":"shipping-taxable","20":"product-type-variable"},"acf":[],"_links":{"self":[{"href":"https:\/\/sundar.be\/fr\/wp-json\/wp\/v2\/product\/54773","targetHints":{"allow":["GET"]}}],"collection":[{"href":"https:\/\/sundar.be\/fr\/wp-json\/wp\/v2\/product"}],"about":[{"href":"https:\/\/sundar.be\/fr\/wp-json\/wp\/v2\/types\/product"}],"replies":[{"embeddable":true,"href":"https:\/\/sundar.be\/fr\/wp-json\/wp\/v2\/comments?post=54773"}],"wp:featuredmedia":[{"embeddable":true,"href":"https:\/\/sundar.be\/fr\/wp-json\/wp\/v2\/media\/54768"}],"wp:attachment":[{"href":"https:\/\/sundar.be\/fr\/wp-json\/wp\/v2\/media?parent=54773"}],"wp:term":[{"taxonomy":"product_brand","embeddable":true,"href":"https:\/\/sundar.be\/fr\/wp-json\/wp\/v2\/product_brand?post=54773"},{"taxonomy":"product_cat","embeddable":true,"href":"https:\/\/sundar.be\/fr\/wp-json\/wp\/v2\/product_cat?post=54773"},{"taxonomy":"product_tag","embeddable":true,"href":"https:\/\/sundar.be\/fr\/wp-json\/wp\/v2\/product_tag?post=54773"}],"curies":[{"name":"wp","href":"https:\/\/api.w.org\/{rel}","templated":true}]}}