{"id":54762,"date":"2025-08-06T07:47:13","date_gmt":"2025-08-06T05:47:13","guid":{"rendered":"https:\/\/sundar.be\/product\/pedibaehr-beurre-bien%e2%80%91etre-pieds-mangue-orange-75ml\/"},"modified":"2025-12-01T13:09:26","modified_gmt":"2025-12-01T12:09:26","slug":"pedibaehr-beurre-bien%e2%80%91etre-pieds-mangue-orange-75ml","status":"publish","type":"product","link":"https:\/\/sundar.be\/fr\/produit\/pedibaehr-beurre-bien%e2%80%91etre-pieds-mangue-orange-75ml\/","title":{"rendered":"PEDIBAEHR Beurre pour les Pieds Wellness Mangue\/Orange, 75ml"},"content":{"rendered":"<p>Le <span style=\"color: #557e96;\"><strong>PEDIBAEHR Beurre pour les Pieds Wellness Mangue\/Orange<\/strong><\/span> est un soin riche et onctueux qui nourrit intens\u00e9ment les pieds secs, rugueux et fatigu\u00e9s. Gr\u00e2ce \u00e0 la combinaison de beurre de karit\u00e9, de beurre de mangue, d\u2019huile d\u2019olive et d\u2019huiles essentielles d\u2019agrumes, ce soin offre une hydratation profonde tout en enveloppant les pieds d\u2019un parfum frais et tropical de mangue et d\u2019orange. Id\u00e9al pour celles et ceux qui recherchent un soin luxueux, fondant et revitalisant.  <\/p>\n","protected":false},"excerpt":{"rendered":"<p>Ce beurre nourrissant pour les pieds, \u00e0 base de karit\u00e9, de beurre de mangue et d\u2019huile d\u2019olive, rend les pieds secs soyeux et souples. La combinaison fra\u00eeche de mangue et d\u2019orange offre une exp\u00e9rience sensorielle \u00e9nergisante et parfaitement soignante. <\/p>\n","protected":false},"featured_media":54761,"comment_status":"open","ping_status":"closed","template":"","meta":{"_acf_changed":false},"product_brand":[],"product_cat":[4998,4972,6057,4755,4996],"product_tag":[],"class_list":{"0":"post-54762","1":"product","2":"type-product","3":"status-publish","4":"has-post-thumbnail","6":"product_cat-cremes-lotions-pieds","7":"product_cat-nos-marques","8":"product_cat-pedibaehr-fr","9":"product_cat-pedicure","10":"product_cat-soins-quotidiens-des-pieds","12":"first","13":"instock","14":"taxable","15":"shipping-taxable","16":"product-type-simple"},"acf":[],"_links":{"self":[{"href":"https:\/\/sundar.be\/fr\/wp-json\/wp\/v2\/product\/54762","targetHints":{"allow":["GET"]}}],"collection":[{"href":"https:\/\/sundar.be\/fr\/wp-json\/wp\/v2\/product"}],"about":[{"href":"https:\/\/sundar.be\/fr\/wp-json\/wp\/v2\/types\/product"}],"replies":[{"embeddable":true,"href":"https:\/\/sundar.be\/fr\/wp-json\/wp\/v2\/comments?post=54762"}],"wp:featuredmedia":[{"embeddable":true,"href":"https:\/\/sundar.be\/fr\/wp-json\/wp\/v2\/media\/54761"}],"wp:attachment":[{"href":"https:\/\/sundar.be\/fr\/wp-json\/wp\/v2\/media?parent=54762"}],"wp:term":[{"taxonomy":"product_brand","embeddable":true,"href":"https:\/\/sundar.be\/fr\/wp-json\/wp\/v2\/product_brand?post=54762"},{"taxonomy":"product_cat","embeddable":true,"href":"https:\/\/sundar.be\/fr\/wp-json\/wp\/v2\/product_cat?post=54762"},{"taxonomy":"product_tag","embeddable":true,"href":"https:\/\/sundar.be\/fr\/wp-json\/wp\/v2\/product_tag?post=54762"}],"curies":[{"name":"wp","href":"https:\/\/api.w.org\/{rel}","templated":true}]}}