{"id":54755,"date":"2025-08-05T17:14:23","date_gmt":"2025-08-05T15:14:23","guid":{"rendered":"https:\/\/sundar.be\/product\/refectocil-brow-styling-strips\/"},"modified":"2025-11-14T10:28:48","modified_gmt":"2025-11-14T09:28:48","slug":"refectocil-brow-styling-strips","status":"publish","type":"product","link":"https:\/\/sundar.be\/fr\/produit\/refectocil-brow-styling-strips\/","title":{"rendered":"RefectoCil Brow Styling Strips"},"content":{"rendered":"<p>RefectoCil Wow Brow Styling Strips \u2013 Le nouveau must-have pour des sourcils parfaitement dessin\u00e9s.<br \/>\nAvec les Wow Brow Styling Strips de RefectoCil, cr\u00e9ez des sourcils parfaitement structur\u00e9s en seulement 2 minutes.<\/p>\n<ul>\n<li>Bandes de cire uniques adapt\u00e9es \u00e0 toutes les formes de sourcils<\/li>\n<li>Proportion id\u00e9ale : 2\/3 vers le haut, 1\/3 vers le bas<\/li>\n<li>Effet liftant visuel imm\u00e9diat<\/li>\n<li>Deux \u00e9tapes simples : mise en forme et coloration<\/li>\n<li>En cas de teinture simultan\u00e9e, les bandes servent de pochoir<\/li>\n<li>Les poils indisciplin\u00e9s sont retir\u00e9s \u00e0 la racine<\/li>\n<\/ul>\n<p><strong>Contenu : 30 applications<\/strong><\/p>\n<ul>\n<li>3 x 10 bandes pour sourcils parfaitement form\u00e9es<\/li>\n<li>3 x 10 bandes sablier, id\u00e9ales pour la zone entre les sourcils ou au-dessus<\/li>\n<\/ul>\n","protected":false},"excerpt":{"rendered":"<p>RefectoCil Wow Brow Styling Strips \u2013 Le nouveau must-have pour des sourcils parfaitement dessin\u00e9s. Avec les Wow Brow Styling Strips de RefectoCil, cr\u00e9ez des sourcils parfaitement structur\u00e9s en seulement 2 minutes. Bandes de cire uniques adapt\u00e9es \u00e0 toutes les formes de sourcils Proportion id\u00e9ale : 2\/3 vers le haut, 1\/3 vers le bas Effet liftant [&hellip;]<\/p>\n","protected":false},"featured_media":54754,"comment_status":"open","ping_status":"closed","template":"","meta":{"_acf_changed":false},"product_brand":[],"product_cat":[4767,4446,4448],"product_tag":[],"class_list":{"0":"post-54755","1":"product","2":"type-product","3":"status-publish","4":"has-post-thumbnail","6":"product_cat-beaute","7":"product_cat-cils-sourcils","8":"product_cat-beaute-refectocil","10":"first","11":"instock","12":"taxable","13":"shipping-taxable","14":"product-type-simple"},"acf":[],"_links":{"self":[{"href":"https:\/\/sundar.be\/fr\/wp-json\/wp\/v2\/product\/54755","targetHints":{"allow":["GET"]}}],"collection":[{"href":"https:\/\/sundar.be\/fr\/wp-json\/wp\/v2\/product"}],"about":[{"href":"https:\/\/sundar.be\/fr\/wp-json\/wp\/v2\/types\/product"}],"replies":[{"embeddable":true,"href":"https:\/\/sundar.be\/fr\/wp-json\/wp\/v2\/comments?post=54755"}],"wp:featuredmedia":[{"embeddable":true,"href":"https:\/\/sundar.be\/fr\/wp-json\/wp\/v2\/media\/54754"}],"wp:attachment":[{"href":"https:\/\/sundar.be\/fr\/wp-json\/wp\/v2\/media?parent=54755"}],"wp:term":[{"taxonomy":"product_brand","embeddable":true,"href":"https:\/\/sundar.be\/fr\/wp-json\/wp\/v2\/product_brand?post=54755"},{"taxonomy":"product_cat","embeddable":true,"href":"https:\/\/sundar.be\/fr\/wp-json\/wp\/v2\/product_cat?post=54755"},{"taxonomy":"product_tag","embeddable":true,"href":"https:\/\/sundar.be\/fr\/wp-json\/wp\/v2\/product_tag?post=54755"}],"curies":[{"name":"wp","href":"https:\/\/api.w.org\/{rel}","templated":true}]}}