{"id":54746,"date":"2025-08-05T17:10:16","date_gmt":"2025-08-05T15:10:16","guid":{"rendered":"https:\/\/sundar.be\/product\/refectocil-lash-perm-roller\/"},"modified":"2025-08-05T17:12:20","modified_gmt":"2025-08-05T15:12:20","slug":"refectocil-lash-perm-roller","status":"publish","type":"product","link":"https:\/\/sundar.be\/fr\/produit\/refectocil-lash-perm-roller\/","title":{"rendered":"RefectoCil Lash Perm Roller"},"content":{"rendered":"<p>Avec un choix parmi 5 tailles de rouleaux, vous pouvez cr\u00e9er la courbure parfaite, quelle que soit la forme ou la longueur des cils.<\/p>\n<p>Utilisation : Plus les cils sont courts et plus l\u2019effet de courbure souhait\u00e9 est prononc\u00e9, plus la taille du rouleau doit \u00eatre petite.<\/p>\n<p>Les recharges Lash Perm Rollers sont disponibles en :<\/p>\n<ul>\n<li>36 pcs. S <\/li>\n<li>36 pcs. M <\/li>\n<li>36 pcs. L <\/li>\n<li>36 pcs. XL <\/li>\n<li>36 pcs. XXL <\/li>\n<\/ul>\n<p>Cet article fait partie du kit de permanente Lash Perm, mais peut \u00eatre command\u00e9 s\u00e9par\u00e9ment.<\/p>\n","protected":false},"excerpt":{"rendered":"<p>Avec un choix parmi 5 tailles de rouleaux, vous pouvez cr\u00e9er la courbure parfaite, quelle que soit la forme ou la longueur des cils. Utilisation : Plus les cils sont courts et plus l\u2019effet de courbure souhait\u00e9 est prononc\u00e9, plus la taille du rouleau doit \u00eatre petite. Les recharges Lash Perm Rollers sont disponibles en [&hellip;]<\/p>\n","protected":false},"featured_media":54744,"comment_status":"open","ping_status":"closed","template":"","meta":{"_acf_changed":false},"product_brand":[],"product_cat":[4767,4456,4446,4448],"product_tag":[],"class_list":{"0":"post-54746","1":"product","2":"type-product","3":"status-publish","4":"has-post-thumbnail","6":"product_cat-beaute","7":"product_cat-borsses-cils-accessoires","8":"product_cat-cils-sourcils","9":"product_cat-beaute-refectocil","10":"pa_maat-l-fr","11":"pa_maat-m-fr","12":"pa_maat-s-fr","13":"pa_maat-xl-fr","14":"pa_maat-xxl-fr","16":"first","17":"instock","18":"taxable","19":"shipping-taxable","20":"product-type-variable"},"acf":[],"_links":{"self":[{"href":"https:\/\/sundar.be\/fr\/wp-json\/wp\/v2\/product\/54746","targetHints":{"allow":["GET"]}}],"collection":[{"href":"https:\/\/sundar.be\/fr\/wp-json\/wp\/v2\/product"}],"about":[{"href":"https:\/\/sundar.be\/fr\/wp-json\/wp\/v2\/types\/product"}],"replies":[{"embeddable":true,"href":"https:\/\/sundar.be\/fr\/wp-json\/wp\/v2\/comments?post=54746"}],"wp:featuredmedia":[{"embeddable":true,"href":"https:\/\/sundar.be\/fr\/wp-json\/wp\/v2\/media\/54744"}],"wp:attachment":[{"href":"https:\/\/sundar.be\/fr\/wp-json\/wp\/v2\/media?parent=54746"}],"wp:term":[{"taxonomy":"product_brand","embeddable":true,"href":"https:\/\/sundar.be\/fr\/wp-json\/wp\/v2\/product_brand?post=54746"},{"taxonomy":"product_cat","embeddable":true,"href":"https:\/\/sundar.be\/fr\/wp-json\/wp\/v2\/product_cat?post=54746"},{"taxonomy":"product_tag","embeddable":true,"href":"https:\/\/sundar.be\/fr\/wp-json\/wp\/v2\/product_tag?post=54746"}],"curies":[{"name":"wp","href":"https:\/\/api.w.org\/{rel}","templated":true}]}}