{"id":54721,"date":"2025-08-05T16:57:25","date_gmt":"2025-08-05T14:57:25","guid":{"rendered":"https:\/\/sundar.be\/product\/refectocil-eyelash-lift-kit\/"},"modified":"2025-08-05T17:00:27","modified_gmt":"2025-08-05T15:00:27","slug":"refectocil-eyelash-lift-kit","status":"publish","type":"product","link":"https:\/\/sundar.be\/fr\/produit\/refectocil-eyelash-lift-kit\/","title":{"rendered":"RefectoCil Eyelash Lift Kit"},"content":{"rendered":"<p>RefectoCil Eyelash Lift \u2013 pour un regard intense et ouvert !<\/p>\n<p>Jusqu\u2019\u00e0 36 traitements<\/p>\n<p>Sa formule unique agit en 8 + 5 minutes seulement et contient du collag\u00e8ne et de la cyst\u00e9ine. Avec le RefectoCil Eyelash Lift, vos propres cils paraissent visiblement plus longs et vos yeux plus expressifs. Gr\u00e2ce aux pads en silicone disponibles en 3 tailles, chaque cliente trouve la forme qui lui convient.<br \/>Le r\u00e9sultat dure de 4 \u00e0 6 semaines.   <\/p>\n<p>Remarque ! l\u2019utilisation de la Saline Solution est essentielle pour garantir un r\u00e9sultat optimal.<\/p>\n<p>Les pads de lifting sont r\u00e9utilisables pour plusieurs traitements.<\/p>\n","protected":false},"excerpt":{"rendered":"<p>RefectoCil Eyelash Lift \u2013 pour un regard intense et ouvert ! Jusqu\u2019\u00e0 36 traitements Sa formule unique agit en 8 + 5 minutes seulement et contient du collag\u00e8ne et de la cyst\u00e9ine. Avec le RefectoCil Eyelash Lift, vos propres cils paraissent visiblement plus longs et vos yeux plus expressifs. Gr\u00e2ce aux pads en silicone disponibles [&hellip;]<\/p>\n","protected":false},"featured_media":54718,"comment_status":"open","ping_status":"closed","template":"","meta":{"_acf_changed":false},"product_brand":[],"product_cat":[4767,4446,4448],"product_tag":[],"class_list":{"0":"post-54721","1":"product","2":"type-product","3":"status-publish","4":"has-post-thumbnail","6":"product_cat-beaute","7":"product_cat-cils-sourcils","8":"product_cat-beaute-refectocil","10":"first","11":"instock","12":"taxable","13":"shipping-taxable","14":"product-type-simple"},"acf":[],"_links":{"self":[{"href":"https:\/\/sundar.be\/fr\/wp-json\/wp\/v2\/product\/54721","targetHints":{"allow":["GET"]}}],"collection":[{"href":"https:\/\/sundar.be\/fr\/wp-json\/wp\/v2\/product"}],"about":[{"href":"https:\/\/sundar.be\/fr\/wp-json\/wp\/v2\/types\/product"}],"replies":[{"embeddable":true,"href":"https:\/\/sundar.be\/fr\/wp-json\/wp\/v2\/comments?post=54721"}],"wp:featuredmedia":[{"embeddable":true,"href":"https:\/\/sundar.be\/fr\/wp-json\/wp\/v2\/media\/54718"}],"wp:attachment":[{"href":"https:\/\/sundar.be\/fr\/wp-json\/wp\/v2\/media?parent=54721"}],"wp:term":[{"taxonomy":"product_brand","embeddable":true,"href":"https:\/\/sundar.be\/fr\/wp-json\/wp\/v2\/product_brand?post=54721"},{"taxonomy":"product_cat","embeddable":true,"href":"https:\/\/sundar.be\/fr\/wp-json\/wp\/v2\/product_cat?post=54721"},{"taxonomy":"product_tag","embeddable":true,"href":"https:\/\/sundar.be\/fr\/wp-json\/wp\/v2\/product_tag?post=54721"}],"curies":[{"name":"wp","href":"https:\/\/api.w.org\/{rel}","templated":true}]}}